{"id":12467,"date":"2020-03-13T10:59:07","date_gmt":"2020-03-13T10:59:07","guid":{"rendered":"https:\/\/www.algebris.com\/algebris-investments\/"},"modified":"2025-11-24T09:13:44","modified_gmt":"2025-11-24T09:13:44","slug":"algebris-investments","status":"publish","type":"page","link":"https:\/\/www.algebris.com\/de\/","title":{"rendered":"Algebris Investments"},"content":{"rendered":"\n<div class=\"insights\">\n    \n<div class=\"insights__top-post\">\n\n    <div class=\"top-content\">\n        <h3 class=\"main-title\">Insights<\/h3>\n        <img loading=\"lazy\" decoding=\"async\" width=\"1920\" height=\"1280\" src=\"https:\/\/media.algebris.com\/content\/AdobeStock_494349254_web.jpg\" class=\"attachment-post-thumbnail size-post-thumbnail wp-post-image\" alt=\"\" srcset=\"https:\/\/media.algebris.com\/content\/AdobeStock_494349254_web.jpg 1920w, https:\/\/media.algebris.com\/content\/AdobeStock_494349254_web-500x333.jpg 500w, https:\/\/media.algebris.com\/content\/AdobeStock_494349254_web-1024x683.jpg 1024w, https:\/\/media.algebris.com\/content\/AdobeStock_494349254_web-768x512.jpg 768w, https:\/\/media.algebris.com\/content\/AdobeStock_494349254_web-1536x1024.jpg 1536w\" sizes=\"auto, (max-width: 1920px) 100vw, 1920px\" \/>        <div class=\"tags\">\n                            <span class=\"tag category\">Marktmeinungen<\/span>\n                            <span class=\"tag asset-class\">Anleihen<\/span>\n                            <span class=\"tag algebris-themes\">Globale Anleihen<\/span>\n                    <\/div>\n        <h2 class=\"title\">GLOBAL CREDIT BULLETS | Montag, 27. April 2026<\/h2>\n        <div class=\"content\">\n            <p>Iran \u2013 Waffenstillstand verschoben, \u00d6lpreis gestiegen Eine weitere Woche, eine weitere Runde schlagzeilengetriebener Volatilit\u00e4t, da sich die Verhandlungen erneut verz\u00f6gert haben. Anfang letzter Woche fanden die geplanten Gespr\u00e4che zwischen den USA und dem Iran nicht statt, was die Fragilit\u00e4t des diplomatischen Prozesses noch deutlicher machte. Berichten vom vergangenen Donnerstag zufolge soll sich Mohammad Ghalibaf aus [&hellip;]<\/p>\n        <\/div>\n        <div class=\"date\">\n            April 27, 2026        <\/div>\n        <a class=\"button big\" href=\"https:\/\/www.algebris.com\/de\/market-views-de\/global-credit-bullets-montag-27-april-2026\/\">Lesen Sie weiter<\/a>\n    <\/div>\n\n    <div class=\"sidebar\">\n        <div class=\"sidebar__innerblock\">\n\n<div class=\"recent-factsheets\">\n    <div class=\"acf-innerblocks-container\">\n\n<h2 class=\"wp-block-heading main-title\">Factsheets<\/h2>\n\n<\/div>\n    <div class=\"factsheets-container\">\n\n                    <div class=\"factsheet-wrapper\">\n                <a href=\"https:\/\/media.algebris.com\/algebris\/Factsheets\/Archives\/IG\/DE\/Algebris_IG_Financial_Credit_Fund_(UCITS)_-_R_EUR_-_March_-_2026_-_DE.pdf\" target=\"_blank\" download=\"Algebris IG Financial Credit Fund (UCITS) - R EUR - March - 2026 - DE\">Algebris IG Financial Credit Fund<\/a>\n                <span class=\"info\">R EUR | April 2026<\/span>\n            <\/div>\n                    <div class=\"factsheet-wrapper\">\n                <a href=\"https:\/\/media.algebris.com\/algebris\/Factsheets\/Archives\/GFU\/DE\/Algebris_Financial_Credit_Fund_(UCITS)_-_R_EUR_-_March_-_2026_-_DE.pdf\" target=\"_blank\" download=\"Algebris Financial Credit Fund (UCITS) - R EUR - March - 2026 - DE\">Algebris Financial Credit Fund<\/a>\n                <span class=\"info\">R EUR | April 2026<\/span>\n            <\/div>\n                    <div class=\"factsheet-wrapper\">\n                <a href=\"https:\/\/media.algebris.com\/algebris\/Factsheets\/Archives\/MCF\/DE\/Algebris_Global_Credit_Opportunities_Fund_(UCITS)_-_R_EUR_-_March_-_2026_-_DE.pdf\" target=\"_blank\" download=\"Algebris Global Credit Opportunities Fund (UCITS) - R EUR - March - 2026 - DE\">Algebris Global Credit Opportunities Fund<\/a>\n                <span class=\"info\">R EUR | April 2026<\/span>\n            <\/div>\n                    <div class=\"factsheet-wrapper\">\n                <a href=\"https:\/\/media.algebris.com\/algebris\/Factsheets\/Archives\/FIF\/DE\/Algebris_Financial_Income_Fund_(UCITS)_-_R_EUR_-_March_-_2026_-_DE.pdf\" target=\"_blank\" download=\"Algebris Financial Income Fund (UCITS) - R EUR - March - 2026 - DE\">Algebris Financial Income Fund<\/a>\n                <span class=\"info\">R EUR | April 2026<\/span>\n            <\/div>\n                    <div class=\"factsheet-wrapper\">\n                <a href=\"https:\/\/media.algebris.com\/algebris\/Factsheets\/Archives\/FEF\/DE\/Algebris_Financial_Equity_Fund_(UCITS)_-_R_EUR_-_March_-_2026_-_DE.pdf\" target=\"_blank\" download=\"Algebris Financial Equity Fund (UCITS) - R EUR - March - 2026 - DE\">Algebris Financial Equity Fund<\/a>\n                <span class=\"info\">R EUR | April 2026<\/span>\n            <\/div>\n        \n    <\/div>\n<\/div>\n<\/div>\n    <\/div>\n\n<\/div>        <div class=\"insights__posts\">\n            \n<div class=\"post-content\">\n    <img loading=\"lazy\" decoding=\"async\" width=\"1400\" height=\"933\" src=\"https:\/\/media.algebris.com\/content\/AdobeStock_163515990_web.jpg\" class=\"attachment-post-thumbnail size-post-thumbnail wp-post-image\" alt=\"\" srcset=\"https:\/\/media.algebris.com\/content\/AdobeStock_163515990_web.jpg 1400w, https:\/\/media.algebris.com\/content\/AdobeStock_163515990_web-500x333.jpg 500w, https:\/\/media.algebris.com\/content\/AdobeStock_163515990_web-1024x682.jpg 1024w, https:\/\/media.algebris.com\/content\/AdobeStock_163515990_web-768x512.jpg 768w\" sizes=\"auto, (max-width: 1400px) 100vw, 1400px\" \/>    <div class=\"tags\">\n                    <span class=\"tag category\">Marktmeinungen<\/span>\n                    <span class=\"tag asset-class\">Anleihen<\/span>\n                    <span class=\"tag algebris-themes\">Globale Anleihen<\/span>\n            <\/div>\n    <h3 class=\"title\">GLOBAL CREDIT BULLETS | Montag, 20. April 2026<\/h3>\n    <div class=\"content\">\n        <p>M\u00e4rkte \u2013 Der Krieg ist vorbei Die Hoffnung auf eine dauerhafte Einigung im Nahostkonflikt ist mittlerweile weit verbreitet und treibt die Risikom\u00e4rkte wieder auf H\u00f6chstst\u00e4nde. Auch wenn die Rhetorik bisweilen harsch ist, zeigen sowohl die USA als auch der Iran ein recht starkes Interesse an einer Einigung. Die M\u00e4rkte konzentrieren sich daher mehr auf Absichten [&hellip;]<\/p>\n    <\/div>\n    <div class=\"date\">\n        April 20, 2026    <\/div>\n    <div class=\"button-wrapper\">\n        <a class=\"button simple\" href=\"https:\/\/www.algebris.com\/de\/market-views-de\/global-credit-bullets-montag-20-april-2026\/\">Lesen Sie weiter<\/a>\n    <\/div>\n<\/div>\n<div class=\"post-content\">\n    <img loading=\"lazy\" decoding=\"async\" width=\"1400\" height=\"933\" src=\"https:\/\/media.algebris.com\/content\/AdobeStock_551335810_web.jpg\" class=\"attachment-post-thumbnail size-post-thumbnail wp-post-image\" alt=\"\" srcset=\"https:\/\/media.algebris.com\/content\/AdobeStock_551335810_web.jpg 1400w, https:\/\/media.algebris.com\/content\/AdobeStock_551335810_web-500x333.jpg 500w, https:\/\/media.algebris.com\/content\/AdobeStock_551335810_web-1024x682.jpg 1024w, https:\/\/media.algebris.com\/content\/AdobeStock_551335810_web-768x512.jpg 768w\" sizes=\"auto, (max-width: 1400px) 100vw, 1400px\" \/>    <div class=\"tags\">\n                    <span class=\"tag category\">Marktmeinungen<\/span>\n                    <span class=\"tag asset-class\">Anleihen<\/span>\n                    <span class=\"tag algebris-themes\">Globale Anleihen<\/span>\n            <\/div>\n    <h3 class=\"title\">GLOBAL CREDIT BULLETS | Montag, 13. April 2026<\/h3>\n    <div class=\"content\">\n        <p>Iran \u2013 Von Raketen zu Gespr\u00e4chen: Ein 10-Punkte-Waffenstillstand Letzte Woche k\u00fcndigte Pr\u00e4sident Trump einen zweiw\u00f6chigen Waffenstillstand mit dem Iran an. Damit beendete er eine Eskalation, die sich auf mehrere Fronten in der Region ausgeweitet hatte. W\u00e4hrend am Tag der Ank\u00fcndigung noch Raketen und Drohnen zum Einsatz kamen, gingen die Angriffe kurz darauf rasch auf nahezu [&hellip;]<\/p>\n    <\/div>\n    <div class=\"date\">\n        April 13, 2026    <\/div>\n    <div class=\"button-wrapper\">\n        <a class=\"button simple\" href=\"https:\/\/www.algebris.com\/de\/market-views-de\/global-credit-bullets-montag-13-april-2026\/\">Lesen Sie weiter<\/a>\n    <\/div>\n<\/div>\n<div class=\"post-content\">\n    <img loading=\"lazy\" decoding=\"async\" width=\"1400\" height=\"933\" src=\"https:\/\/media.algebris.com\/content\/AdobeStock_1758558420_web.jpg\" class=\"attachment-post-thumbnail size-post-thumbnail wp-post-image\" alt=\"\" srcset=\"https:\/\/media.algebris.com\/content\/AdobeStock_1758558420_web.jpg 1400w, https:\/\/media.algebris.com\/content\/AdobeStock_1758558420_web-500x333.jpg 500w, https:\/\/media.algebris.com\/content\/AdobeStock_1758558420_web-1024x682.jpg 1024w, https:\/\/media.algebris.com\/content\/AdobeStock_1758558420_web-768x512.jpg 768w\" sizes=\"auto, (max-width: 1400px) 100vw, 1400px\" \/>    <div class=\"tags\">\n                    <span class=\"tag category\">Marktmeinungen<\/span>\n                    <span class=\"tag asset-class\">Anleihen<\/span>\n                    <span class=\"tag algebris-themes\">Globale Anleihen<\/span>\n            <\/div>\n    <h3 class=\"title\">GLOBAL CREDIT BULLETS | Dienstag, 7. April 2026<\/h3>\n    <div class=\"content\">\n        <p>Iran \u2013 zwischen Ausweg und Eskalation Der Konflikt im Iran dauert nun bereits den zweiten Monat an, und die Unsicherheit nimmt weiter zu. Die Kommunikation seitens der Trump-Regierung war widerspr\u00fcchlich und zeitweise unklar. In seiner Ansprache am vergangenen Mittwoch skizzierte der Pr\u00e4sident die Entwicklungen, gab jedoch kaum Hinweise auf einen m\u00f6glichen Ausgang. Er bekr\u00e4ftigte, dass [&hellip;]<\/p>\n    <\/div>\n    <div class=\"date\">\n        April 7, 2026    <\/div>\n    <div class=\"button-wrapper\">\n        <a class=\"button simple\" href=\"https:\/\/www.algebris.com\/de\/market-views-de\/global-credit-bullets-dienstag-7-april-2026\/\">Lesen Sie weiter<\/a>\n    <\/div>\n<\/div>        <\/div>\n        <a class=\"button big\" href=\"https:\/\/www.algebris.com\/de\/insights\/\">See all Insights<\/a>\n<\/div>\n\n\n<div class=\"podcast-sidebar\">\n    <div class=\"content-container\">\n                    <h2 class=\"title\">The Algebris Podcast<\/h2>\n                <div class=\"content-wrapper\">\n                            <div class=\"content\">\n                    <p>From current affairs to economy and policy matters \u2013 listen to the latest insights from the voices of our experts. The Algebris Podcast. Thinking differently, acting aware.<\/p>\n<p>Podcasts episodes are in English.<\/p>\n                <\/div>\n                                        <img decoding=\"async\" src=\"https:\/\/media.algebris.com\/content\/The-Algebris-Podcast-Logo-RGB-Square.jpg\" alt=\"\"\/>\n                    <\/div>\n        <div class=\"player\">\n            <iframe loading=\"lazy\" src=\"https:\/\/widget.spreaker.com\/player?show_id=5770058&amp;theme=light&amp;playlist=show&amp;playlist-continuous=false&amp;chapters-image=true&amp;episode_image_position=left&amp;hide-likes=true&amp;hide-comments=true&amp;hide-sharing=true&amp;hide-logo=true&amp;hide-download=true\" width=\"100%\" height=\"400px\" frameborder=\"0\"><\/iframe>         <\/div>\n    <\/div>\n\n            <a class=\"button big\" href=\"https:\/\/www.spreaker.com\/podcast\/the-algebris-podcast--5770058\" target=\"_blank\">Alle anh\u00f6ren<\/a>\n    <\/div>\n\n\n<div id=featured-funds-home class=\"featured-funds\">\n\n    <div class=\"acf-innerblocks-container\">\n\n<h2 class=\"wp-block-heading title\">Fonds<\/h2>\n\n<\/div>\n            <div class=\"featured-funds__container\">\n                            <div class=\"featured-funds__fund\">\n                    <div class=\"content\">\n                        <div class=\"fund-tags\">\n                                                                                                <span class=\"tag\">Multi-Asset<\/span>\n                                                                    <span class=\"tag\">Finanzwerte<\/span>\n                                                                                    <\/div>\n                        <h3 class=\"title\">Algebris Financial Income Fund<\/h3>\n                        <a class=\"button simple white\" href=\"https:\/\/www.algebris.com\/de\/fund\/algebris-financial-income-fund\/\">Geh zum Fonds<\/a>\n                    <\/div>\n                    <img decoding=\"async\" class=\"fund-image\" src=\"https:\/\/media.algebris.com\/content\/AdobeStock_179792500-hero.png\" \/>\n                <\/div>\n                            <div class=\"featured-funds__fund\">\n                    <div class=\"content\">\n                        <div class=\"fund-tags\">\n                                                                                                <span class=\"tag\">Anleihen<\/span>\n                                                                    <span class=\"tag\">Globale Anleihen<\/span>\n                                                                                    <\/div>\n                        <h3 class=\"title\">Algebris Strategic Credit Fund<\/h3>\n                        <a class=\"button simple white\" href=\"https:\/\/www.algebris.com\/de\/fund\/algebris-strategic-credit-fund\/\">Geh zum Fonds<\/a>\n                    <\/div>\n                    <img decoding=\"async\" class=\"fund-image\" src=\"https:\/\/media.algebris.com\/content\/AdobeStock_42059926-hero.png\" \/>\n                <\/div>\n                    <\/div>\n    <\/div>\n\n\n<div style=\"height:33px\" aria-hidden=\"true\" class=\"wp-block-spacer\"><\/div>\n\n\n\n<p>Alle Fonds sind im Hauptmen\u00fc verf\u00fcgbar.<\/p>\n\n\n\n<div style=\"height:80px\" aria-hidden=\"true\" class=\"wp-block-spacer\"><\/div>\n\n\n\n<div class=\"content-link\">\n            <h2 class=\"title\">Kontakt<\/h2>\n                    <a class=\"button big\" href=\"\/contact\/\" target=\"\">Kontakt<\/a>\n    <\/div>\n\n\n<div style=\"height:100px\" aria-hidden=\"true\" class=\"wp-block-spacer\"><\/div>\n","protected":false},"excerpt":{"rendered":"<p>Alle Fonds sind im Hauptmen\u00fc verf\u00fcgbar.<\/p>\n","protected":false},"author":7,"featured_media":0,"parent":0,"menu_order":43,"comment_status":"closed","ping_status":"closed","template":"","meta":{"_acf_changed":false,"footnotes":""},"class_list":["post-12467","page","type-page","status-publish","hentry"],"acf":[],"yoast_head":"<!-- This site is optimized with the Yoast SEO plugin v27.1.1 - https:\/\/yoast.com\/product\/yoast-seo-wordpress\/ -->\n<title>Algebris Investments: a global asset manager<\/title>\n<meta name=\"description\" content=\"Algebris Investments is a global asset manager embracing long-only and alternative investment strategies.\" \/>\n<meta name=\"robots\" content=\"index, follow, max-snippet:-1, max-image-preview:large, max-video-preview:-1\" \/>\n<link rel=\"canonical\" href=\"https:\/\/www.algebris.com\/de\/\" \/>\n<meta property=\"og:locale\" content=\"de_DE\" \/>\n<meta property=\"og:type\" content=\"article\" \/>\n<meta property=\"og:title\" content=\"Algebris Investments: a global asset manager\" \/>\n<meta property=\"og:description\" content=\"Algebris Investments is a global asset manager embracing long-only and alternative investment strategies.\" \/>\n<meta property=\"og:url\" content=\"https:\/\/www.algebris.com\/de\/\" \/>\n<meta property=\"og:site_name\" content=\"Algebris Investments\" \/>\n<meta property=\"article:modified_time\" content=\"2025-11-24T09:13:44+00:00\" \/>\n<meta name=\"twitter:card\" content=\"summary_large_image\" \/>\n<meta name=\"twitter:label1\" content=\"Est. reading time\" \/>\n\t<meta name=\"twitter:data1\" content=\"1 minute\" \/>\n<script type=\"application\/ld+json\" class=\"yoast-schema-graph\">{\"@context\":\"https:\/\/schema.org\",\"@graph\":[{\"@type\":\"WebPage\",\"@id\":\"https:\/\/www.algebris.com\/de\/\",\"url\":\"https:\/\/www.algebris.com\/de\/\",\"name\":\"Algebris Investments: a global asset manager\",\"isPartOf\":{\"@id\":\"https:\/\/www.algebris.com\/de\/#website\"},\"datePublished\":\"2020-03-13T10:59:07+00:00\",\"dateModified\":\"2025-11-24T09:13:44+00:00\",\"description\":\"Algebris Investments is a global asset manager embracing long-only and alternative investment strategies.\",\"breadcrumb\":{\"@id\":\"https:\/\/www.algebris.com\/de\/#breadcrumb\"},\"inLanguage\":\"de-DE\",\"potentialAction\":[{\"@type\":\"ReadAction\",\"target\":[\"https:\/\/www.algebris.com\/de\/\"]}]},{\"@type\":\"BreadcrumbList\",\"@id\":\"https:\/\/www.algebris.com\/de\/#breadcrumb\",\"itemListElement\":[{\"@type\":\"ListItem\",\"position\":1,\"name\":\"Home\",\"item\":\"https:\/\/www.algebris.com\/de\/\"},{\"@type\":\"ListItem\",\"position\":2,\"name\":\"Algebris Investments\"}]},{\"@type\":\"WebSite\",\"@id\":\"https:\/\/www.algebris.com\/de\/#website\",\"url\":\"https:\/\/www.algebris.com\/de\/\",\"name\":\"Algebris Investments\",\"description\":\"\",\"publisher\":{\"@id\":\"https:\/\/www.algebris.com\/de\/#organization\"},\"potentialAction\":[{\"@type\":\"SearchAction\",\"target\":{\"@type\":\"EntryPoint\",\"urlTemplate\":\"https:\/\/www.algebris.com\/de\/?s={search_term_string}\"},\"query-input\":{\"@type\":\"PropertyValueSpecification\",\"valueRequired\":true,\"valueName\":\"search_term_string\"}}],\"inLanguage\":\"de-DE\"},{\"@type\":\"Organization\",\"@id\":\"https:\/\/www.algebris.com\/de\/#organization\",\"name\":\"Algebris Investments\",\"url\":\"https:\/\/www.algebris.com\/de\/\",\"logo\":{\"@type\":\"ImageObject\",\"inLanguage\":\"de-DE\",\"@id\":\"https:\/\/www.algebris.com\/de\/#\/schema\/logo\/image\/\",\"url\":\"https:\/\/media.algebris.com\/content\/cropped-logo1.png\",\"contentUrl\":\"https:\/\/media.algebris.com\/content\/cropped-logo1.png\",\"width\":250,\"height\":78,\"caption\":\"Algebris Investments\"},\"image\":{\"@id\":\"https:\/\/www.algebris.com\/de\/#\/schema\/logo\/image\/\"},\"sameAs\":[\"https:\/\/www.linkedin.com\/company\/algebris-investments\/about\/\",\"https:\/\/www.youtube.com\/channel\/UC_MiRdysidJhtSWRVxtH-3g\/featured\"]}]}<\/script>\n<!-- \/ Yoast SEO plugin. -->","yoast_head_json":{"title":"Algebris Investments: a global asset manager","description":"Algebris Investments is a global asset manager embracing long-only and alternative investment strategies.","robots":{"index":"index","follow":"follow","max-snippet":"max-snippet:-1","max-image-preview":"max-image-preview:large","max-video-preview":"max-video-preview:-1"},"canonical":"https:\/\/www.algebris.com\/de\/","og_locale":"de_DE","og_type":"article","og_title":"Algebris Investments: a global asset manager","og_description":"Algebris Investments is a global asset manager embracing long-only and alternative investment strategies.","og_url":"https:\/\/www.algebris.com\/de\/","og_site_name":"Algebris Investments","article_modified_time":"2025-11-24T09:13:44+00:00","twitter_card":"summary_large_image","twitter_misc":{"Est. reading time":"1 minute"},"schema":{"@context":"https:\/\/schema.org","@graph":[{"@type":"WebPage","@id":"https:\/\/www.algebris.com\/de\/","url":"https:\/\/www.algebris.com\/de\/","name":"Algebris Investments: a global asset manager","isPartOf":{"@id":"https:\/\/www.algebris.com\/de\/#website"},"datePublished":"2020-03-13T10:59:07+00:00","dateModified":"2025-11-24T09:13:44+00:00","description":"Algebris Investments is a global asset manager embracing long-only and alternative investment strategies.","breadcrumb":{"@id":"https:\/\/www.algebris.com\/de\/#breadcrumb"},"inLanguage":"de-DE","potentialAction":[{"@type":"ReadAction","target":["https:\/\/www.algebris.com\/de\/"]}]},{"@type":"BreadcrumbList","@id":"https:\/\/www.algebris.com\/de\/#breadcrumb","itemListElement":[{"@type":"ListItem","position":1,"name":"Home","item":"https:\/\/www.algebris.com\/de\/"},{"@type":"ListItem","position":2,"name":"Algebris Investments"}]},{"@type":"WebSite","@id":"https:\/\/www.algebris.com\/de\/#website","url":"https:\/\/www.algebris.com\/de\/","name":"Algebris Investments","description":"","publisher":{"@id":"https:\/\/www.algebris.com\/de\/#organization"},"potentialAction":[{"@type":"SearchAction","target":{"@type":"EntryPoint","urlTemplate":"https:\/\/www.algebris.com\/de\/?s={search_term_string}"},"query-input":{"@type":"PropertyValueSpecification","valueRequired":true,"valueName":"search_term_string"}}],"inLanguage":"de-DE"},{"@type":"Organization","@id":"https:\/\/www.algebris.com\/de\/#organization","name":"Algebris Investments","url":"https:\/\/www.algebris.com\/de\/","logo":{"@type":"ImageObject","inLanguage":"de-DE","@id":"https:\/\/www.algebris.com\/de\/#\/schema\/logo\/image\/","url":"https:\/\/media.algebris.com\/content\/cropped-logo1.png","contentUrl":"https:\/\/media.algebris.com\/content\/cropped-logo1.png","width":250,"height":78,"caption":"Algebris Investments"},"image":{"@id":"https:\/\/www.algebris.com\/de\/#\/schema\/logo\/image\/"},"sameAs":["https:\/\/www.linkedin.com\/company\/algebris-investments\/about\/","https:\/\/www.youtube.com\/channel\/UC_MiRdysidJhtSWRVxtH-3g\/featured"]}]}},"_links":{"self":[{"href":"https:\/\/www.algebris.com\/de\/wp-json\/wp\/v2\/pages\/12467","targetHints":{"allow":["GET"]}}],"collection":[{"href":"https:\/\/www.algebris.com\/de\/wp-json\/wp\/v2\/pages"}],"about":[{"href":"https:\/\/www.algebris.com\/de\/wp-json\/wp\/v2\/types\/page"}],"author":[{"embeddable":true,"href":"https:\/\/www.algebris.com\/de\/wp-json\/wp\/v2\/users\/7"}],"replies":[{"embeddable":true,"href":"https:\/\/www.algebris.com\/de\/wp-json\/wp\/v2\/comments?post=12467"}],"version-history":[{"count":4,"href":"https:\/\/www.algebris.com\/de\/wp-json\/wp\/v2\/pages\/12467\/revisions"}],"predecessor-version":[{"id":28650,"href":"https:\/\/www.algebris.com\/de\/wp-json\/wp\/v2\/pages\/12467\/revisions\/28650"}],"wp:attachment":[{"href":"https:\/\/www.algebris.com\/de\/wp-json\/wp\/v2\/media?parent=12467"}],"curies":[{"name":"wp","href":"https:\/\/api.w.org\/{rel}","templated":true}]}}