{"id":12479,"date":"2018-03-14T19:03:43","date_gmt":"2018-03-14T19:03:43","guid":{"rendered":"https:\/\/www.algebris.com\/?page_id=12479"},"modified":"2024-12-02T13:59:41","modified_gmt":"2024-12-02T13:59:41","slug":"unser-unternehmen","status":"publish","type":"page","link":"https:\/\/www.algebris.com\/de\/unser-unternehmen\/","title":{"rendered":"Unser Unternehmen"},"content":{"rendered":"\n<p>Algebris ist ein unabh\u00e4ngiger, weltweit t\u00e4tiger Asset Manager, der <strong>aktiv verwaltete Anlagel\u00f6sungen <\/strong>anbietet.<\/p>\n\n\n\n<p>Mit einer langj\u00e4hrigen Spezialisierung auf Anlagen in <strong>globale Finanzinstitute<\/strong>, investiert das Unternehmen in die gesamte Kapitalstruktur (Aktien und Anleihen) von Banken und Versicherungen, sowie in <strong>globale Anleihen<\/strong> und <strong>italienische Mittelstands-Aktien<\/strong>. &nbsp;<\/p>\n\n\n\n<p>Im Bereich alternativer Strategien investiert Algebris in <strong>notleidende Kredite<\/strong> und lanciert derzeit eine Artikel 9 <strong>Private-Equity-Strategie<\/strong>, die sich auf den gr\u00fcnen Wandel in Italien und Europa fokussiert.<\/p>\n\n\n\n<p>Mittels einer gr\u00fcndlichen Bottom-Up Fundamentalanalyse und einem opportunistischen Anlageansatz streben wir \u00fcberdurchschnittliche risikobereinigte Renditen an. Je nach Marktsituation k\u00f6nnen wir somit an Aufw\u00e4rtstrends in allen Anlageklassen und Regionen partizipieren.<\/p>\n\n\n\n<p>Die Interessen unserer Investoren bilden die Grundlage unserer Anlagephilosophie und stehen bei uns jederzeit im Vordergrund. Wir \u00fcberwachen daher stets unser operatives Risiko und priorisieren den Kapitalerhalt bei all unseren Anlageentscheidungen.<\/p>\n\n\n\n<p>Die Firma wurde 2006 von <strong>Davide Serra <\/strong>(<strong>CEO<\/strong>) gegr\u00fcndet und betreibt B\u00fcros in London, Mailand, Rom, Zurich, Dublin, Boston, Singapur und Tokio.<\/p>\n\n\n\n<p>Algebris unterh\u00e4lt weltweit etablierte Beziehungen zu Banken, Dachfonds, Versicherungsgesellschaften, Pensionskassen, Staatsfonds, Unternehmen und Family Offices.<\/p>\n\n\n\n<p>Algebris (UK) Limited ist von der Financial Conduct Authority zugelassen und unterliegt deren Aufsicht. Algebris Investments (US) Inc ist ein bei der SEC registrierter Anlageberater. Algebris Investments (Ireland) Limited ist von der Central Bank of Ireland zugelassen und wird von ihr reguliert und ist in Italien \u00fcber ihre Niederlassung in Mailand t\u00e4tig. Algebris Investments (Asia) Pte. Ltd ist eine von der MAS zugelassene Fondsverwaltungsgesellschaft. Algebris Investments K.K. ist von der Financial Services Agency lizenziert.<\/p>\n\n\n\n<div class=\"wp-block-group history__group\"><div class=\"wp-block-group__inner-container is-layout-flow wp-block-group-is-layout-flow\">\n<h2 class=\"wp-block-heading has-text-align-center\" id=\"our-history\">Geschichte<\/h2>\n\n\n\n<div class=\"wp-block-group history__carousel\"><div class=\"wp-block-group__inner-container is-layout-flow wp-block-group-is-layout-flow\">\n<div class=\"wp-block-group\"><div class=\"wp-block-group__inner-container is-layout-flow wp-block-group-is-layout-flow\">\n<h3 class=\"wp-block-heading\" id=\"2020\">2020<\/h3>\n\n\n\n<p>Algebris er\u00f6ffnet ein B\u00fcro in Dublin. Algebris Investments (Ireland) Limited erh\u00e4lt die Genehmigung der irischen Zentralbank, als Verwaltungsgesellschaft f\u00fcr die OGAW (UCITS)- und AIF-Palette der Algebris-Gruppe zu fungieren.<\/p>\n<\/div><\/div>\n\n\n\n<div class=\"wp-block-group\"><div class=\"wp-block-group__inner-container is-layout-flow wp-block-group-is-layout-flow\">\n<h3 class=\"wp-block-heading\" id=\"2019\">2019<\/h3>\n\n\n\n<p>Algebris baut einen in-house Dienstleister (Algos) f\u00fcr das eigene NPL-Gesch\u00e4ft auf. Algos betreibt B\u00fcros in Mailand und Rom.<\/p>\n<\/div><\/div>\n\n\n\n<div class=\"wp-block-group\"><div class=\"wp-block-group__inner-container is-layout-flow wp-block-group-is-layout-flow\">\n<h3 class=\"wp-block-heading\" id=\"2018\">2018<\/h3>\n\n\n\n<p>Algebris er\u00f6ffnet ein B\u00fcro in Tokio, um den Vertrieb in Japan auszubauen.<\/p>\n<\/div><\/div>\n\n\n\n<div class=\"wp-block-group\"><div class=\"wp-block-group__inner-container is-layout-flow wp-block-group-is-layout-flow\">\n<h3 class=\"wp-block-heading\" id=\"2017\">2017<\/h3>\n\n\n\n<p>Algebris lanciert eine Strategie mit Fokus auf italienische Mittelstands-Aktien.<\/p>\n<\/div><\/div>\n\n\n\n<div class=\"wp-block-group\"><div class=\"wp-block-group__inner-container is-layout-flow wp-block-group-is-layout-flow\">\n<h3 class=\"wp-block-heading\" id=\"2016\">2016<\/h3>\n\n\n\n<p>Algebris lanciert die globale Anleihen Strategie und erweitert somit das Anlagespektrum.<\/p>\n<\/div><\/div>\n\n\n\n<div class=\"wp-block-group\"><div class=\"wp-block-group__inner-container is-layout-flow wp-block-group-is-layout-flow\">\n<h3 class=\"wp-block-heading\" id=\"2015\">2015<\/h3>\n\n\n\n<p>Algebris er\u00f6ffnet das erste B\u00fcro in Italien. Die neue Niederlassung in Mailand soll die lokale Pr\u00e4senz st\u00e4rken.<\/p>\n<\/div><\/div>\n\n\n\n<div class=\"wp-block-group\"><div class=\"wp-block-group__inner-container is-layout-flow wp-block-group-is-layout-flow\">\n<h3 class=\"wp-block-heading\" id=\"2014\">2014<\/h3>\n\n\n\n<p>Algebris lanciert eine Strategie f\u00fcr notleidende Kredite, die durch italienische Immobilien besichert sind.<\/p>\n<\/div><\/div>\n\n\n\n<div class=\"wp-block-group\"><div class=\"wp-block-group__inner-container is-layout-flow wp-block-group-is-layout-flow\">\n<h3 class=\"wp-block-heading\" id=\"2013\">2013<\/h3>\n\n\n\n<p>Algebris er\u00f6ffnet Niederlassungen in Boston und Singapur, um die internationale Pr\u00e4senz des Unternehmens zu st\u00e4rken.<\/p>\n<\/div><\/div>\n\n\n\n<div class=\"wp-block-group\"><div class=\"wp-block-group__inner-container is-layout-flow wp-block-group-is-layout-flow\">\n<h3 class=\"wp-block-heading\" id=\"2012\">2012<\/h3>\n\n\n\n<p>Algebris wird als f\u00fchrender Anleger f\u00fcr nachrangige Schuldtitel anerkannt.<\/p>\n<\/div><\/div>\n\n\n\n<div class=\"wp-block-group\"><div class=\"wp-block-group__inner-container is-layout-flow wp-block-group-is-layout-flow\">\n<h3 class=\"wp-block-heading\" id=\"2011\">2011<\/h3>\n\n\n\n<p>Algebris lanciert die Algebris UCITS Funds Plc. Der strategische Schritt in Richtung regulierter Fondsstrukturen, ist ein entscheidender Moment in der Geschichte des Unternehmens und der Beginn eines neuen Kapitels.<\/p>\n<\/div><\/div>\n\n\n\n<div class=\"wp-block-group\"><div class=\"wp-block-group__inner-container is-layout-flow wp-block-group-is-layout-flow\">\n<h3 class=\"wp-block-heading\" id=\"2010\">2010<\/h3>\n\n\n\n<p>Algebris veranstaltet sein erstes Offsite. Das gibt Investoren die M\u00f6glichkeit die Kultur des Unternehmens aus erster Hand zu erleben und einen offenen, direkten Dialog mit den Mitarbeitern zu f\u00fchren.<\/p>\n<\/div><\/div>\n\n\n\n<div class=\"wp-block-group\"><div class=\"wp-block-group__inner-container is-layout-flow wp-block-group-is-layout-flow\">\n<h3 class=\"wp-block-heading\" id=\"2009\">2009<\/h3>\n\n\n\n<p>Algebris etabliert sich als Pionier im Bereich der hybriden Finanzprodukte, die den Banken im Zuge der Finanzkrise Kapitalpuffer im Falle m\u00f6glicher zuk\u00fcnftiger Verluste bieten. Algebris wird Branchenmitglied des Weltwirtschaftsforums und Davide Serra wird zum Young Global Leader ernannt.<\/p>\n<\/div><\/div>\n\n\n\n<div class=\"wp-block-group\"><div class=\"wp-block-group__inner-container is-layout-flow wp-block-group-is-layout-flow\">\n<h3 class=\"wp-block-heading\" id=\"2008\">2008<\/h3>\n\n\n\n<p>Das erstklassige Investmentteam von Algebris wird weiter ausgebaut.<\/p>\n<\/div><\/div>\n\n\n\n<div class=\"wp-block-group\"><div class=\"wp-block-group__inner-container is-layout-flow wp-block-group-is-layout-flow\">\n<h3 class=\"wp-block-heading\" id=\"2007\">2007<\/h3>\n\n\n\n<p>Der Algebris Global Financials Fund wird bei den EuroHedge Awards als &#8220;Fonds des Jahres&#8221; ausgezeichnet.<\/p>\n<\/div><\/div>\n\n\n\n<div class=\"wp-block-group\"><div class=\"wp-block-group__inner-container is-layout-flow wp-block-group-is-layout-flow\">\n<h3 class=\"wp-block-heading\" id=\"2006\">2006<\/h3>\n\n\n\n<p>Davide Serra gr\u00fcndet Algebris Investments mit der Unterst\u00fctzung von Chris Hohn. Die Investmentgesellschaft spezialisiert sich auf globale Finanzinstitute, die Kernkompetenz von Davide Serra. Vor Algebris war er als pr\u00e4mierter Aktienanalyst f\u00fcr den Europ\u00e4ischen Bankensektor bei Morgan Stanley t\u00e4tig.<\/p>\n<\/div><\/div>\n<\/div><\/div>\n<\/div><\/div>\n\n\n\n<div class=\"wp-block-group alignfull values___group\"><div class=\"wp-block-group__inner-container is-layout-flow wp-block-group-is-layout-flow\">\n<div class=\"wp-block-columns is-layout-flex wp-container-core-columns-is-layout-9d6595d7 wp-block-columns-is-layout-flex\">\n<div class=\"wp-block-column is-layout-flow wp-block-column-is-layout-flow\" style=\"flex-basis:33.33%\">\n<h2 class=\"wp-block-heading\" id=\"unsere-werte\">Unsere Werte<\/h2>\n<\/div>\n\n\n\n<div class=\"wp-block-column is-layout-flow wp-block-column-is-layout-flow\" style=\"flex-basis:66.66%\">\n<p>Wir bei Algebris lassen uns stets bei allem was wir tun, von unseren Werten leiten. Seit der Unternehmensgr\u00fcndung definieren sie unsere Identit\u00e4t und bilden einen zentralen Bestandteil unserer Kultur.<\/p>\n<\/div>\n<\/div>\n\n\n\n<div class=\"wp-block-columns is-layout-flex wp-container-core-columns-is-layout-9d6595d7 wp-block-columns-is-layout-flex\">\n<div class=\"wp-block-column is-layout-flow wp-block-column-is-layout-flow\">\n<figure class=\"wp-block-image size-large is-resized\"><img decoding=\"async\" src=\"https:\/\/media.algebris.com\/content\/ico-commitment.png\" alt=\"\" style=\"width:48px;height:48px\"\/><\/figure>\n\n\n\n<h4 class=\"wp-block-heading\" id=\"engagement\">Engagement<\/h4>\n\n\n\n<p>Wir verpflichten uns, verantwortungsbewusst und intelligent zu arbeiten. Professionalit\u00e4t und Zielstrebigkeit treiben uns an.<\/p>\n<\/div>\n\n\n\n<div class=\"wp-block-column is-layout-flow wp-block-column-is-layout-flow\">\n<figure class=\"wp-block-image size-large is-resized\"><img decoding=\"async\" src=\"https:\/\/media.algebris.com\/content\/ico-integrity.png\" alt=\"\" style=\"width:44px;height:42px\"\/><\/figure>\n\n\n\n<h4 class=\"wp-block-heading\" id=\"integritat\">Integrit\u00e4t<\/h4>\n\n\n\n<p>Wir sind stets bestrebt das Richtige zu tun und unsere Arbeit korrekt und zuverl\u00e4ssig zu erledigen. Unsere Kunden vertrauen uns hierbei und es ist uns bewusst, das wir dieses Vertrauen t\u00e4glich verdienen m\u00fcssen.<\/p>\n<\/div>\n\n\n\n<div class=\"wp-block-column is-layout-flow wp-block-column-is-layout-flow\">\n<figure class=\"wp-block-image size-large is-resized\"><img decoding=\"async\" src=\"https:\/\/media.algebris.com\/content\/ico-account.png\" alt=\"\" style=\"width:39px;height:39px\"\/><\/figure>\n\n\n\n<h4 class=\"wp-block-heading\" id=\"verantwortung\">Verantwortung<\/h4>\n\n\n\n<p>Wir investieren gemeinsam mit unseren Investoren. Somit sind unser Kapital und unsere Interessen stets im Einklang.<\/p>\n<\/div>\n<\/div>\n\n\n\n<div class=\"wp-block-columns is-layout-flex wp-container-core-columns-is-layout-9d6595d7 wp-block-columns-is-layout-flex\">\n<div class=\"wp-block-column is-layout-flow wp-block-column-is-layout-flow\">\n<figure class=\"wp-block-image size-large is-resized\"><img decoding=\"async\" src=\"https:\/\/media.algebris.com\/content\/ico-entrepreneurial.png\" alt=\"\" style=\"width:54px;height:32px\"\/><\/figure>\n\n\n\n<h4 class=\"wp-block-heading\" id=\"unternehmerisches-denken\">Unternehmerisches Denken<\/h4>\n\n\n\n<p>Wir f\u00f6rdern Innovation und konstruktive Diskussionen, die uns erm\u00f6glichen, alle Gesch\u00e4ftsbereiche proaktiv anzugehen und weiterzuentwickeln.<\/p>\n<\/div>\n\n\n\n<div class=\"wp-block-column is-layout-flow wp-block-column-is-layout-flow\">\n<figure class=\"wp-block-image size-large is-resized\"><img decoding=\"async\" src=\"https:\/\/media.algebris.com\/content\/ico-teamwork.png\" alt=\"\" style=\"width:63px;height:42px\"\/><\/figure>\n\n\n\n<h4 class=\"wp-block-heading\" id=\"teamwork\">Teamwork<\/h4>\n\n\n\n<p>Zusammenarbeit steht bei uns im Mittelpunkt. Aus unserer Sicht erzielt man die besten Ergebnisse durch gemeinsame Anstrengungen und die Weitergabe von Wissen und Erfahrung.<\/p>\n<\/div>\n\n\n\n<div class=\"wp-block-column is-layout-flow wp-block-column-is-layout-flow\">\n<figure class=\"wp-block-image size-large is-resized\"><img decoding=\"async\" src=\"https:\/\/media.algebris.com\/content\/ico-diversity.png\" alt=\"\" style=\"width:42px;height:48px\"\/><\/figure>\n\n\n\n<h4 class=\"wp-block-heading\" id=\"vielfalt\">Vielfalt<\/h4>\n\n\n\n<p>Wir f\u00f6rdern eine offene und integrative Unternehmenskultur. Unterschiedliche Herk\u00fcnfte, vielf\u00e4ltige Talente und neue Sichtweisen inspirieren uns und st\u00e4rken das Unternehmen.<\/p>\n<\/div>\n<\/div>\n<\/div><\/div>\n\n\n\n<div class=\"wp-block-columns alignfull responsibility__group is-layout-flex wp-container-core-columns-is-layout-9d6595d7 wp-block-columns-is-layout-flex\">\n<div class=\"wp-block-column is-layout-flow wp-block-column-is-layout-flow\" style=\"flex-basis:33.33%\">\n<h2 class=\"wp-block-heading\">UNSER ESG-ENGAGEMENT<\/h2>\n\n\n\n<ul class=\"wp-block-list\">\n<li><a href=\"https:\/\/www.algebris.com\/de\/esg\/verantwortungsvolles-investieren\/\">Verantwortungsvolles Investieren<\/a><\/li>\n\n\n\n<li><a href=\"https:\/\/www.algebris.com\/de\/esg\/gesellschaftliche-verantwortung\/\">Gesellschaftliche Verantwortung<\/a><\/li>\n\n\n\n<li><a href=\"https:\/\/www.algebris.com\/de\/esg\/industrieinitiativen\/\">Industrieinitiativen<\/a><\/li>\n\n\n\n<li><a href=\"https:\/\/www.algebris.com\/de\/esg\/richtlinien-offenlegungen\/\">Richtlinien und Offenlegungen<\/a><\/li>\n<\/ul>\n<\/div>\n\n\n\n<div class=\"wp-block-column is-layout-flow wp-block-column-is-layout-flow\" style=\"flex-basis:66.66%\">\n<div class=\"wp-block-cover is-light\"><span aria-hidden=\"true\" class=\"wp-block-cover__background has-background-dim-0 has-background-dim\" style=\"background-color:#FFF\"><\/span><img loading=\"lazy\" decoding=\"async\" width=\"1600\" height=\"750\" class=\"wp-block-cover__image-background wp-image-7852\" alt=\"\" src=\"https:\/\/media.algebris.com\/content\/ESG-1.jpg\" data-object-fit=\"cover\" srcset=\"https:\/\/media.algebris.com\/content\/ESG-1.jpg 1600w, https:\/\/media.algebris.com\/content\/ESG-1-500x234.jpg 500w, https:\/\/media.algebris.com\/content\/ESG-1-1024x480.jpg 1024w, https:\/\/media.algebris.com\/content\/ESG-1-768x360.jpg 768w, https:\/\/media.algebris.com\/content\/ESG-1-1536x720.jpg 1536w\" sizes=\"auto, (max-width: 1600px) 100vw, 1600px\" \/><div class=\"wp-block-cover__inner-container is-layout-flow wp-block-cover-is-layout-flow\">\n<p class=\"has-white-color has-text-color\">Wir bei Algebris wollen einen Beitrag zu einer nachhaltigen Zukunft leisten. Es ist uns ein Anliegen, dass wir unsere Auswirkungen auf die Umwelt und die Gesellschaft durch unsere Gesch\u00e4ftst\u00e4tigkeit kontinuierlich verbessern. Wir sind bestrebt, unser Gesch\u00e4ftsverhalten transparent und zukunftsorientiert zu gestalten.<\/p>\n<\/div><\/div>\n<\/div>\n<\/div>\n\n\n\n<p><\/p>\n","protected":false},"excerpt":{"rendered":"<p>Algebris ist ein unabh\u00e4ngiger, weltweit t\u00e4tiger Asset Manager, der aktiv verwaltete Anlagel\u00f6sungen anbietet. Mit einer langj\u00e4hrigen Spezialisierung auf Anlagen in globale Finanzinstitute, investiert das Unternehmen in die gesamte Kapitalstruktur (Aktien und Anleihen) von Banken und Versicherungen, sowie in globale Anleihen und italienische Mittelstands-Aktien. &nbsp; Im Bereich alternativer Strategien investiert Algebris in notleidende Kredite und lanciert [&hellip;]<\/p>\n","protected":false},"author":16,"featured_media":0,"parent":0,"menu_order":85,"comment_status":"closed","ping_status":"closed","template":"templates\/boxed-template.php","meta":{"_acf_changed":false,"footnotes":""},"class_list":["post-12479","page","type-page","status-publish","hentry"],"acf":[],"yoast_head":"<!-- This site is optimized with the Yoast SEO plugin v27.1.1 - https:\/\/yoast.com\/product\/yoast-seo-wordpress\/ -->\n<title>Unser Unternehmen - Algebris Investments<\/title>\n<meta name=\"robots\" content=\"index, follow, max-snippet:-1, max-image-preview:large, max-video-preview:-1\" \/>\n<link rel=\"canonical\" href=\"https:\/\/www.algebris.com\/de\/unser-unternehmen\/\" \/>\n<meta property=\"og:locale\" content=\"de_DE\" \/>\n<meta property=\"og:type\" content=\"article\" \/>\n<meta property=\"og:title\" content=\"Unser Unternehmen - Algebris Investments\" \/>\n<meta property=\"og:description\" content=\"Algebris ist ein unabh\u00e4ngiger, weltweit t\u00e4tiger Asset Manager, der aktiv verwaltete Anlagel\u00f6sungen anbietet. Mit einer langj\u00e4hrigen Spezialisierung auf Anlagen in globale Finanzinstitute, investiert das Unternehmen in die gesamte Kapitalstruktur (Aktien und Anleihen) von Banken und Versicherungen, sowie in globale Anleihen und italienische Mittelstands-Aktien. &nbsp; Im Bereich alternativer Strategien investiert Algebris in notleidende Kredite und lanciert [&hellip;]\" \/>\n<meta property=\"og:url\" content=\"https:\/\/www.algebris.com\/de\/unser-unternehmen\/\" \/>\n<meta property=\"og:site_name\" content=\"Algebris Investments\" \/>\n<meta property=\"article:modified_time\" content=\"2024-12-02T13:59:41+00:00\" \/>\n<meta property=\"og:image\" content=\"https:\/\/media.algebris.com\/content\/ico-commitment.png\" \/>\n<meta name=\"twitter:card\" content=\"summary_large_image\" \/>\n<meta name=\"twitter:label1\" content=\"Est. reading time\" \/>\n\t<meta name=\"twitter:data1\" content=\"5 minutes\" \/>\n<script type=\"application\/ld+json\" class=\"yoast-schema-graph\">{\"@context\":\"https:\/\/schema.org\",\"@graph\":[{\"@type\":\"WebPage\",\"@id\":\"https:\/\/www.algebris.com\/de\/unser-unternehmen\/\",\"url\":\"https:\/\/www.algebris.com\/de\/unser-unternehmen\/\",\"name\":\"Unser Unternehmen - Algebris Investments\",\"isPartOf\":{\"@id\":\"https:\/\/www.algebris.com\/de\/#website\"},\"primaryImageOfPage\":{\"@id\":\"https:\/\/www.algebris.com\/de\/unser-unternehmen\/#primaryimage\"},\"image\":{\"@id\":\"https:\/\/www.algebris.com\/de\/unser-unternehmen\/#primaryimage\"},\"thumbnailUrl\":\"https:\/\/media.algebris.com\/content\/ico-commitment.png\",\"datePublished\":\"2018-03-14T19:03:43+00:00\",\"dateModified\":\"2024-12-02T13:59:41+00:00\",\"breadcrumb\":{\"@id\":\"https:\/\/www.algebris.com\/de\/unser-unternehmen\/#breadcrumb\"},\"inLanguage\":\"de-DE\",\"potentialAction\":[{\"@type\":\"ReadAction\",\"target\":[\"https:\/\/www.algebris.com\/de\/unser-unternehmen\/\"]}]},{\"@type\":\"ImageObject\",\"inLanguage\":\"de-DE\",\"@id\":\"https:\/\/www.algebris.com\/de\/unser-unternehmen\/#primaryimage\",\"url\":\"https:\/\/media.algebris.com\/content\/ico-commitment.png\",\"contentUrl\":\"https:\/\/media.algebris.com\/content\/ico-commitment.png\"},{\"@type\":\"BreadcrumbList\",\"@id\":\"https:\/\/www.algebris.com\/de\/unser-unternehmen\/#breadcrumb\",\"itemListElement\":[{\"@type\":\"ListItem\",\"position\":1,\"name\":\"Home\",\"item\":\"https:\/\/www.algebris.com\/de\/\"},{\"@type\":\"ListItem\",\"position\":2,\"name\":\"Unser Unternehmen\"}]},{\"@type\":\"WebSite\",\"@id\":\"https:\/\/www.algebris.com\/de\/#website\",\"url\":\"https:\/\/www.algebris.com\/de\/\",\"name\":\"Algebris Investments\",\"description\":\"\",\"publisher\":{\"@id\":\"https:\/\/www.algebris.com\/de\/#organization\"},\"potentialAction\":[{\"@type\":\"SearchAction\",\"target\":{\"@type\":\"EntryPoint\",\"urlTemplate\":\"https:\/\/www.algebris.com\/de\/?s={search_term_string}\"},\"query-input\":{\"@type\":\"PropertyValueSpecification\",\"valueRequired\":true,\"valueName\":\"search_term_string\"}}],\"inLanguage\":\"de-DE\"},{\"@type\":\"Organization\",\"@id\":\"https:\/\/www.algebris.com\/de\/#organization\",\"name\":\"Algebris Investments\",\"url\":\"https:\/\/www.algebris.com\/de\/\",\"logo\":{\"@type\":\"ImageObject\",\"inLanguage\":\"de-DE\",\"@id\":\"https:\/\/www.algebris.com\/de\/#\/schema\/logo\/image\/\",\"url\":\"https:\/\/media.algebris.com\/content\/cropped-logo1.png\",\"contentUrl\":\"https:\/\/media.algebris.com\/content\/cropped-logo1.png\",\"width\":250,\"height\":78,\"caption\":\"Algebris Investments\"},\"image\":{\"@id\":\"https:\/\/www.algebris.com\/de\/#\/schema\/logo\/image\/\"},\"sameAs\":[\"https:\/\/www.linkedin.com\/company\/algebris-investments\/about\/\",\"https:\/\/www.youtube.com\/channel\/UC_MiRdysidJhtSWRVxtH-3g\/featured\"]}]}<\/script>\n<!-- \/ Yoast SEO plugin. -->","yoast_head_json":{"title":"Unser Unternehmen - Algebris Investments","robots":{"index":"index","follow":"follow","max-snippet":"max-snippet:-1","max-image-preview":"max-image-preview:large","max-video-preview":"max-video-preview:-1"},"canonical":"https:\/\/www.algebris.com\/de\/unser-unternehmen\/","og_locale":"de_DE","og_type":"article","og_title":"Unser Unternehmen - Algebris Investments","og_description":"Algebris ist ein unabh\u00e4ngiger, weltweit t\u00e4tiger Asset Manager, der aktiv verwaltete Anlagel\u00f6sungen anbietet. Mit einer langj\u00e4hrigen Spezialisierung auf Anlagen in globale Finanzinstitute, investiert das Unternehmen in die gesamte Kapitalstruktur (Aktien und Anleihen) von Banken und Versicherungen, sowie in globale Anleihen und italienische Mittelstands-Aktien. &nbsp; Im Bereich alternativer Strategien investiert Algebris in notleidende Kredite und lanciert [&hellip;]","og_url":"https:\/\/www.algebris.com\/de\/unser-unternehmen\/","og_site_name":"Algebris Investments","article_modified_time":"2024-12-02T13:59:41+00:00","og_image":[{"url":"https:\/\/media.algebris.com\/content\/ico-commitment.png","type":"","width":"","height":""}],"twitter_card":"summary_large_image","twitter_misc":{"Est. reading time":"5 minutes"},"schema":{"@context":"https:\/\/schema.org","@graph":[{"@type":"WebPage","@id":"https:\/\/www.algebris.com\/de\/unser-unternehmen\/","url":"https:\/\/www.algebris.com\/de\/unser-unternehmen\/","name":"Unser Unternehmen - Algebris Investments","isPartOf":{"@id":"https:\/\/www.algebris.com\/de\/#website"},"primaryImageOfPage":{"@id":"https:\/\/www.algebris.com\/de\/unser-unternehmen\/#primaryimage"},"image":{"@id":"https:\/\/www.algebris.com\/de\/unser-unternehmen\/#primaryimage"},"thumbnailUrl":"https:\/\/media.algebris.com\/content\/ico-commitment.png","datePublished":"2018-03-14T19:03:43+00:00","dateModified":"2024-12-02T13:59:41+00:00","breadcrumb":{"@id":"https:\/\/www.algebris.com\/de\/unser-unternehmen\/#breadcrumb"},"inLanguage":"de-DE","potentialAction":[{"@type":"ReadAction","target":["https:\/\/www.algebris.com\/de\/unser-unternehmen\/"]}]},{"@type":"ImageObject","inLanguage":"de-DE","@id":"https:\/\/www.algebris.com\/de\/unser-unternehmen\/#primaryimage","url":"https:\/\/media.algebris.com\/content\/ico-commitment.png","contentUrl":"https:\/\/media.algebris.com\/content\/ico-commitment.png"},{"@type":"BreadcrumbList","@id":"https:\/\/www.algebris.com\/de\/unser-unternehmen\/#breadcrumb","itemListElement":[{"@type":"ListItem","position":1,"name":"Home","item":"https:\/\/www.algebris.com\/de\/"},{"@type":"ListItem","position":2,"name":"Unser Unternehmen"}]},{"@type":"WebSite","@id":"https:\/\/www.algebris.com\/de\/#website","url":"https:\/\/www.algebris.com\/de\/","name":"Algebris Investments","description":"","publisher":{"@id":"https:\/\/www.algebris.com\/de\/#organization"},"potentialAction":[{"@type":"SearchAction","target":{"@type":"EntryPoint","urlTemplate":"https:\/\/www.algebris.com\/de\/?s={search_term_string}"},"query-input":{"@type":"PropertyValueSpecification","valueRequired":true,"valueName":"search_term_string"}}],"inLanguage":"de-DE"},{"@type":"Organization","@id":"https:\/\/www.algebris.com\/de\/#organization","name":"Algebris Investments","url":"https:\/\/www.algebris.com\/de\/","logo":{"@type":"ImageObject","inLanguage":"de-DE","@id":"https:\/\/www.algebris.com\/de\/#\/schema\/logo\/image\/","url":"https:\/\/media.algebris.com\/content\/cropped-logo1.png","contentUrl":"https:\/\/media.algebris.com\/content\/cropped-logo1.png","width":250,"height":78,"caption":"Algebris Investments"},"image":{"@id":"https:\/\/www.algebris.com\/de\/#\/schema\/logo\/image\/"},"sameAs":["https:\/\/www.linkedin.com\/company\/algebris-investments\/about\/","https:\/\/www.youtube.com\/channel\/UC_MiRdysidJhtSWRVxtH-3g\/featured"]}]}},"_links":{"self":[{"href":"https:\/\/www.algebris.com\/de\/wp-json\/wp\/v2\/pages\/12479","targetHints":{"allow":["GET"]}}],"collection":[{"href":"https:\/\/www.algebris.com\/de\/wp-json\/wp\/v2\/pages"}],"about":[{"href":"https:\/\/www.algebris.com\/de\/wp-json\/wp\/v2\/types\/page"}],"author":[{"embeddable":true,"href":"https:\/\/www.algebris.com\/de\/wp-json\/wp\/v2\/users\/16"}],"replies":[{"embeddable":true,"href":"https:\/\/www.algebris.com\/de\/wp-json\/wp\/v2\/comments?post=12479"}],"version-history":[{"count":4,"href":"https:\/\/www.algebris.com\/de\/wp-json\/wp\/v2\/pages\/12479\/revisions"}],"predecessor-version":[{"id":22949,"href":"https:\/\/www.algebris.com\/de\/wp-json\/wp\/v2\/pages\/12479\/revisions\/22949"}],"wp:attachment":[{"href":"https:\/\/www.algebris.com\/de\/wp-json\/wp\/v2\/media?parent=12479"}],"curies":[{"name":"wp","href":"https:\/\/api.w.org\/{rel}","templated":true}]}}