{"id":12493,"date":"2018-03-14T19:06:03","date_gmt":"2018-03-14T19:06:03","guid":{"rendered":"https:\/\/www.algebris.com\/?page_id=12493"},"modified":"2023-05-25T15:13:28","modified_gmt":"2023-05-25T15:13:28","slug":"algebris-fonds","status":"publish","type":"page","link":"https:\/\/www.algebris.com\/de\/algebris-fonds\/","title":{"rendered":"Algebris Fonds"},"content":{"rendered":"\n<p><strong>SFDR Website Offenlegungen<\/strong><\/p>\n\n\n\n<p class=\"has-text-align-left\">Algebris glaubt an einen verantwortungsvollen Anlageansatz und bef\u00fcrwortet die Transparenzanforderungen der EU Sustainable Finance Disclosure Regulation (SFDR). Bitte beachten Sie, dass Algebris den Prospekt f\u00fcr Algebris UCITS Funds plc aktualisiert hat, um die neuen Offenlegungsvorlagen (SFDR-Anh\u00e4nge) einzubeziehen, die gem\u00e4\u00df SFDR erforderlich sind. F\u00fcr weitere Informationen wird Anlegern empfohlen den aktualisierten Prospekt zu lesen, der nun die detaillierten SFDR-Anh\u00e4nge sowohl f\u00fcr die Artikel 8- als auch f\u00fcr die Artikel 9-Fonds enth\u00e4lt. <\/p>\n\n\n\n<p class=\"has-text-align-left\"><strong><u>SCROLLEN SIE ZU DEN EINZELNEN FONDS, UM DIE AKTUALISIERTEN SUPPLEMENTS UNTER &#8216;PROSPECTUS&#8217; ZU SEHEN<\/u><\/strong><\/p>\n\n\n\n<p><\/p>\n","protected":false},"excerpt":{"rendered":"<p>SFDR Website Offenlegungen Algebris glaubt an einen verantwortungsvollen Anlageansatz und bef\u00fcrwortet die Transparenzanforderungen der EU Sustainable Finance Disclosure Regulation (SFDR). Bitte beachten Sie, dass Algebris den Prospekt f\u00fcr Algebris UCITS Funds plc aktualisiert hat, um die neuen Offenlegungsvorlagen (SFDR-Anh\u00e4nge) einzubeziehen, die gem\u00e4\u00df SFDR erforderlich sind. F\u00fcr weitere Informationen wird Anlegern empfohlen den aktualisierten Prospekt zu [&hellip;]<\/p>\n","protected":false},"author":7,"featured_media":0,"parent":0,"menu_order":79,"comment_status":"closed","ping_status":"closed","template":"funds","meta":{"_acf_changed":false,"footnotes":""},"class_list":["post-12493","page","type-page","status-publish","hentry"],"acf":[],"yoast_head":"<!-- This site is optimized with the Yoast SEO plugin v27.1.1 - https:\/\/yoast.com\/product\/yoast-seo-wordpress\/ -->\n<title>Algebris Fonds - Algebris Investments<\/title>\n<meta name=\"robots\" content=\"index, follow, max-snippet:-1, max-image-preview:large, max-video-preview:-1\" \/>\n<link rel=\"canonical\" href=\"https:\/\/www.algebris.com\/de\/algebris-fonds\/\" \/>\n<meta property=\"og:locale\" content=\"de_DE\" \/>\n<meta property=\"og:type\" content=\"article\" \/>\n<meta property=\"og:title\" content=\"Algebris Fonds - Algebris Investments\" \/>\n<meta property=\"og:description\" content=\"SFDR Website Offenlegungen Algebris glaubt an einen verantwortungsvollen Anlageansatz und bef\u00fcrwortet die Transparenzanforderungen der EU Sustainable Finance Disclosure Regulation (SFDR). Bitte beachten Sie, dass Algebris den Prospekt f\u00fcr Algebris UCITS Funds plc aktualisiert hat, um die neuen Offenlegungsvorlagen (SFDR-Anh\u00e4nge) einzubeziehen, die gem\u00e4\u00df SFDR erforderlich sind. F\u00fcr weitere Informationen wird Anlegern empfohlen den aktualisierten Prospekt zu [&hellip;]\" \/>\n<meta property=\"og:url\" content=\"https:\/\/www.algebris.com\/de\/algebris-fonds\/\" \/>\n<meta property=\"og:site_name\" content=\"Algebris Investments\" \/>\n<meta property=\"article:modified_time\" content=\"2023-05-25T15:13:28+00:00\" \/>\n<meta name=\"twitter:card\" content=\"summary_large_image\" \/>\n<meta name=\"twitter:label1\" content=\"Est. reading time\" \/>\n\t<meta name=\"twitter:data1\" content=\"1 minute\" \/>\n<script type=\"application\/ld+json\" class=\"yoast-schema-graph\">{\"@context\":\"https:\/\/schema.org\",\"@graph\":[{\"@type\":\"WebPage\",\"@id\":\"https:\/\/www.algebris.com\/de\/algebris-fonds\/\",\"url\":\"https:\/\/www.algebris.com\/de\/algebris-fonds\/\",\"name\":\"Algebris Fonds - Algebris Investments\",\"isPartOf\":{\"@id\":\"https:\/\/www.algebris.com\/de\/#website\"},\"datePublished\":\"2018-03-14T19:06:03+00:00\",\"dateModified\":\"2023-05-25T15:13:28+00:00\",\"breadcrumb\":{\"@id\":\"https:\/\/www.algebris.com\/de\/algebris-fonds\/#breadcrumb\"},\"inLanguage\":\"de-DE\",\"potentialAction\":[{\"@type\":\"ReadAction\",\"target\":[\"https:\/\/www.algebris.com\/de\/algebris-fonds\/\"]}]},{\"@type\":\"BreadcrumbList\",\"@id\":\"https:\/\/www.algebris.com\/de\/algebris-fonds\/#breadcrumb\",\"itemListElement\":[{\"@type\":\"ListItem\",\"position\":1,\"name\":\"Home\",\"item\":\"https:\/\/www.algebris.com\/de\/\"},{\"@type\":\"ListItem\",\"position\":2,\"name\":\"Algebris Fonds\"}]},{\"@type\":\"WebSite\",\"@id\":\"https:\/\/www.algebris.com\/de\/#website\",\"url\":\"https:\/\/www.algebris.com\/de\/\",\"name\":\"Algebris Investments\",\"description\":\"\",\"publisher\":{\"@id\":\"https:\/\/www.algebris.com\/de\/#organization\"},\"potentialAction\":[{\"@type\":\"SearchAction\",\"target\":{\"@type\":\"EntryPoint\",\"urlTemplate\":\"https:\/\/www.algebris.com\/de\/?s={search_term_string}\"},\"query-input\":{\"@type\":\"PropertyValueSpecification\",\"valueRequired\":true,\"valueName\":\"search_term_string\"}}],\"inLanguage\":\"de-DE\"},{\"@type\":\"Organization\",\"@id\":\"https:\/\/www.algebris.com\/de\/#organization\",\"name\":\"Algebris Investments\",\"url\":\"https:\/\/www.algebris.com\/de\/\",\"logo\":{\"@type\":\"ImageObject\",\"inLanguage\":\"de-DE\",\"@id\":\"https:\/\/www.algebris.com\/de\/#\/schema\/logo\/image\/\",\"url\":\"https:\/\/media.algebris.com\/content\/cropped-logo1.png\",\"contentUrl\":\"https:\/\/media.algebris.com\/content\/cropped-logo1.png\",\"width\":250,\"height\":78,\"caption\":\"Algebris Investments\"},\"image\":{\"@id\":\"https:\/\/www.algebris.com\/de\/#\/schema\/logo\/image\/\"},\"sameAs\":[\"https:\/\/www.linkedin.com\/company\/algebris-investments\/about\/\",\"https:\/\/www.youtube.com\/channel\/UC_MiRdysidJhtSWRVxtH-3g\/featured\"]}]}<\/script>\n<!-- \/ Yoast SEO plugin. -->","yoast_head_json":{"title":"Algebris Fonds - Algebris Investments","robots":{"index":"index","follow":"follow","max-snippet":"max-snippet:-1","max-image-preview":"max-image-preview:large","max-video-preview":"max-video-preview:-1"},"canonical":"https:\/\/www.algebris.com\/de\/algebris-fonds\/","og_locale":"de_DE","og_type":"article","og_title":"Algebris Fonds - Algebris Investments","og_description":"SFDR Website Offenlegungen Algebris glaubt an einen verantwortungsvollen Anlageansatz und bef\u00fcrwortet die Transparenzanforderungen der EU Sustainable Finance Disclosure Regulation (SFDR). Bitte beachten Sie, dass Algebris den Prospekt f\u00fcr Algebris UCITS Funds plc aktualisiert hat, um die neuen Offenlegungsvorlagen (SFDR-Anh\u00e4nge) einzubeziehen, die gem\u00e4\u00df SFDR erforderlich sind. F\u00fcr weitere Informationen wird Anlegern empfohlen den aktualisierten Prospekt zu [&hellip;]","og_url":"https:\/\/www.algebris.com\/de\/algebris-fonds\/","og_site_name":"Algebris Investments","article_modified_time":"2023-05-25T15:13:28+00:00","twitter_card":"summary_large_image","twitter_misc":{"Est. reading time":"1 minute"},"schema":{"@context":"https:\/\/schema.org","@graph":[{"@type":"WebPage","@id":"https:\/\/www.algebris.com\/de\/algebris-fonds\/","url":"https:\/\/www.algebris.com\/de\/algebris-fonds\/","name":"Algebris Fonds - Algebris Investments","isPartOf":{"@id":"https:\/\/www.algebris.com\/de\/#website"},"datePublished":"2018-03-14T19:06:03+00:00","dateModified":"2023-05-25T15:13:28+00:00","breadcrumb":{"@id":"https:\/\/www.algebris.com\/de\/algebris-fonds\/#breadcrumb"},"inLanguage":"de-DE","potentialAction":[{"@type":"ReadAction","target":["https:\/\/www.algebris.com\/de\/algebris-fonds\/"]}]},{"@type":"BreadcrumbList","@id":"https:\/\/www.algebris.com\/de\/algebris-fonds\/#breadcrumb","itemListElement":[{"@type":"ListItem","position":1,"name":"Home","item":"https:\/\/www.algebris.com\/de\/"},{"@type":"ListItem","position":2,"name":"Algebris Fonds"}]},{"@type":"WebSite","@id":"https:\/\/www.algebris.com\/de\/#website","url":"https:\/\/www.algebris.com\/de\/","name":"Algebris Investments","description":"","publisher":{"@id":"https:\/\/www.algebris.com\/de\/#organization"},"potentialAction":[{"@type":"SearchAction","target":{"@type":"EntryPoint","urlTemplate":"https:\/\/www.algebris.com\/de\/?s={search_term_string}"},"query-input":{"@type":"PropertyValueSpecification","valueRequired":true,"valueName":"search_term_string"}}],"inLanguage":"de-DE"},{"@type":"Organization","@id":"https:\/\/www.algebris.com\/de\/#organization","name":"Algebris Investments","url":"https:\/\/www.algebris.com\/de\/","logo":{"@type":"ImageObject","inLanguage":"de-DE","@id":"https:\/\/www.algebris.com\/de\/#\/schema\/logo\/image\/","url":"https:\/\/media.algebris.com\/content\/cropped-logo1.png","contentUrl":"https:\/\/media.algebris.com\/content\/cropped-logo1.png","width":250,"height":78,"caption":"Algebris Investments"},"image":{"@id":"https:\/\/www.algebris.com\/de\/#\/schema\/logo\/image\/"},"sameAs":["https:\/\/www.linkedin.com\/company\/algebris-investments\/about\/","https:\/\/www.youtube.com\/channel\/UC_MiRdysidJhtSWRVxtH-3g\/featured"]}]}},"_links":{"self":[{"href":"https:\/\/www.algebris.com\/de\/wp-json\/wp\/v2\/pages\/12493","targetHints":{"allow":["GET"]}}],"collection":[{"href":"https:\/\/www.algebris.com\/de\/wp-json\/wp\/v2\/pages"}],"about":[{"href":"https:\/\/www.algebris.com\/de\/wp-json\/wp\/v2\/types\/page"}],"author":[{"embeddable":true,"href":"https:\/\/www.algebris.com\/de\/wp-json\/wp\/v2\/users\/7"}],"replies":[{"embeddable":true,"href":"https:\/\/www.algebris.com\/de\/wp-json\/wp\/v2\/comments?post=12493"}],"version-history":[{"count":4,"href":"https:\/\/www.algebris.com\/de\/wp-json\/wp\/v2\/pages\/12493\/revisions"}],"predecessor-version":[{"id":17902,"href":"https:\/\/www.algebris.com\/de\/wp-json\/wp\/v2\/pages\/12493\/revisions\/17902"}],"wp:attachment":[{"href":"https:\/\/www.algebris.com\/de\/wp-json\/wp\/v2\/media?parent=12493"}],"curies":[{"name":"wp","href":"https:\/\/api.w.org\/{rel}","templated":true}]}}