{"id":24654,"date":"2024-12-27T13:48:55","date_gmt":"2024-12-27T13:48:55","guid":{"rendered":"https:\/\/algebris-newdev.77agency.dev\/?page_id=24654"},"modified":"2026-01-07T09:04:49","modified_gmt":"2026-01-07T09:04:49","slug":"careers","status":"publish","type":"page","link":"https:\/\/www.algebris.com\/de\/careers\/","title":{"rendered":"Karriere bei Algebris"},"content":{"rendered":"\n<div class=\"contact-banner\">\n\n    \n<\/div>\n\n\n<div style=\"height:38px\" aria-hidden=\"true\" class=\"wp-block-spacer\"><\/div>\n\n\n\n<div class=\"wp-block-columns is-layout-flex wp-container-core-columns-is-layout-9d6595d7 wp-block-columns-is-layout-flex\">\n<div class=\"wp-block-column is-layout-flow wp-block-column-is-layout-flow\" style=\"flex-basis:66.66%\">\n<div class=\"blog-heading\">\n    <div class=\"blog_heading_wrap\">\n        <div class=\"blog_inner_sub_title\">\n                    <\/div>\n        <div class=\"blog_inner_title\">\n             <h2>Berufserfahrene<\/h2>\n        <\/div>\n    <\/div>\n\n<\/div>\n\n\n<p>Erfahrenen Professionals die sich fachlich und pers\u00f6nlich weiterentwickeln wollen, stehen unsere T\u00fcren immer offen. Algebris bietet Ihnen ausgezeichnete Perspektiven f\u00fcr die weitere Entwicklung Ihrer Karriere \u2013 somit k\u00f6nnen Sie Teil der langfristigen Erfolgsgeschichte unseres Unternehmens werden.<\/p>\n\n\n\n<div class=\"blog-heading\">\n    <div class=\"blog_heading_wrap\">\n        <div class=\"blog_inner_sub_title\">\n                    <\/div>\n        <div class=\"blog_inner_title\">\n             <h2>Praktikanten und Hochschulabsolventen<\/h2>\n        <\/div>\n    <\/div>\n\n<\/div>\n\n\n<h4 class=\"wp-block-heading\">Internships<\/h4>\n\n\n\n<p>Unser Praktikum gew\u00e4hrleistet praxisnahes Arbeiten on-the-job und vermittelt die n\u00f6tige Erfahrung f\u00fcr den Einstieg in die Verm\u00f6gensverwaltungsbranche. Die Anzahl der Sommeranalysten ist limitiert. So k\u00f6nnen wir eine vielf\u00e4ltige Arbeitserfahrung bieten, die im Einklang mit unseren Gesch\u00e4ftsbed\u00fcrfnissen steht.<\/p>\n\n\n\n<h4 class=\"wp-block-heading\">Absolventen<\/h4>\n\n\n\n<p>Analysten werden von Anfang an als wichtiges Teammitglied gesch\u00e4tzt. Ihre Analysen flie\u00dfen direkt in den Investmentprozess ein und Sie werden aktiv zu internen Investmentmeetings beitragen. Durch die enge Zusammenarbeit mit unseren Investmentspezialisten, haben Sie die M\u00f6glichkeit weitreichende Erfahrung zu sammeln. Wir legen gro\u00dfen Wert auf Weiterbildung und unterst\u00fctzen Sie bei der Absolvierung des CFA-Programms. Wir bieten Ihnen alle erforderlichen Tools, die Sie f\u00fcr eine erfolgreiche Karriere bei Algebris ben\u00f6tigen.<\/p>\n\n\n\n<h4 class=\"wp-block-heading\">Wen wir suchen<\/h4>\n\n\n\n<p>Unser Praktikumsprogramm steht ausschlie\u00dflich Master Studenten offen. Unsere Analystenstellen sind f\u00fcr Absolventen eines Masterstudienganges, sowie f\u00fcr Master Studenten im letzten Studienjahr ausgeschrieben. Eine starke akademische Leistung ist der erste Schritt f\u00fcr eine erfolgreiche Bewerbung. Wir erfordern mindestens einen 2:1-Abschluss (bzw. erwarteten Abschluss) an einer Spitzenuniversit\u00e4t.<\/p>\n\n\n\n<p>Algebris sch\u00e4tzt Kandidaten mit Unternehmergeist, hoher Motivation und unabh\u00e4ngiger Denkweise. Eine Leidenschaft f\u00fcr Investments und Asset Management ist auschlaggebend und Kandidaten sollen Freude daran haben, in einem dynamischen und abwechslungsreichen Team mitzuwirken. Erfolgreiche Kandidaten zeichnen sich durch analytische F\u00e4higkeiten, Detailgenauigkeit und durch gutes Zeitmanagement aus.<\/p>\n\n\n\n<h4 class=\"wp-block-heading\">London Summer Internship 2026<\/h4>\n\n\n\n<p>Die Bewerbungsfrist f\u00fcr unser Sommerpraktikumsprogramm 2026 in London ist nun abgelaufen. Das Bewerbungsverfahren f\u00fcr 2027 beginnt im September 2026.<\/p>\n<\/div>\n\n\n\n<div class=\"wp-block-column is-layout-flow wp-block-column-is-layout-flow\" style=\"flex-basis:33.33%\">\n<div style=\"height:22px\" aria-hidden=\"true\" class=\"wp-block-spacer\"><\/div>\n\n\n\n<h4 class=\"wp-block-heading\">Offene Stellen einsehen<\/h4>\n\n\n\n<p>Keine freien Stellen.<\/p>\n<\/div>\n<\/div>\n\n\n\n<div style=\"height:40px\" aria-hidden=\"true\" class=\"wp-block-spacer\"><\/div>\n\n\n\n<div class=\"blog-heading\">\n    <div class=\"blog_heading_wrap\">\n        <div class=\"blog_inner_sub_title\">\n                    <\/div>\n        <div class=\"blog_inner_title\">\n             <h2>Das team<\/h2>\n        <\/div>\n    <\/div>\n\n<\/div>\n\n\n<div class=\"wp-block-buttons is-layout-flex wp-block-buttons-is-layout-flex\">\n<div class=\"wp-block-button is-style-outline is-style-outline--1\"><a class=\"wp-block-button__link wp-element-button\" href=\"\/algebris-team\">Das team<\/a><\/div>\n<\/div>\n\n\n\n<div class=\"large-text\">\n    <div class=\"sidebar__innerblock\">\n\n<p><\/p>\n\n<\/div>\n<\/div>","protected":false},"excerpt":{"rendered":"<p>Erfahrenen Professionals die sich fachlich und pers\u00f6nlich weiterentwickeln wollen, stehen unsere T\u00fcren immer offen. Algebris bietet Ihnen ausgezeichnete Perspektiven f\u00fcr die weitere Entwicklung Ihrer Karriere \u2013 somit k\u00f6nnen Sie Teil der langfristigen Erfolgsgeschichte unseres Unternehmens werden. Internships Unser Praktikum gew\u00e4hrleistet praxisnahes Arbeiten on-the-job und vermittelt die n\u00f6tige Erfahrung f\u00fcr den Einstieg in die Verm\u00f6gensverwaltungsbranche. Die [&hellip;]<\/p>\n","protected":false},"author":7,"featured_media":0,"parent":0,"menu_order":0,"comment_status":"closed","ping_status":"closed","template":"templates\/boxed-template.php","meta":{"_acf_changed":false,"footnotes":""},"class_list":["post-24654","page","type-page","status-publish","hentry"],"acf":[],"yoast_head":"<!-- This site is optimized with the Yoast SEO plugin v27.1.1 - https:\/\/yoast.com\/product\/yoast-seo-wordpress\/ -->\n<title>Karriere bei Algebris - Algebris Investments<\/title>\n<meta name=\"robots\" content=\"index, follow, max-snippet:-1, max-image-preview:large, max-video-preview:-1\" \/>\n<link rel=\"canonical\" href=\"https:\/\/www.algebris.com\/de\/careers\/\" \/>\n<meta property=\"og:locale\" content=\"de_DE\" \/>\n<meta property=\"og:type\" content=\"article\" \/>\n<meta property=\"og:title\" content=\"Karriere bei Algebris - Algebris Investments\" \/>\n<meta property=\"og:description\" content=\"Erfahrenen Professionals die sich fachlich und pers\u00f6nlich weiterentwickeln wollen, stehen unsere T\u00fcren immer offen. Algebris bietet Ihnen ausgezeichnete Perspektiven f\u00fcr die weitere Entwicklung Ihrer Karriere \u2013 somit k\u00f6nnen Sie Teil der langfristigen Erfolgsgeschichte unseres Unternehmens werden. Internships Unser Praktikum gew\u00e4hrleistet praxisnahes Arbeiten on-the-job und vermittelt die n\u00f6tige Erfahrung f\u00fcr den Einstieg in die Verm\u00f6gensverwaltungsbranche. Die [&hellip;]\" \/>\n<meta property=\"og:url\" content=\"https:\/\/www.algebris.com\/de\/careers\/\" \/>\n<meta property=\"og:site_name\" content=\"Algebris Investments\" \/>\n<meta property=\"article:modified_time\" content=\"2026-01-07T09:04:49+00:00\" \/>\n<meta name=\"twitter:card\" content=\"summary_large_image\" \/>\n<meta name=\"twitter:label1\" content=\"Est. reading time\" \/>\n\t<meta name=\"twitter:data1\" content=\"2 minutes\" \/>\n<script type=\"application\/ld+json\" class=\"yoast-schema-graph\">{\"@context\":\"https:\/\/schema.org\",\"@graph\":[{\"@type\":\"WebPage\",\"@id\":\"https:\/\/www.algebris.com\/de\/careers\/\",\"url\":\"https:\/\/www.algebris.com\/de\/careers\/\",\"name\":\"Karriere bei Algebris - Algebris Investments\",\"isPartOf\":{\"@id\":\"https:\/\/www.algebris.com\/de\/#website\"},\"datePublished\":\"2024-12-27T13:48:55+00:00\",\"dateModified\":\"2026-01-07T09:04:49+00:00\",\"breadcrumb\":{\"@id\":\"https:\/\/www.algebris.com\/de\/careers\/#breadcrumb\"},\"inLanguage\":\"de-DE\",\"potentialAction\":[{\"@type\":\"ReadAction\",\"target\":[\"https:\/\/www.algebris.com\/de\/careers\/\"]}]},{\"@type\":\"BreadcrumbList\",\"@id\":\"https:\/\/www.algebris.com\/de\/careers\/#breadcrumb\",\"itemListElement\":[{\"@type\":\"ListItem\",\"position\":1,\"name\":\"Home\",\"item\":\"https:\/\/www.algebris.com\/de\/\"},{\"@type\":\"ListItem\",\"position\":2,\"name\":\"Karriere bei Algebris\"}]},{\"@type\":\"WebSite\",\"@id\":\"https:\/\/www.algebris.com\/de\/#website\",\"url\":\"https:\/\/www.algebris.com\/de\/\",\"name\":\"Algebris Investments\",\"description\":\"\",\"publisher\":{\"@id\":\"https:\/\/www.algebris.com\/de\/#organization\"},\"potentialAction\":[{\"@type\":\"SearchAction\",\"target\":{\"@type\":\"EntryPoint\",\"urlTemplate\":\"https:\/\/www.algebris.com\/de\/?s={search_term_string}\"},\"query-input\":{\"@type\":\"PropertyValueSpecification\",\"valueRequired\":true,\"valueName\":\"search_term_string\"}}],\"inLanguage\":\"de-DE\"},{\"@type\":\"Organization\",\"@id\":\"https:\/\/www.algebris.com\/de\/#organization\",\"name\":\"Algebris Investments\",\"url\":\"https:\/\/www.algebris.com\/de\/\",\"logo\":{\"@type\":\"ImageObject\",\"inLanguage\":\"de-DE\",\"@id\":\"https:\/\/www.algebris.com\/de\/#\/schema\/logo\/image\/\",\"url\":\"https:\/\/media.algebris.com\/content\/cropped-logo1.png\",\"contentUrl\":\"https:\/\/media.algebris.com\/content\/cropped-logo1.png\",\"width\":250,\"height\":78,\"caption\":\"Algebris Investments\"},\"image\":{\"@id\":\"https:\/\/www.algebris.com\/de\/#\/schema\/logo\/image\/\"},\"sameAs\":[\"https:\/\/www.linkedin.com\/company\/algebris-investments\/about\/\",\"https:\/\/www.youtube.com\/channel\/UC_MiRdysidJhtSWRVxtH-3g\/featured\"]}]}<\/script>\n<!-- \/ Yoast SEO plugin. -->","yoast_head_json":{"title":"Karriere bei Algebris - Algebris Investments","robots":{"index":"index","follow":"follow","max-snippet":"max-snippet:-1","max-image-preview":"max-image-preview:large","max-video-preview":"max-video-preview:-1"},"canonical":"https:\/\/www.algebris.com\/de\/careers\/","og_locale":"de_DE","og_type":"article","og_title":"Karriere bei Algebris - Algebris Investments","og_description":"Erfahrenen Professionals die sich fachlich und pers\u00f6nlich weiterentwickeln wollen, stehen unsere T\u00fcren immer offen. Algebris bietet Ihnen ausgezeichnete Perspektiven f\u00fcr die weitere Entwicklung Ihrer Karriere \u2013 somit k\u00f6nnen Sie Teil der langfristigen Erfolgsgeschichte unseres Unternehmens werden. Internships Unser Praktikum gew\u00e4hrleistet praxisnahes Arbeiten on-the-job und vermittelt die n\u00f6tige Erfahrung f\u00fcr den Einstieg in die Verm\u00f6gensverwaltungsbranche. Die [&hellip;]","og_url":"https:\/\/www.algebris.com\/de\/careers\/","og_site_name":"Algebris Investments","article_modified_time":"2026-01-07T09:04:49+00:00","twitter_card":"summary_large_image","twitter_misc":{"Est. reading time":"2 minutes"},"schema":{"@context":"https:\/\/schema.org","@graph":[{"@type":"WebPage","@id":"https:\/\/www.algebris.com\/de\/careers\/","url":"https:\/\/www.algebris.com\/de\/careers\/","name":"Karriere bei Algebris - Algebris Investments","isPartOf":{"@id":"https:\/\/www.algebris.com\/de\/#website"},"datePublished":"2024-12-27T13:48:55+00:00","dateModified":"2026-01-07T09:04:49+00:00","breadcrumb":{"@id":"https:\/\/www.algebris.com\/de\/careers\/#breadcrumb"},"inLanguage":"de-DE","potentialAction":[{"@type":"ReadAction","target":["https:\/\/www.algebris.com\/de\/careers\/"]}]},{"@type":"BreadcrumbList","@id":"https:\/\/www.algebris.com\/de\/careers\/#breadcrumb","itemListElement":[{"@type":"ListItem","position":1,"name":"Home","item":"https:\/\/www.algebris.com\/de\/"},{"@type":"ListItem","position":2,"name":"Karriere bei Algebris"}]},{"@type":"WebSite","@id":"https:\/\/www.algebris.com\/de\/#website","url":"https:\/\/www.algebris.com\/de\/","name":"Algebris Investments","description":"","publisher":{"@id":"https:\/\/www.algebris.com\/de\/#organization"},"potentialAction":[{"@type":"SearchAction","target":{"@type":"EntryPoint","urlTemplate":"https:\/\/www.algebris.com\/de\/?s={search_term_string}"},"query-input":{"@type":"PropertyValueSpecification","valueRequired":true,"valueName":"search_term_string"}}],"inLanguage":"de-DE"},{"@type":"Organization","@id":"https:\/\/www.algebris.com\/de\/#organization","name":"Algebris Investments","url":"https:\/\/www.algebris.com\/de\/","logo":{"@type":"ImageObject","inLanguage":"de-DE","@id":"https:\/\/www.algebris.com\/de\/#\/schema\/logo\/image\/","url":"https:\/\/media.algebris.com\/content\/cropped-logo1.png","contentUrl":"https:\/\/media.algebris.com\/content\/cropped-logo1.png","width":250,"height":78,"caption":"Algebris Investments"},"image":{"@id":"https:\/\/www.algebris.com\/de\/#\/schema\/logo\/image\/"},"sameAs":["https:\/\/www.linkedin.com\/company\/algebris-investments\/about\/","https:\/\/www.youtube.com\/channel\/UC_MiRdysidJhtSWRVxtH-3g\/featured"]}]}},"_links":{"self":[{"href":"https:\/\/www.algebris.com\/de\/wp-json\/wp\/v2\/pages\/24654","targetHints":{"allow":["GET"]}}],"collection":[{"href":"https:\/\/www.algebris.com\/de\/wp-json\/wp\/v2\/pages"}],"about":[{"href":"https:\/\/www.algebris.com\/de\/wp-json\/wp\/v2\/types\/page"}],"author":[{"embeddable":true,"href":"https:\/\/www.algebris.com\/de\/wp-json\/wp\/v2\/users\/7"}],"replies":[{"embeddable":true,"href":"https:\/\/www.algebris.com\/de\/wp-json\/wp\/v2\/comments?post=24654"}],"version-history":[{"count":3,"href":"https:\/\/www.algebris.com\/de\/wp-json\/wp\/v2\/pages\/24654\/revisions"}],"predecessor-version":[{"id":28979,"href":"https:\/\/www.algebris.com\/de\/wp-json\/wp\/v2\/pages\/24654\/revisions\/28979"}],"wp:attachment":[{"href":"https:\/\/www.algebris.com\/de\/wp-json\/wp\/v2\/media?parent=24654"}],"curies":[{"name":"wp","href":"https:\/\/api.w.org\/{rel}","templated":true}]}}