{"id":24655,"date":"2024-12-27T13:48:28","date_gmt":"2024-12-27T13:48:28","guid":{"rendered":"https:\/\/algebris-newdev.77agency.dev\/?page_id=24655"},"modified":"2026-02-20T09:37:05","modified_gmt":"2026-02-20T09:37:05","slug":"esg2025","status":"publish","type":"page","link":"https:\/\/www.algebris.com\/de\/esg2025\/","title":{"rendered":"Nachhaltigkeit"},"content":{"rendered":"\n<div style=\"height:38px\" aria-hidden=\"true\" class=\"wp-block-spacer\"><\/div>\n\n\n\n<p>Als Anleger sind wir uns bewusst, dass sich unser Einfluss auf die Umwelt und die Gesellschaft in erster Linie in unseren Anlageentscheidungen manifestiert. Mit den Entscheidungen, die wir bei der Kapitalallokation in unseren Portfolios treffen, k\u00f6nnen wir zu einer gr\u00fcneren, gerechteren und nachhaltigeren Wirtschaft beitragen.<\/p>\n\n\n\n<p>ESG-Strategien werden in der gesamten Branche immer mehr nachgefragt. Das Fehlen einer einheitlichen Taxonomie zu Nachhaltigkeit und eines klar definierten ESG-Rechtsrahmens birgt jedoch das Risiko von \u201cGreen Washing\u201d und\/oder von \u201cTick the Box\u201d-Ans\u00e4tzen.<\/p>\n\n\n\n<div class=\"blog-heading\">\n    <div class=\"blog_heading_wrap\">\n        <div class=\"blog_inner_sub_title\">\n                    <\/div>\n        <div class=\"blog_inner_title\">\n             <h2>Richtlinie zu ESG und verantwortungsvollen investitionen<\/h2>\n        <\/div>\n    <\/div>\n\n<\/div>\n\n\n<p>Diese Stellungnahme beschreibt den Ansatz von Algebris f\u00fcr verantwortungsvolles Investieren in allen unseren Strategien. Das Regelwerk erl\u00e4utert auch die Integration von Nachhaltigkeitsfaktoren (ESG) in das Ethos, die Kultur, die Gesch\u00e4ftst\u00e4tigkeit und die soziale Verantwortung von Algebris.<\/p>\n\n\n\n<p>Um das vollst\u00e4ndige Dokument der \u201e<em>Algebris ESG and Responsible Investment Policy<\/em>\u201c zu lesen, klicken Sie bitte&nbsp;<strong><a href=\"https:\/\/media.algebris.com\/policies\/Algebris_Investments_ESG_RI_Policy.pdf\" target=\"_blank\" rel=\"noreferrer noopener\"><strong>hier<\/strong><\/a><\/strong>.<\/p>\n\n\n\n<div class=\"blog-heading\">\n    <div class=\"blog_heading_wrap\">\n        <div class=\"blog_inner_sub_title\">\n                    <\/div>\n        <div class=\"blog_inner_title\">\n             <h2>ESG-Ausschlussrichtlinien<\/h2>\n        <\/div>\n    <\/div>\n\n<\/div>\n\n\n<p>In unseren liquiden Fonds haben wir klare Ausschlusskriterien f\u00fcr&nbsp;<strong>Thermalkohle, umstrittene Waffen, Tabak&nbsp;<\/strong>und&nbsp;<strong>unlautere Kreditvergabe<\/strong>&nbsp;festgelegt. Als spezialisierter Investor im Finanzsektor mit Fokus auf G-SIFIs sehen wir eine gro\u00dfe Chance: Wir k\u00f6nnen die Kapitalallokation weg von wirtschaftlichen Aktivit\u00e4ten lenken, die dem Planeten und der Gesellschaft schaden. Wir betrachten den Bankensektor als Katalysator beim \u00dcbergang zu einer gr\u00fcneren und nachhaltigen Wirtschaft \u2013 ihm kommt eine Schl\u00fcsselrolle durch die Finanzierung der relevanten wirtschaftlichen Aktivit\u00e4ten zu.<br>Unsere ESG-Ausschlussrichtlinien umfassen auch durch unser \u201cFinanzierungs-Overlay\u201d die Finanzierungsketten der oben erw\u00e4hnten Aktivit\u00e4ten.<\/p>\n\n\n\n<p>Um das vollst\u00e4ndige Dokument der Algebris ESG-Ausschlussrichtlinien zu lesen, klicken Sie bitte&nbsp;<strong><a href=\"https:\/\/media.algebris.com\/policies\/Algebris_ESG_Exclusion_Policies.pdf\" target=\"_blank\" rel=\"noreferrer noopener\">hier<\/a><\/strong>.<\/p>\n\n\n\n<div style=\"height:30px\" aria-hidden=\"true\" class=\"wp-block-spacer\"><\/div>\n\n\n\n<div class=\"blog-heading\">\n    <div class=\"blog_heading_wrap\">\n        <div class=\"blog_inner_sub_title\">\n                    <\/div>\n        <div class=\"blog_inner_title\">\n             <h2>Industrieinitiativen<\/h2>\n        <\/div>\n    <\/div>\n\n<\/div>\n\n\n<p>Algebris hat sich dazu verpflichtet, proaktiv mit Regulatoren und weiteren relevanten Organisationen zusammenzuarbeiten. Dabei adressieren wir verschiedene Themen, die f\u00fcr unser Unternehmen, unsere Anleger und ESG-Anliegen wichtig sind.<\/p>\n\n\n\n<p>Beispiele f\u00fcr diesen proaktiven Ansatz finden Sie unten.<\/p>\n\n\n\n<p>Wir haben schon fr\u00fch Bedenken hinsichtlich des ESG-Beratungsvertrags ge\u00e4u\u00dfert, den die Europ\u00e4ische Kommission an BlackRock vergeben hat. Im Rahmen dieses Beratungsauftrags sollte BlackRock eine Studie \u00fcber die Integration von Vorschriften f\u00fcr klimabezogene Investitionen in die Bankenregulierung erstellen. Bei der Vergabe dieses Auftrags durch die Kommission wurde ein m\u00f6glicher Interessenkonflikt zu wenig ber\u00fccksichtigt.<\/p>\n\n\n\n<p><a href=\"https:\/\/media.algebris.com\/SFDR\/Letter%20to%20EC-15%2004%202020.pdf\" target=\"_blank\" rel=\"noreferrer noopener\">ZUM BRIEF<\/a><\/p>\n\n\n\n<p>Wir haben ein Schreiben an die EU und die italienischen Beh\u00f6rden gerichtet, in dem wir folgende Bedenken zum Ausdruck bringen: Die derzeitige unregulierte Struktur der ESG-Rating-Branche unterminiert die Bem\u00fchungen der EU zur F\u00f6rderung der Transparenz in Bezug auf die Nachhaltigkeitsnachweise von Anlageprodukten. Das k\u00f6nnte ein Risiko von Greenwashing, Kapitalfehlallokation und Fehlverk\u00e4ufen von Produkten schaffen.<\/p>\n\n\n\n<p><a href=\"https:\/\/media.algebris.com\/content\/Morningstar-Letter-12-07-2021-1.pdf\" target=\"_blank\" rel=\"noreferrer noopener\">ZUM BRIEF<\/a><\/p>\n\n\n\n<div style=\"height:25px\" aria-hidden=\"true\" class=\"wp-block-spacer\"><\/div>\n\n\n\n<p>Algebris unterst\u00fctzt auch eine Reihe von internationalen Initiativen:<\/p>\n\n\n\n<div class=\"wp-block-columns is-layout-flex wp-container-core-columns-is-layout-9d6595d7 wp-block-columns-is-layout-flex\">\n<div class=\"wp-block-column is-layout-flow wp-block-column-is-layout-flow\"><div class=\"wp-block-image\">\n<figure class=\"aligncenter size-full is-resized\"><img loading=\"lazy\" decoding=\"async\" width=\"920\" height=\"200\" src=\"https:\/\/media.algebris.com\/content\/image-37.png\" alt=\"\" class=\"wp-image-23928\" style=\"width:auto;height:50px\" srcset=\"https:\/\/media.algebris.com\/content\/image-37.png 920w, https:\/\/media.algebris.com\/content\/image-37-500x109.png 500w, https:\/\/media.algebris.com\/content\/image-37-768x167.png 768w\" sizes=\"auto, (max-width: 920px) 100vw, 920px\" \/><\/figure>\n<\/div>\n\n\n<p><strong>Algebris unterzeichnete am 23. Juli 2019 das UNPRI Abkommen<\/strong><\/p>\n<\/div>\n\n\n\n<div class=\"wp-block-column is-layout-flow wp-block-column-is-layout-flow\"><div class=\"wp-block-image\">\n<figure class=\"aligncenter size-full is-resized\"><img loading=\"lazy\" decoding=\"async\" width=\"1000\" height=\"185\" src=\"https:\/\/media.algebris.com\/content\/image-38.png\" alt=\"\" class=\"wp-image-23929\" style=\"width:auto;height:50px\" srcset=\"https:\/\/media.algebris.com\/content\/image-38.png 1000w, https:\/\/media.algebris.com\/content\/image-38-500x93.png 500w, https:\/\/media.algebris.com\/content\/image-38-768x142.png 768w\" sizes=\"auto, (max-width: 1000px) 100vw, 1000px\" \/><\/figure>\n<\/div>\n\n\n<p><strong>Algebris wurde im Oktober 2020 ein Unterst\u00fctzer von TCFD<\/strong><\/p>\n<\/div>\n\n\n\n<div class=\"wp-block-column is-layout-flow wp-block-column-is-layout-flow\"><div class=\"wp-block-image\">\n<figure class=\"aligncenter size-full is-resized\"><img loading=\"lazy\" decoding=\"async\" width=\"1024\" height=\"441\" src=\"https:\/\/media.algebris.com\/content\/image-39.png\" alt=\"\" class=\"wp-image-23930\" style=\"width:auto;height:50px\" srcset=\"https:\/\/media.algebris.com\/content\/image-39.png 1024w, https:\/\/media.algebris.com\/content\/image-39-500x215.png 500w, https:\/\/media.algebris.com\/content\/image-39-768x331.png 768w\" sizes=\"auto, (max-width: 1024px) 100vw, 1024px\" \/><\/figure>\n<\/div>\n\n\n<p><strong>Algebris unterzeichnete im Oktober 2020 die CDP Investor Initiative<\/strong><\/p>\n<\/div>\n<\/div>\n\n\n\n<div style=\"height:20px\" aria-hidden=\"true\" class=\"wp-block-spacer\"><\/div>\n\n\n\n<p>Algebris unterst\u00fctzt auch die \u201e<strong><a href=\"https:\/\/www.sayonclimate.org\/\" target=\"_blank\" rel=\"noreferrer noopener\"><strong>Say On Climate Initiative<\/strong><\/a><\/strong>\u201c und unterzeichnete ebenfalls die \u201e<strong><a href=\"https:\/\/www.netzeroassetmanagers.org\/\" target=\"_blank\" rel=\"noreferrer noopener\">Net Zero Asset Managers<\/a><\/strong>\u201c<strong>&nbsp;<\/strong>Initiative.<br>Algebris unterzeichnete auch das \u201c<strong><a href=\"https:\/\/theinvestoragenda.org\/focus-areas\/policy-advocacy\/\" target=\"_blank\" rel=\"noreferrer noopener\">The 2021 Global Investor Statement to Governments on the Climate Crisis<\/a><\/strong>\u201d.<\/p>\n\n\n\n<div style=\"height:25px\" aria-hidden=\"true\" class=\"wp-block-spacer\"><\/div>\n\n\n\n<h4 class=\"wp-block-heading\">Voting and engagement report<\/h4>\n\n\n\n<p>To access Algebris 2024 Voting &amp; Engagement Report click&nbsp;<a href=\"https:\/\/media.algebris.com\/content\/2024-Algebris-Voting-and-Engagement-Report.pdf\" target=\"_blank\" rel=\"noreferrer noopener\">here<\/a> (in English)<br>To access Algebris 2023 Voting &amp; Engagement Report click&nbsp;<a href=\"https:\/\/media.algebris.com\/content\/2023-Algebris-Voting-and-Engagement-Report.pdf\" target=\"_blank\" rel=\"noreferrer noopener\">here<\/a> (in English)<br>To access Algebris 2022 Voting &amp; Engagement Report click&nbsp;<a href=\"https:\/\/media.algebris.com\/content\/Algebris-Investments-2022-Voting-and-Engagement-Report.pdf\" target=\"_blank\" rel=\"noreferrer noopener\">here<\/a> (in English)<br>To access Algebris 2021 Voting &amp; Engagement Report click&nbsp;<a href=\"https:\/\/media.algebris.com\/content\/Algebris-Investments-2021-Voting-and-Engagement-Report.pdf\" target=\"_blank\" rel=\"noreferrer noopener\">here<\/a> (in English)<\/p>\n\n\n\n<p>To access the 2024 Full voting record click <a href=\"https:\/\/media.algebris.com\/content\/Algebris-full-voting-record-2024.xlsx\" target=\"_blank\" rel=\"noreferrer noopener\">here<\/a> (in English)<br>To access the 2023 Full voting record click&nbsp;<a href=\"https:\/\/media.algebris.com\/content\/Algebris-full-voting-record-2023.xlsx\" target=\"_blank\" rel=\"noreferrer noopener\">here<\/a> (in English)<br>To access the 2022 Full voting record click&nbsp;<a href=\"https:\/\/media.algebris.com\/content\/Algebris-Voting-Record-2022.pdf\" target=\"_blank\" rel=\"noreferrer noopener\">here<\/a> (in English)<\/p>\n\n\n\n<div style=\"height:30px\" aria-hidden=\"true\" class=\"wp-block-spacer\"><\/div>\n\n\n\n<div class=\"blog-heading\">\n    <div class=\"blog_heading_wrap\">\n        <div class=\"blog_inner_sub_title\">\n                    <\/div>\n        <div class=\"blog_inner_title\">\n             <h2>Richtlinen und offenlegungen<\/h2>\n        <\/div>\n    <\/div>\n\n<\/div>\n\n\n<p>Algebris verf\u00fcgt \u00fcber ein engagiertes ESG-Team, das sich \u00fcber 5 Bereiche innerhalb Algebris erstreckt. Mit dem Team bekennt sich Algebris klar zur wachsenden Bedeutung von ESG-Faktoren als Bestandteil von nachhaltigen Anlageprozessen.<\/p>\n\n\n\n<div style=\"height:25px\" aria-hidden=\"true\" class=\"wp-block-spacer\"><\/div>\n\n\n\n<h4 class=\"wp-block-heading\" id=\"esg-and-responsible-investment-policy\">Verantwortungsvolle Investionen<\/h4>\n\n\n\n<p>Diese Stellungnahme beschreibt den Ansatz von Algebris f\u00fcr verantwortungsvolles Investieren in allen unseren Strategien. Das Regelwerk erl\u00e4utert auch die Integration von Nachhaltigkeitsfaktoren (ESG) in das Ethos, die Kultur, die Gesch\u00e4ftst\u00e4tigkeit und die soziale Verantwortung von Algebris.<\/p>\n\n\n\n<p>Um das vollst\u00e4ndige Dokument der \u201e<em>Algebris ESG and Responsible Investment Policy\u201c<\/em>\u00a0zu lesen, klicken Sie bitte\u00a0<strong><a href=\"https:\/\/media.algebris.com\/content\/Algebris-Investments-Responsible-Investment-Policy-September_2025.pdf\" target=\"_blank\" rel=\"noreferrer noopener\">hier<\/a><\/strong><\/p>\n\n\n\n<div style=\"height:25px\" aria-hidden=\"true\" class=\"wp-block-spacer\"><\/div>\n\n\n\n<h4 class=\"wp-block-heading\" id=\"fossil-fuels-investment-policy\">Anlagerichtlinien fur fossile brennstoffe<\/h4>\n\n\n\n<p>Um die \u201e<em>Algebris Investments Fossil Fuels Investment Policy\u201c&nbsp;<\/em>zu lesen, klicken Sie bitte&nbsp;<a href=\"https:\/\/media.algebris.com\/content\/Algebris-Investments-Fossil-Fuels-Investment-Policy-2025.pdf\" target=\"_blank\" rel=\"noreferrer noopener\">hier<\/a><a href=\"https:\/\/media.algebris.com\/content\/Algebris-Investments-Fossil-Fuels-Investment-Policy-2022.pdf\">.<\/a><\/p>\n\n\n\n<div style=\"height:25px\" aria-hidden=\"true\" class=\"wp-block-spacer\"><\/div>\n\n\n\n<h4 class=\"wp-block-heading\" id=\"voting-policy\">Stimmrechtspolitik<\/h4>\n\n\n\n<p>Algebris f\u00f6rdert gute Unternehmensf\u00fchrung und nachhaltige Firmenpraktiken, die zu einer langfristigen Wertsch\u00f6pfung f\u00fcr unsere Investoren beitragen.<\/p>\n\n\n\n<p>Aus diesem Grund haben wir unsere&nbsp;<strong>Richtlinien in Bezug auf die Aus\u00fcbung von Stimmrechten<\/strong>, die Algebris im Namen seiner Kunden und der verwalteten Fonds t\u00e4tigt, festgelegt. Diese schriftlichen Grunds\u00e4tze und Prozesse wurden entwickelt, um sicherzustellen, dass die Stimmabgabe im besten Interesse unserer Kunden und der Anleger durchgef\u00fchrt wird.<\/p>\n\n\n\n<p>Um das vollst\u00e4ndige Dokument der \u201e<em>Algebris Voting Policy\u201c<\/em>&nbsp;zu lesen, klicken Sie bitte&nbsp;<strong><a href=\"https:\/\/media.algebris.com\/content\/2024-Voting-Policy-Algebris-Investments-Ireland-Limited.pdf\" target=\"_blank\" rel=\"noreferrer noopener\">hier<\/a><\/strong>.<\/p>\n\n\n\n<div style=\"height:25px\" aria-hidden=\"true\" class=\"wp-block-spacer\"><\/div>\n\n\n\n<h4 class=\"wp-block-heading\" id=\"sfdr-disclosures\">SFDR-Offenlegungen<\/h4>\n\n\n\n<p><a href=\"https:\/\/media.algebris.com\/content\/Algebris-Remuneration-Policy-SFDR-Disclosure-Feb-2025.pdf\" target=\"_blank\" rel=\"noreferrer noopener\">Remuneration <\/a><a href=\"https:\/\/media.algebris.com\/content\/Algebris-Remuneration-Policy-SFDR-Disclosure-Feb-2025.pdf\">Policy<\/a><br><a href=\"https:\/\/media.algebris.com\/policies\/Integration%20of%20Sustainability%20Risk%20Policy.pdf\" target=\"_blank\" rel=\"noreferrer noopener\">Policy on the Integration of Sustainability Risks<\/a><\/p>\n\n\n\n<div style=\"height:25px\" aria-hidden=\"true\" class=\"wp-block-spacer\"><\/div>\n\n\n\n<h3 class=\"wp-block-heading\">No consideration of adverse impacts of investment decisions on sustainability factors<\/h3>\n\n\n\n<p><a href=\"https:\/\/media.algebris.com\/content\/Principal-Adverse-Impact-Statement-Explanation-of-Non-Compliance-Algebris-1.pdf\" target=\"_blank\" rel=\"noreferrer noopener\">Principal Adverse Impact Statement Explanation of Non-Compliance \u2013 Algebris Investments<\/a><\/p>\n","protected":false},"excerpt":{"rendered":"<p>Als Anleger sind wir uns bewusst, dass sich unser Einfluss auf die Umwelt und die Gesellschaft in erster Linie in unseren Anlageentscheidungen manifestiert. Mit den Entscheidungen, die wir bei der Kapitalallokation in unseren Portfolios treffen, k\u00f6nnen wir zu einer gr\u00fcneren, gerechteren und nachhaltigeren Wirtschaft beitragen. ESG-Strategien werden in der gesamten Branche immer mehr nachgefragt. Das [&hellip;]<\/p>\n","protected":false},"author":7,"featured_media":0,"parent":0,"menu_order":0,"comment_status":"closed","ping_status":"closed","template":"templates\/boxed-template.php","meta":{"_acf_changed":false,"footnotes":""},"class_list":["post-24655","page","type-page","status-publish","hentry"],"acf":[],"yoast_head":"<!-- This site is optimized with the Yoast SEO plugin v27.1.1 - https:\/\/yoast.com\/product\/yoast-seo-wordpress\/ -->\n<title>Nachhaltigkeit - Algebris Investments<\/title>\n<meta name=\"robots\" content=\"index, follow, max-snippet:-1, max-image-preview:large, max-video-preview:-1\" \/>\n<link rel=\"canonical\" href=\"https:\/\/www.algebris.com\/de\/esg2025\/\" \/>\n<meta property=\"og:locale\" content=\"de_DE\" \/>\n<meta property=\"og:type\" content=\"article\" \/>\n<meta property=\"og:title\" content=\"Nachhaltigkeit - Algebris Investments\" \/>\n<meta property=\"og:description\" content=\"Als Anleger sind wir uns bewusst, dass sich unser Einfluss auf die Umwelt und die Gesellschaft in erster Linie in unseren Anlageentscheidungen manifestiert. Mit den Entscheidungen, die wir bei der Kapitalallokation in unseren Portfolios treffen, k\u00f6nnen wir zu einer gr\u00fcneren, gerechteren und nachhaltigeren Wirtschaft beitragen. ESG-Strategien werden in der gesamten Branche immer mehr nachgefragt. Das [&hellip;]\" \/>\n<meta property=\"og:url\" content=\"https:\/\/www.algebris.com\/de\/esg2025\/\" \/>\n<meta property=\"og:site_name\" content=\"Algebris Investments\" \/>\n<meta property=\"article:modified_time\" content=\"2026-02-20T09:37:05+00:00\" \/>\n<meta property=\"og:image\" content=\"https:\/\/media.algebris.com\/content\/image-37.png\" \/>\n\t<meta property=\"og:image:width\" content=\"920\" \/>\n\t<meta property=\"og:image:height\" content=\"200\" \/>\n\t<meta property=\"og:image:type\" content=\"image\/png\" \/>\n<meta name=\"twitter:card\" content=\"summary_large_image\" \/>\n<meta name=\"twitter:label1\" content=\"Est. reading time\" \/>\n\t<meta name=\"twitter:data1\" content=\"4 minutes\" \/>\n<script type=\"application\/ld+json\" class=\"yoast-schema-graph\">{\"@context\":\"https:\/\/schema.org\",\"@graph\":[{\"@type\":\"WebPage\",\"@id\":\"https:\/\/www.algebris.com\/de\/esg2025\/\",\"url\":\"https:\/\/www.algebris.com\/de\/esg2025\/\",\"name\":\"Nachhaltigkeit - Algebris Investments\",\"isPartOf\":{\"@id\":\"https:\/\/www.algebris.com\/de\/#website\"},\"primaryImageOfPage\":{\"@id\":\"https:\/\/www.algebris.com\/de\/esg2025\/#primaryimage\"},\"image\":{\"@id\":\"https:\/\/www.algebris.com\/de\/esg2025\/#primaryimage\"},\"thumbnailUrl\":\"https:\/\/media.algebris.com\/content\/image-37.png\",\"datePublished\":\"2024-12-27T13:48:28+00:00\",\"dateModified\":\"2026-02-20T09:37:05+00:00\",\"breadcrumb\":{\"@id\":\"https:\/\/www.algebris.com\/de\/esg2025\/#breadcrumb\"},\"inLanguage\":\"de-DE\",\"potentialAction\":[{\"@type\":\"ReadAction\",\"target\":[\"https:\/\/www.algebris.com\/de\/esg2025\/\"]}]},{\"@type\":\"ImageObject\",\"inLanguage\":\"de-DE\",\"@id\":\"https:\/\/www.algebris.com\/de\/esg2025\/#primaryimage\",\"url\":\"https:\/\/media.algebris.com\/content\/image-37.png\",\"contentUrl\":\"https:\/\/media.algebris.com\/content\/image-37.png\"},{\"@type\":\"BreadcrumbList\",\"@id\":\"https:\/\/www.algebris.com\/de\/esg2025\/#breadcrumb\",\"itemListElement\":[{\"@type\":\"ListItem\",\"position\":1,\"name\":\"Home\",\"item\":\"https:\/\/www.algebris.com\/de\/\"},{\"@type\":\"ListItem\",\"position\":2,\"name\":\"Nachhaltigkeit\"}]},{\"@type\":\"WebSite\",\"@id\":\"https:\/\/www.algebris.com\/de\/#website\",\"url\":\"https:\/\/www.algebris.com\/de\/\",\"name\":\"Algebris Investments\",\"description\":\"\",\"publisher\":{\"@id\":\"https:\/\/www.algebris.com\/de\/#organization\"},\"potentialAction\":[{\"@type\":\"SearchAction\",\"target\":{\"@type\":\"EntryPoint\",\"urlTemplate\":\"https:\/\/www.algebris.com\/de\/?s={search_term_string}\"},\"query-input\":{\"@type\":\"PropertyValueSpecification\",\"valueRequired\":true,\"valueName\":\"search_term_string\"}}],\"inLanguage\":\"de-DE\"},{\"@type\":\"Organization\",\"@id\":\"https:\/\/www.algebris.com\/de\/#organization\",\"name\":\"Algebris Investments\",\"url\":\"https:\/\/www.algebris.com\/de\/\",\"logo\":{\"@type\":\"ImageObject\",\"inLanguage\":\"de-DE\",\"@id\":\"https:\/\/www.algebris.com\/de\/#\/schema\/logo\/image\/\",\"url\":\"https:\/\/media.algebris.com\/content\/cropped-logo1.png\",\"contentUrl\":\"https:\/\/media.algebris.com\/content\/cropped-logo1.png\",\"width\":250,\"height\":78,\"caption\":\"Algebris Investments\"},\"image\":{\"@id\":\"https:\/\/www.algebris.com\/de\/#\/schema\/logo\/image\/\"},\"sameAs\":[\"https:\/\/www.linkedin.com\/company\/algebris-investments\/about\/\",\"https:\/\/www.youtube.com\/channel\/UC_MiRdysidJhtSWRVxtH-3g\/featured\"]}]}<\/script>\n<!-- \/ Yoast SEO plugin. -->","yoast_head_json":{"title":"Nachhaltigkeit - Algebris Investments","robots":{"index":"index","follow":"follow","max-snippet":"max-snippet:-1","max-image-preview":"max-image-preview:large","max-video-preview":"max-video-preview:-1"},"canonical":"https:\/\/www.algebris.com\/de\/esg2025\/","og_locale":"de_DE","og_type":"article","og_title":"Nachhaltigkeit - Algebris Investments","og_description":"Als Anleger sind wir uns bewusst, dass sich unser Einfluss auf die Umwelt und die Gesellschaft in erster Linie in unseren Anlageentscheidungen manifestiert. Mit den Entscheidungen, die wir bei der Kapitalallokation in unseren Portfolios treffen, k\u00f6nnen wir zu einer gr\u00fcneren, gerechteren und nachhaltigeren Wirtschaft beitragen. ESG-Strategien werden in der gesamten Branche immer mehr nachgefragt. Das [&hellip;]","og_url":"https:\/\/www.algebris.com\/de\/esg2025\/","og_site_name":"Algebris Investments","article_modified_time":"2026-02-20T09:37:05+00:00","og_image":[{"width":920,"height":200,"url":"https:\/\/media.algebris.com\/content\/image-37.png","type":"image\/png"}],"twitter_card":"summary_large_image","twitter_misc":{"Est. reading time":"4 minutes"},"schema":{"@context":"https:\/\/schema.org","@graph":[{"@type":"WebPage","@id":"https:\/\/www.algebris.com\/de\/esg2025\/","url":"https:\/\/www.algebris.com\/de\/esg2025\/","name":"Nachhaltigkeit - Algebris Investments","isPartOf":{"@id":"https:\/\/www.algebris.com\/de\/#website"},"primaryImageOfPage":{"@id":"https:\/\/www.algebris.com\/de\/esg2025\/#primaryimage"},"image":{"@id":"https:\/\/www.algebris.com\/de\/esg2025\/#primaryimage"},"thumbnailUrl":"https:\/\/media.algebris.com\/content\/image-37.png","datePublished":"2024-12-27T13:48:28+00:00","dateModified":"2026-02-20T09:37:05+00:00","breadcrumb":{"@id":"https:\/\/www.algebris.com\/de\/esg2025\/#breadcrumb"},"inLanguage":"de-DE","potentialAction":[{"@type":"ReadAction","target":["https:\/\/www.algebris.com\/de\/esg2025\/"]}]},{"@type":"ImageObject","inLanguage":"de-DE","@id":"https:\/\/www.algebris.com\/de\/esg2025\/#primaryimage","url":"https:\/\/media.algebris.com\/content\/image-37.png","contentUrl":"https:\/\/media.algebris.com\/content\/image-37.png"},{"@type":"BreadcrumbList","@id":"https:\/\/www.algebris.com\/de\/esg2025\/#breadcrumb","itemListElement":[{"@type":"ListItem","position":1,"name":"Home","item":"https:\/\/www.algebris.com\/de\/"},{"@type":"ListItem","position":2,"name":"Nachhaltigkeit"}]},{"@type":"WebSite","@id":"https:\/\/www.algebris.com\/de\/#website","url":"https:\/\/www.algebris.com\/de\/","name":"Algebris Investments","description":"","publisher":{"@id":"https:\/\/www.algebris.com\/de\/#organization"},"potentialAction":[{"@type":"SearchAction","target":{"@type":"EntryPoint","urlTemplate":"https:\/\/www.algebris.com\/de\/?s={search_term_string}"},"query-input":{"@type":"PropertyValueSpecification","valueRequired":true,"valueName":"search_term_string"}}],"inLanguage":"de-DE"},{"@type":"Organization","@id":"https:\/\/www.algebris.com\/de\/#organization","name":"Algebris Investments","url":"https:\/\/www.algebris.com\/de\/","logo":{"@type":"ImageObject","inLanguage":"de-DE","@id":"https:\/\/www.algebris.com\/de\/#\/schema\/logo\/image\/","url":"https:\/\/media.algebris.com\/content\/cropped-logo1.png","contentUrl":"https:\/\/media.algebris.com\/content\/cropped-logo1.png","width":250,"height":78,"caption":"Algebris Investments"},"image":{"@id":"https:\/\/www.algebris.com\/de\/#\/schema\/logo\/image\/"},"sameAs":["https:\/\/www.linkedin.com\/company\/algebris-investments\/about\/","https:\/\/www.youtube.com\/channel\/UC_MiRdysidJhtSWRVxtH-3g\/featured"]}]}},"_links":{"self":[{"href":"https:\/\/www.algebris.com\/de\/wp-json\/wp\/v2\/pages\/24655","targetHints":{"allow":["GET"]}}],"collection":[{"href":"https:\/\/www.algebris.com\/de\/wp-json\/wp\/v2\/pages"}],"about":[{"href":"https:\/\/www.algebris.com\/de\/wp-json\/wp\/v2\/types\/page"}],"author":[{"embeddable":true,"href":"https:\/\/www.algebris.com\/de\/wp-json\/wp\/v2\/users\/7"}],"replies":[{"embeddable":true,"href":"https:\/\/www.algebris.com\/de\/wp-json\/wp\/v2\/comments?post=24655"}],"version-history":[{"count":4,"href":"https:\/\/www.algebris.com\/de\/wp-json\/wp\/v2\/pages\/24655\/revisions"}],"predecessor-version":[{"id":29388,"href":"https:\/\/www.algebris.com\/de\/wp-json\/wp\/v2\/pages\/24655\/revisions\/29388"}],"wp:attachment":[{"href":"https:\/\/www.algebris.com\/de\/wp-json\/wp\/v2\/media?parent=24655"}],"curies":[{"name":"wp","href":"https:\/\/api.w.org\/{rel}","templated":true}]}}