{"id":24674,"date":"2024-12-27T13:44:39","date_gmt":"2024-12-27T13:44:39","guid":{"rendered":"https:\/\/algebris-newdev.77agency.dev\/?page_id=24674"},"modified":"2025-05-23T15:35:03","modified_gmt":"2025-05-23T15:35:03","slug":"group","status":"publish","type":"page","link":"https:\/\/www.algebris.com\/de\/group\/","title":{"rendered":"\u00dcber uns"},"content":{"rendered":"\n<div style=\"height:40px\" aria-hidden=\"true\" class=\"wp-block-spacer\"><\/div>\n\n\n\n<p>Mit einer langj\u00e4hrigen Spezialisierung auf Anlagen in&nbsp;<strong>globale Finanzinstitute<\/strong>, investiert das Unternehmen in die gesamte Kapitalstruktur (Aktien und Anleihen) von Banken und Versicherungen, sowie in&nbsp;<strong>globale Anleihen<\/strong>&nbsp;und&nbsp;<strong>italienische Mittelstands-Aktien<\/strong>. &nbsp;<\/p>\n\n\n\n<p>Im Bereich alternativer Strategien investiert Algebris in&nbsp;<strong>notleidende Kredite<\/strong>&nbsp;und lanciert derzeit eine Artikel 9&nbsp;<strong>Private-Equity-Strategie<\/strong>, die sich auf den gr\u00fcnen Wandel in Italien und Europa fokussiert.<\/p>\n\n\n\n<p>Mittels einer gr\u00fcndlichen Bottom-Up Fundamentalanalyse und einem opportunistischen Anlageansatz streben wir \u00fcberdurchschnittliche risikobereinigte Renditen an. Je nach Marktsituation k\u00f6nnen wir somit an Aufw\u00e4rtstrends in allen Anlageklassen und Regionen partizipieren.<\/p>\n\n\n\n<p>Die Interessen unserer Investoren bilden die Grundlage unserer Anlagephilosophie und stehen bei uns jederzeit im Vordergrund. Wir \u00fcberwachen daher stets unser operatives Risiko und priorisieren den Kapitalerhalt bei all unseren Anlageentscheidungen.<\/p>\n\n\n\n<p>Die Firma wurde 2006 von&nbsp;<strong>Davide Serra&nbsp;<\/strong>(<strong>CEO<\/strong>) gegr\u00fcndet und betreibt B\u00fcros in London, Mailand, Rom, Zurich, Dublin, Boston, Singapur und Tokio.<\/p>\n\n\n\n<p>Algebris unterh\u00e4lt weltweit etablierte Beziehungen zu Banken, Dachfonds, Versicherungsgesellschaften, Pensionskassen, Staatsfonds, Unternehmen und Family Offices.<\/p>\n\n\n\n<p>Algebris (UK) Limited ist von der Financial Conduct Authority zugelassen und unterliegt deren Aufsicht. Algebris Investments (US) Inc ist ein bei der SEC registrierter Anlageberater. Algebris Investments (Ireland) Limited ist von der Central Bank of Ireland zugelassen und wird von ihr reguliert und ist in Italien \u00fcber ihre Niederlassung in Mailand t\u00e4tig. Algebris Investments (Asia) Pte. Ltd ist eine von der MAS zugelassene Fondsverwaltungsgesellschaft. Algebris Investments K.K. ist von der Financial Services Agency lizenziert.<\/p>\n\n\n\n<div class=\"pillars\">\n    <div class=\"pillars__text\">\n        <div class=\"acf-innerblocks-container\">\n\n<h2 class=\"wp-block-heading block-title\">UNSERE WERTE<\/h2>\n\n\n\n<h3 class=\"wp-block-heading title\">Wir bei Algebris lassen uns stets bei allem was wir tun, von unseren Werten leiten.<\/h3>\n\n\n\n<p class=\"content\">Seit der Unternehmensgr\u00fcndung definieren sie unsere Identit\u00e4t und bilden einen zentralen Bestandteil unserer Kultur.<\/p>\n\n<\/div>\n    <\/div>\n    <div class=\"pillars__content\">\n                    <div class=\"pillars__item\">\n                <img decoding=\"async\" src=\"https:\/\/media.algebris.com\/content\/icons-group_commitment.jpg\" alt=\"\"\/>\n                <h4 class=\"item-label\">Engagement<\/h4>\n            <\/div>\n                    <div class=\"pillars__item\">\n                <img decoding=\"async\" src=\"https:\/\/media.algebris.com\/content\/icons-group_integrity.jpg\" alt=\"\"\/>\n                <h4 class=\"item-label\">Integrit\u00e4t<\/h4>\n            <\/div>\n                    <div class=\"pillars__item\">\n                <img decoding=\"async\" src=\"https:\/\/media.algebris.com\/content\/icons-group_accountability.jpg\" alt=\"\"\/>\n                <h4 class=\"item-label\">Verantwortung<\/h4>\n            <\/div>\n                    <div class=\"pillars__item\">\n                <img decoding=\"async\" src=\"https:\/\/media.algebris.com\/content\/icons-group_entrepreneurial.jpg\" alt=\"\"\/>\n                <h4 class=\"item-label\">Unternehmerisches Denken<\/h4>\n            <\/div>\n                    <div class=\"pillars__item\">\n                <img decoding=\"async\" src=\"https:\/\/media.algebris.com\/content\/icons-group_team.jpg\" alt=\"\"\/>\n                <h4 class=\"item-label\">Teamwork<\/h4>\n            <\/div>\n                    <div class=\"pillars__item\">\n                <img decoding=\"async\" src=\"https:\/\/media.algebris.com\/content\/icons-group_diversity.jpg\" alt=\"\"\/>\n                <h4 class=\"item-label\">Vielfalt<\/h4>\n            <\/div>\n            <\/div>\n<\/div>\n\n\n<div class=\"blog-heading\">\n    <div class=\"blog_heading_wrap\">\n        <div class=\"blog_inner_sub_title\">\n                    <\/div>\n        <div class=\"blog_inner_title\">\n             <h2>Unser ESG-Engagement<\/h2>\n        <\/div>\n    <\/div>\n\n<\/div>\n\n\n<p>Wir bei Algebris wollen einen Beitrag zu einer nachhaltigen Zukunft leisten. Es ist uns ein Anliegen, dass wir unsere Auswirkungen auf die Umwelt und die Gesellschaft durch unsere Gesch\u00e4ftst\u00e4tigkeit kontinuierlich verbessern. Wir sind bestrebt, unser Gesch\u00e4ftsverhalten transparent und zukunftsorientiert zu gestalten.<\/p>\n\n\n\n<div class=\"wp-block-buttons is-layout-flex wp-block-buttons-is-layout-flex\">\n<div class=\"wp-block-button is-style-outline is-style-outline--1\"><a class=\"wp-block-button__link wp-element-button\" href=\"https:\/\/algebris.com\/de\/esg2025\/\">ESG<\/a><\/div>\n<\/div>\n\n\n\n<p><\/p>\n","protected":false},"excerpt":{"rendered":"<p>Mit einer langj\u00e4hrigen Spezialisierung auf Anlagen in&nbsp;globale Finanzinstitute, investiert das Unternehmen in die gesamte Kapitalstruktur (Aktien und Anleihen) von Banken und Versicherungen, sowie in&nbsp;globale Anleihen&nbsp;und&nbsp;italienische Mittelstands-Aktien. &nbsp; Im Bereich alternativer Strategien investiert Algebris in&nbsp;notleidende Kredite&nbsp;und lanciert derzeit eine Artikel 9&nbsp;Private-Equity-Strategie, die sich auf den gr\u00fcnen Wandel in Italien und Europa fokussiert. Mittels einer gr\u00fcndlichen Bottom-Up [&hellip;]<\/p>\n","protected":false},"author":7,"featured_media":0,"parent":0,"menu_order":0,"comment_status":"closed","ping_status":"closed","template":"templates\/boxed-template.php","meta":{"_acf_changed":false,"footnotes":""},"class_list":["post-24674","page","type-page","status-publish","hentry"],"acf":[],"yoast_head":"<!-- This site is optimized with the Yoast SEO plugin v27.1.1 - https:\/\/yoast.com\/product\/yoast-seo-wordpress\/ -->\n<title>\u00dcber uns - Algebris Investments<\/title>\n<meta name=\"robots\" content=\"index, follow, max-snippet:-1, max-image-preview:large, max-video-preview:-1\" \/>\n<link rel=\"canonical\" href=\"https:\/\/www.algebris.com\/de\/group\/\" \/>\n<meta property=\"og:locale\" content=\"de_DE\" \/>\n<meta property=\"og:type\" content=\"article\" \/>\n<meta property=\"og:title\" content=\"\u00dcber uns - Algebris Investments\" \/>\n<meta property=\"og:description\" content=\"Mit einer langj\u00e4hrigen Spezialisierung auf Anlagen in&nbsp;globale Finanzinstitute, investiert das Unternehmen in die gesamte Kapitalstruktur (Aktien und Anleihen) von Banken und Versicherungen, sowie in&nbsp;globale Anleihen&nbsp;und&nbsp;italienische Mittelstands-Aktien. &nbsp; Im Bereich alternativer Strategien investiert Algebris in&nbsp;notleidende Kredite&nbsp;und lanciert derzeit eine Artikel 9&nbsp;Private-Equity-Strategie, die sich auf den gr\u00fcnen Wandel in Italien und Europa fokussiert. Mittels einer gr\u00fcndlichen Bottom-Up [&hellip;]\" \/>\n<meta property=\"og:url\" content=\"https:\/\/www.algebris.com\/de\/group\/\" \/>\n<meta property=\"og:site_name\" content=\"Algebris Investments\" \/>\n<meta property=\"article:modified_time\" content=\"2025-05-23T15:35:03+00:00\" \/>\n<meta name=\"twitter:card\" content=\"summary_large_image\" \/>\n<meta name=\"twitter:label1\" content=\"Est. reading time\" \/>\n\t<meta name=\"twitter:data1\" content=\"2 minutes\" \/>\n<script type=\"application\/ld+json\" class=\"yoast-schema-graph\">{\"@context\":\"https:\/\/schema.org\",\"@graph\":[{\"@type\":\"WebPage\",\"@id\":\"https:\/\/www.algebris.com\/de\/group\/\",\"url\":\"https:\/\/www.algebris.com\/de\/group\/\",\"name\":\"\u00dcber uns - Algebris Investments\",\"isPartOf\":{\"@id\":\"https:\/\/www.algebris.com\/de\/#website\"},\"datePublished\":\"2024-12-27T13:44:39+00:00\",\"dateModified\":\"2025-05-23T15:35:03+00:00\",\"breadcrumb\":{\"@id\":\"https:\/\/www.algebris.com\/de\/group\/#breadcrumb\"},\"inLanguage\":\"de-DE\",\"potentialAction\":[{\"@type\":\"ReadAction\",\"target\":[\"https:\/\/www.algebris.com\/de\/group\/\"]}]},{\"@type\":\"BreadcrumbList\",\"@id\":\"https:\/\/www.algebris.com\/de\/group\/#breadcrumb\",\"itemListElement\":[{\"@type\":\"ListItem\",\"position\":1,\"name\":\"Home\",\"item\":\"https:\/\/www.algebris.com\/de\/\"},{\"@type\":\"ListItem\",\"position\":2,\"name\":\"\u00dcber uns\"}]},{\"@type\":\"WebSite\",\"@id\":\"https:\/\/www.algebris.com\/de\/#website\",\"url\":\"https:\/\/www.algebris.com\/de\/\",\"name\":\"Algebris Investments\",\"description\":\"\",\"publisher\":{\"@id\":\"https:\/\/www.algebris.com\/de\/#organization\"},\"potentialAction\":[{\"@type\":\"SearchAction\",\"target\":{\"@type\":\"EntryPoint\",\"urlTemplate\":\"https:\/\/www.algebris.com\/de\/?s={search_term_string}\"},\"query-input\":{\"@type\":\"PropertyValueSpecification\",\"valueRequired\":true,\"valueName\":\"search_term_string\"}}],\"inLanguage\":\"de-DE\"},{\"@type\":\"Organization\",\"@id\":\"https:\/\/www.algebris.com\/de\/#organization\",\"name\":\"Algebris Investments\",\"url\":\"https:\/\/www.algebris.com\/de\/\",\"logo\":{\"@type\":\"ImageObject\",\"inLanguage\":\"de-DE\",\"@id\":\"https:\/\/www.algebris.com\/de\/#\/schema\/logo\/image\/\",\"url\":\"https:\/\/media.algebris.com\/content\/cropped-logo1.png\",\"contentUrl\":\"https:\/\/media.algebris.com\/content\/cropped-logo1.png\",\"width\":250,\"height\":78,\"caption\":\"Algebris Investments\"},\"image\":{\"@id\":\"https:\/\/www.algebris.com\/de\/#\/schema\/logo\/image\/\"},\"sameAs\":[\"https:\/\/www.linkedin.com\/company\/algebris-investments\/about\/\",\"https:\/\/www.youtube.com\/channel\/UC_MiRdysidJhtSWRVxtH-3g\/featured\"]}]}<\/script>\n<!-- \/ Yoast SEO plugin. -->","yoast_head_json":{"title":"\u00dcber uns - Algebris Investments","robots":{"index":"index","follow":"follow","max-snippet":"max-snippet:-1","max-image-preview":"max-image-preview:large","max-video-preview":"max-video-preview:-1"},"canonical":"https:\/\/www.algebris.com\/de\/group\/","og_locale":"de_DE","og_type":"article","og_title":"\u00dcber uns - Algebris Investments","og_description":"Mit einer langj\u00e4hrigen Spezialisierung auf Anlagen in&nbsp;globale Finanzinstitute, investiert das Unternehmen in die gesamte Kapitalstruktur (Aktien und Anleihen) von Banken und Versicherungen, sowie in&nbsp;globale Anleihen&nbsp;und&nbsp;italienische Mittelstands-Aktien. &nbsp; Im Bereich alternativer Strategien investiert Algebris in&nbsp;notleidende Kredite&nbsp;und lanciert derzeit eine Artikel 9&nbsp;Private-Equity-Strategie, die sich auf den gr\u00fcnen Wandel in Italien und Europa fokussiert. Mittels einer gr\u00fcndlichen Bottom-Up [&hellip;]","og_url":"https:\/\/www.algebris.com\/de\/group\/","og_site_name":"Algebris Investments","article_modified_time":"2025-05-23T15:35:03+00:00","twitter_card":"summary_large_image","twitter_misc":{"Est. reading time":"2 minutes"},"schema":{"@context":"https:\/\/schema.org","@graph":[{"@type":"WebPage","@id":"https:\/\/www.algebris.com\/de\/group\/","url":"https:\/\/www.algebris.com\/de\/group\/","name":"\u00dcber uns - Algebris Investments","isPartOf":{"@id":"https:\/\/www.algebris.com\/de\/#website"},"datePublished":"2024-12-27T13:44:39+00:00","dateModified":"2025-05-23T15:35:03+00:00","breadcrumb":{"@id":"https:\/\/www.algebris.com\/de\/group\/#breadcrumb"},"inLanguage":"de-DE","potentialAction":[{"@type":"ReadAction","target":["https:\/\/www.algebris.com\/de\/group\/"]}]},{"@type":"BreadcrumbList","@id":"https:\/\/www.algebris.com\/de\/group\/#breadcrumb","itemListElement":[{"@type":"ListItem","position":1,"name":"Home","item":"https:\/\/www.algebris.com\/de\/"},{"@type":"ListItem","position":2,"name":"\u00dcber uns"}]},{"@type":"WebSite","@id":"https:\/\/www.algebris.com\/de\/#website","url":"https:\/\/www.algebris.com\/de\/","name":"Algebris Investments","description":"","publisher":{"@id":"https:\/\/www.algebris.com\/de\/#organization"},"potentialAction":[{"@type":"SearchAction","target":{"@type":"EntryPoint","urlTemplate":"https:\/\/www.algebris.com\/de\/?s={search_term_string}"},"query-input":{"@type":"PropertyValueSpecification","valueRequired":true,"valueName":"search_term_string"}}],"inLanguage":"de-DE"},{"@type":"Organization","@id":"https:\/\/www.algebris.com\/de\/#organization","name":"Algebris Investments","url":"https:\/\/www.algebris.com\/de\/","logo":{"@type":"ImageObject","inLanguage":"de-DE","@id":"https:\/\/www.algebris.com\/de\/#\/schema\/logo\/image\/","url":"https:\/\/media.algebris.com\/content\/cropped-logo1.png","contentUrl":"https:\/\/media.algebris.com\/content\/cropped-logo1.png","width":250,"height":78,"caption":"Algebris Investments"},"image":{"@id":"https:\/\/www.algebris.com\/de\/#\/schema\/logo\/image\/"},"sameAs":["https:\/\/www.linkedin.com\/company\/algebris-investments\/about\/","https:\/\/www.youtube.com\/channel\/UC_MiRdysidJhtSWRVxtH-3g\/featured"]}]}},"_links":{"self":[{"href":"https:\/\/www.algebris.com\/de\/wp-json\/wp\/v2\/pages\/24674","targetHints":{"allow":["GET"]}}],"collection":[{"href":"https:\/\/www.algebris.com\/de\/wp-json\/wp\/v2\/pages"}],"about":[{"href":"https:\/\/www.algebris.com\/de\/wp-json\/wp\/v2\/types\/page"}],"author":[{"embeddable":true,"href":"https:\/\/www.algebris.com\/de\/wp-json\/wp\/v2\/users\/7"}],"replies":[{"embeddable":true,"href":"https:\/\/www.algebris.com\/de\/wp-json\/wp\/v2\/comments?post=24674"}],"version-history":[{"count":4,"href":"https:\/\/www.algebris.com\/de\/wp-json\/wp\/v2\/pages\/24674\/revisions"}],"predecessor-version":[{"id":26906,"href":"https:\/\/www.algebris.com\/de\/wp-json\/wp\/v2\/pages\/24674\/revisions\/26906"}],"wp:attachment":[{"href":"https:\/\/www.algebris.com\/de\/wp-json\/wp\/v2\/media?parent=24674"}],"curies":[{"name":"wp","href":"https:\/\/api.w.org\/{rel}","templated":true}]}}