{"id":24613,"date":"2024-12-27T13:44:39","date_gmt":"2024-12-27T13:44:39","guid":{"rendered":"https:\/\/algebris-newdev.77agency.dev\/?page_id=24613"},"modified":"2025-12-02T13:12:27","modified_gmt":"2025-12-02T13:12:27","slug":"group","status":"publish","type":"page","link":"https:\/\/www.algebris.com\/it\/group\/","title":{"rendered":"Chi siamo"},"content":{"rendered":"\n<div style=\"height:40px\" aria-hidden=\"true\" class=\"wp-block-spacer\"><\/div>\n\n\n\n<p>Siamo una societ\u00e0 di gestione del risparmio globale indipendente, fondata da Davide Serra nel 2006. Fin dall\u2019inizio, i titoli <strong>finanziari <\/strong>sono stati al centro delle nostre competenze, spaziando tra credito, azionario e private debt. Nel corso degli anni, abbiamo ampliato le nostre competenze al <strong>credito globale<\/strong> e all&#8217;<strong>azionario globale<\/strong>, compreso l&#8217;azionario italiano. Sul fronte degli investimenti privati, sosteniamo la transizione verso un&#8217;economia pi\u00f9 verde e sostenibile, attraverso le soluzioni di private equity. In qualit\u00e0 di asset manager specializzato, ilnostro approccio mirato e tematico \u00e8 stato il principio cardine delle nostre strategie.<\/p>\n\n\n\n<p>Manteniamo solide relazioni con investitori istituzionali e privati a livello globale, tra cui assicurazioni, fondi pensionistici, fondi sovrani, societ\u00e0, banche private e family offices.<\/p>\n\n\n\n<p><em>Algebris (UK) Limited<strong>&nbsp;<\/strong>\u00e8 autorizzata e regolata dalla Financial Conduct Authority. Algebris Investments (US) Inc \u00e8 registrata come Investment Advisor presso la SEC. Algebris Investments (Ireland) Limited \u00e8 autorizzata e regolata dalla Banca Centrale d\u2019Irlanda e opera in Italia attraverso l\u2019ufficio di Milano. Algebris Investments (Asia) Pte Ltd \u00e8 registrata come Licensed Fund Management Company presso la Monetary Authority of Singapore. Algebris Investments K.K. \u00e8 autorizzata dalla Financial Services Agency.<\/em><\/p>\n\n\n\n<div class=\"pillars\">\n    <div class=\"pillars__text\">\n        <div class=\"acf-innerblocks-container\">\n\n<h2 class=\"wp-block-heading block-title\">I NOSTRI VALORI<\/h2>\n\n\n\n<h3 class=\"wp-block-heading title\">Principi intramontabili con convinzioni condivise<\/h3>\n\n\n\n<p class=\"content\">In tutto ci\u00f2 che facciamo siamo guidati da un insieme di valori che definiscono la nostra identit\u00e0 e la nostra cultura. Essi hanno costituito le fondamenta di Algebris sin dagli inizi, oltre dieci anni fa. Si tratta di principi intramontabili, convinzioni condivise su cui basiamo sempre il nostro comportamento e che rappresentano una forza chiave per il nostro business.<br><\/p>\n\n<\/div>\n    <\/div>\n    <div class=\"pillars__content\">\n            <\/div>\n<\/div>\n\n\n<div class=\"wp-block-columns is-layout-flex wp-container-core-columns-is-layout-9d6595d7 wp-block-columns-is-layout-flex\">\n<div class=\"wp-block-column is-layout-flow wp-block-column-is-layout-flow\">\n<div class=\"wp-block-columns is-layout-flex wp-container-core-columns-is-layout-9d6595d7 wp-block-columns-is-layout-flex\">\n<div class=\"wp-block-column is-layout-flow wp-block-column-is-layout-flow\">\n<figure class=\"wp-block-image size-full\"><img loading=\"lazy\" decoding=\"async\" width=\"800\" height=\"800\" src=\"https:\/\/media.algebris.com\/content\/icons-group_commitment.jpg\" alt=\"\" class=\"wp-image-25081\" srcset=\"https:\/\/media.algebris.com\/content\/icons-group_commitment.jpg 800w, https:\/\/media.algebris.com\/content\/icons-group_commitment-500x500.jpg 500w, https:\/\/media.algebris.com\/content\/icons-group_commitment-300x300.jpg 300w, https:\/\/media.algebris.com\/content\/icons-group_commitment-768x768.jpg 768w\" sizes=\"auto, (max-width: 800px) 100vw, 800px\" \/><\/figure>\n\n\n\n<h5 class=\"wp-block-heading has-text-align-center\">Dedizione<\/h5>\n<\/div>\n\n\n\n<div class=\"wp-block-column is-layout-flow wp-block-column-is-layout-flow\">\n<figure class=\"wp-block-image size-full\"><img loading=\"lazy\" decoding=\"async\" width=\"800\" height=\"800\" src=\"https:\/\/media.algebris.com\/content\/icons-group_integrity.jpg\" alt=\"\" class=\"wp-image-25084\" srcset=\"https:\/\/media.algebris.com\/content\/icons-group_integrity.jpg 800w, https:\/\/media.algebris.com\/content\/icons-group_integrity-500x500.jpg 500w, https:\/\/media.algebris.com\/content\/icons-group_integrity-300x300.jpg 300w, https:\/\/media.algebris.com\/content\/icons-group_integrity-768x768.jpg 768w\" sizes=\"auto, (max-width: 800px) 100vw, 800px\" \/><\/figure>\n\n\n\n<h5 class=\"wp-block-heading has-text-align-center\">Integrit\u00e0<\/h5>\n<\/div>\n\n\n\n<div class=\"wp-block-column is-layout-flow wp-block-column-is-layout-flow\">\n<figure class=\"wp-block-image size-full\"><img loading=\"lazy\" decoding=\"async\" width=\"800\" height=\"800\" src=\"https:\/\/media.algebris.com\/content\/icons-group_accountability.jpg\" alt=\"\" class=\"wp-image-25080\" srcset=\"https:\/\/media.algebris.com\/content\/icons-group_accountability.jpg 800w, https:\/\/media.algebris.com\/content\/icons-group_accountability-500x500.jpg 500w, https:\/\/media.algebris.com\/content\/icons-group_accountability-300x300.jpg 300w, https:\/\/media.algebris.com\/content\/icons-group_accountability-768x768.jpg 768w\" sizes=\"auto, (max-width: 800px) 100vw, 800px\" \/><\/figure>\n\n\n\n<h5 class=\"wp-block-heading has-text-align-center\">Responsabilit\u00e0<\/h5>\n<\/div>\n<\/div>\n<\/div>\n\n\n\n<div class=\"wp-block-column is-layout-flow wp-block-column-is-layout-flow\">\n<div class=\"wp-block-columns is-layout-flex wp-container-core-columns-is-layout-9d6595d7 wp-block-columns-is-layout-flex\">\n<div class=\"wp-block-column is-layout-flow wp-block-column-is-layout-flow\">\n<figure class=\"wp-block-image size-full\"><img loading=\"lazy\" decoding=\"async\" width=\"800\" height=\"800\" src=\"https:\/\/media.algebris.com\/content\/icons-group_entrepreneurial.jpg\" alt=\"\" class=\"wp-image-25083\" srcset=\"https:\/\/media.algebris.com\/content\/icons-group_entrepreneurial.jpg 800w, https:\/\/media.algebris.com\/content\/icons-group_entrepreneurial-500x500.jpg 500w, https:\/\/media.algebris.com\/content\/icons-group_entrepreneurial-300x300.jpg 300w, https:\/\/media.algebris.com\/content\/icons-group_entrepreneurial-768x768.jpg 768w\" sizes=\"auto, (max-width: 800px) 100vw, 800px\" \/><\/figure>\n\n\n\n<h5 class=\"wp-block-heading has-text-align-center\">Spirito imprenditoriale<\/h5>\n<\/div>\n\n\n\n<div class=\"wp-block-column is-layout-flow wp-block-column-is-layout-flow\">\n<figure class=\"wp-block-image size-full\"><img loading=\"lazy\" decoding=\"async\" width=\"800\" height=\"800\" src=\"https:\/\/media.algebris.com\/content\/icons-group_team.jpg\" alt=\"\" class=\"wp-image-25085\" srcset=\"https:\/\/media.algebris.com\/content\/icons-group_team.jpg 800w, https:\/\/media.algebris.com\/content\/icons-group_team-500x500.jpg 500w, https:\/\/media.algebris.com\/content\/icons-group_team-300x300.jpg 300w, https:\/\/media.algebris.com\/content\/icons-group_team-768x768.jpg 768w\" sizes=\"auto, (max-width: 800px) 100vw, 800px\" \/><\/figure>\n\n\n\n<h5 class=\"wp-block-heading has-text-align-center\">Lavoro di squadra<\/h5>\n<\/div>\n\n\n\n<div class=\"wp-block-column is-layout-flow wp-block-column-is-layout-flow\">\n<figure class=\"wp-block-image size-full\"><img loading=\"lazy\" decoding=\"async\" width=\"800\" height=\"800\" src=\"https:\/\/media.algebris.com\/content\/icons-group_diversity.jpg\" alt=\"\" class=\"wp-image-25082\" srcset=\"https:\/\/media.algebris.com\/content\/icons-group_diversity.jpg 800w, https:\/\/media.algebris.com\/content\/icons-group_diversity-500x500.jpg 500w, https:\/\/media.algebris.com\/content\/icons-group_diversity-300x300.jpg 300w, https:\/\/media.algebris.com\/content\/icons-group_diversity-768x768.jpg 768w\" sizes=\"auto, (max-width: 800px) 100vw, 800px\" \/><\/figure>\n\n\n\n<h5 class=\"wp-block-heading has-text-align-center\">Diversit\u00e0<\/h5>\n<\/div>\n<\/div>\n<\/div>\n<\/div>\n\n\n\n<div class=\"blog-heading\">\n    <div class=\"blog_heading_wrap\">\n        <div class=\"blog_inner_sub_title\">\n                    <\/div>\n        <div class=\"blog_inner_title\">\n             <h2>Responsabilit\u00e0 sociale<\/h2>\n        <\/div>\n    <\/div>\n\n<\/div>\n\n\n<p>Riconosciamo il nostro ruolo nel contribuire ad un futuro sostenibile. Non solo ci impegniamo al costante miglioramento dell\u2019impatto della nostra attivit\u00e0 sia sull\u2019ambiente sia sulla nostra comunit\u00e0 e societ\u00e0 nel suo complesso, ma promuoviamo anche lo sviluppo di una condotta aziendale sana ed etica, internamente e nei confronti dei nostri stakeholder.<\/p>\n\n\n\n<div class=\"wp-block-buttons is-layout-flex wp-block-buttons-is-layout-flex\">\n<div class=\"wp-block-button is-style-outline is-style-outline--1\"><a class=\"wp-block-button__link wp-element-button\" href=\"https:\/\/www.algebris.com\/it\/esg2025\/\">Sostenibilit\u00e0<\/a><\/div>\n<\/div>\n\n\n\n<p><\/p>\n","protected":false},"excerpt":{"rendered":"<p>Siamo una societ\u00e0 di gestione del risparmio globale indipendente, fondata da Davide Serra nel 2006. Fin dall\u2019inizio, i titoli finanziari sono stati al centro delle nostre competenze, spaziando tra credito, azionario e private debt. Nel corso degli anni, abbiamo ampliato le nostre competenze al credito globale e all&#8217;azionario globale, compreso l&#8217;azionario italiano. Sul fronte degli [&hellip;]<\/p>\n","protected":false},"author":7,"featured_media":0,"parent":0,"menu_order":0,"comment_status":"closed","ping_status":"closed","template":"templates\/boxed-template.php","meta":{"_acf_changed":false,"footnotes":""},"class_list":["post-24613","page","type-page","status-publish","hentry"],"acf":[],"yoast_head":"<!-- This site is optimized with the Yoast SEO plugin v27.1.1 - https:\/\/yoast.com\/product\/yoast-seo-wordpress\/ -->\n<title>Chi siamo - Algebris Investments<\/title>\n<meta name=\"robots\" content=\"index, follow, max-snippet:-1, max-image-preview:large, max-video-preview:-1\" \/>\n<link rel=\"canonical\" href=\"https:\/\/www.algebris.com\/it\/group\/\" \/>\n<meta property=\"og:locale\" content=\"it_IT\" \/>\n<meta property=\"og:type\" content=\"article\" \/>\n<meta property=\"og:title\" content=\"Chi siamo - Algebris Investments\" \/>\n<meta property=\"og:description\" content=\"Siamo una societ\u00e0 di gestione del risparmio globale indipendente, fondata da Davide Serra nel 2006. Fin dall\u2019inizio, i titoli finanziari sono stati al centro delle nostre competenze, spaziando tra credito, azionario e private debt. Nel corso degli anni, abbiamo ampliato le nostre competenze al credito globale e all&#8217;azionario globale, compreso l&#8217;azionario italiano. Sul fronte degli [&hellip;]\" \/>\n<meta property=\"og:url\" content=\"https:\/\/www.algebris.com\/it\/group\/\" \/>\n<meta property=\"og:site_name\" content=\"Algebris Investments\" \/>\n<meta property=\"article:modified_time\" content=\"2025-12-02T13:12:27+00:00\" \/>\n<meta property=\"og:image\" content=\"https:\/\/media.algebris.com\/content\/icons-group_commitment.jpg\" \/>\n\t<meta property=\"og:image:width\" content=\"800\" \/>\n\t<meta property=\"og:image:height\" content=\"800\" \/>\n\t<meta property=\"og:image:type\" content=\"image\/jpeg\" \/>\n<meta name=\"twitter:card\" content=\"summary_large_image\" \/>\n<meta name=\"twitter:label1\" content=\"Est. reading time\" \/>\n\t<meta name=\"twitter:data1\" content=\"3 minutes\" \/>\n<script type=\"application\/ld+json\" class=\"yoast-schema-graph\">{\"@context\":\"https:\/\/schema.org\",\"@graph\":[{\"@type\":\"WebPage\",\"@id\":\"https:\/\/www.algebris.com\/it\/group\/\",\"url\":\"https:\/\/www.algebris.com\/it\/group\/\",\"name\":\"Chi siamo - Algebris Investments\",\"isPartOf\":{\"@id\":\"https:\/\/www.algebris.com\/it\/#website\"},\"primaryImageOfPage\":{\"@id\":\"https:\/\/www.algebris.com\/it\/group\/#primaryimage\"},\"image\":{\"@id\":\"https:\/\/www.algebris.com\/it\/group\/#primaryimage\"},\"thumbnailUrl\":\"https:\/\/media.algebris.com\/content\/icons-group_commitment.jpg\",\"datePublished\":\"2024-12-27T13:44:39+00:00\",\"dateModified\":\"2025-12-02T13:12:27+00:00\",\"breadcrumb\":{\"@id\":\"https:\/\/www.algebris.com\/it\/group\/#breadcrumb\"},\"inLanguage\":\"it-IT\",\"potentialAction\":[{\"@type\":\"ReadAction\",\"target\":[\"https:\/\/www.algebris.com\/it\/group\/\"]}]},{\"@type\":\"ImageObject\",\"inLanguage\":\"it-IT\",\"@id\":\"https:\/\/www.algebris.com\/it\/group\/#primaryimage\",\"url\":\"https:\/\/media.algebris.com\/content\/icons-group_commitment.jpg\",\"contentUrl\":\"https:\/\/media.algebris.com\/content\/icons-group_commitment.jpg\"},{\"@type\":\"BreadcrumbList\",\"@id\":\"https:\/\/www.algebris.com\/it\/group\/#breadcrumb\",\"itemListElement\":[{\"@type\":\"ListItem\",\"position\":1,\"name\":\"Home\",\"item\":\"https:\/\/www.algebris.com\/it\/\"},{\"@type\":\"ListItem\",\"position\":2,\"name\":\"Chi siamo\"}]},{\"@type\":\"WebSite\",\"@id\":\"https:\/\/www.algebris.com\/it\/#website\",\"url\":\"https:\/\/www.algebris.com\/it\/\",\"name\":\"Algebris Investments\",\"description\":\"\",\"publisher\":{\"@id\":\"https:\/\/www.algebris.com\/it\/#organization\"},\"potentialAction\":[{\"@type\":\"SearchAction\",\"target\":{\"@type\":\"EntryPoint\",\"urlTemplate\":\"https:\/\/www.algebris.com\/it\/?s={search_term_string}\"},\"query-input\":{\"@type\":\"PropertyValueSpecification\",\"valueRequired\":true,\"valueName\":\"search_term_string\"}}],\"inLanguage\":\"it-IT\"},{\"@type\":\"Organization\",\"@id\":\"https:\/\/www.algebris.com\/it\/#organization\",\"name\":\"Algebris Investments\",\"url\":\"https:\/\/www.algebris.com\/it\/\",\"logo\":{\"@type\":\"ImageObject\",\"inLanguage\":\"it-IT\",\"@id\":\"https:\/\/www.algebris.com\/it\/#\/schema\/logo\/image\/\",\"url\":\"https:\/\/media.algebris.com\/content\/cropped-logo1.png\",\"contentUrl\":\"https:\/\/media.algebris.com\/content\/cropped-logo1.png\",\"width\":250,\"height\":78,\"caption\":\"Algebris Investments\"},\"image\":{\"@id\":\"https:\/\/www.algebris.com\/it\/#\/schema\/logo\/image\/\"},\"sameAs\":[\"https:\/\/www.linkedin.com\/company\/algebris-investments\/about\/\",\"https:\/\/www.youtube.com\/channel\/UC_MiRdysidJhtSWRVxtH-3g\/featured\"]}]}<\/script>\n<!-- \/ Yoast SEO plugin. -->","yoast_head_json":{"title":"Chi siamo - Algebris Investments","robots":{"index":"index","follow":"follow","max-snippet":"max-snippet:-1","max-image-preview":"max-image-preview:large","max-video-preview":"max-video-preview:-1"},"canonical":"https:\/\/www.algebris.com\/it\/group\/","og_locale":"it_IT","og_type":"article","og_title":"Chi siamo - Algebris Investments","og_description":"Siamo una societ\u00e0 di gestione del risparmio globale indipendente, fondata da Davide Serra nel 2006. Fin dall\u2019inizio, i titoli finanziari sono stati al centro delle nostre competenze, spaziando tra credito, azionario e private debt. Nel corso degli anni, abbiamo ampliato le nostre competenze al credito globale e all&#8217;azionario globale, compreso l&#8217;azionario italiano. Sul fronte degli [&hellip;]","og_url":"https:\/\/www.algebris.com\/it\/group\/","og_site_name":"Algebris Investments","article_modified_time":"2025-12-02T13:12:27+00:00","og_image":[{"width":800,"height":800,"url":"https:\/\/media.algebris.com\/content\/icons-group_commitment.jpg","type":"image\/jpeg"}],"twitter_card":"summary_large_image","twitter_misc":{"Est. reading time":"3 minutes"},"schema":{"@context":"https:\/\/schema.org","@graph":[{"@type":"WebPage","@id":"https:\/\/www.algebris.com\/it\/group\/","url":"https:\/\/www.algebris.com\/it\/group\/","name":"Chi siamo - Algebris Investments","isPartOf":{"@id":"https:\/\/www.algebris.com\/it\/#website"},"primaryImageOfPage":{"@id":"https:\/\/www.algebris.com\/it\/group\/#primaryimage"},"image":{"@id":"https:\/\/www.algebris.com\/it\/group\/#primaryimage"},"thumbnailUrl":"https:\/\/media.algebris.com\/content\/icons-group_commitment.jpg","datePublished":"2024-12-27T13:44:39+00:00","dateModified":"2025-12-02T13:12:27+00:00","breadcrumb":{"@id":"https:\/\/www.algebris.com\/it\/group\/#breadcrumb"},"inLanguage":"it-IT","potentialAction":[{"@type":"ReadAction","target":["https:\/\/www.algebris.com\/it\/group\/"]}]},{"@type":"ImageObject","inLanguage":"it-IT","@id":"https:\/\/www.algebris.com\/it\/group\/#primaryimage","url":"https:\/\/media.algebris.com\/content\/icons-group_commitment.jpg","contentUrl":"https:\/\/media.algebris.com\/content\/icons-group_commitment.jpg"},{"@type":"BreadcrumbList","@id":"https:\/\/www.algebris.com\/it\/group\/#breadcrumb","itemListElement":[{"@type":"ListItem","position":1,"name":"Home","item":"https:\/\/www.algebris.com\/it\/"},{"@type":"ListItem","position":2,"name":"Chi siamo"}]},{"@type":"WebSite","@id":"https:\/\/www.algebris.com\/it\/#website","url":"https:\/\/www.algebris.com\/it\/","name":"Algebris Investments","description":"","publisher":{"@id":"https:\/\/www.algebris.com\/it\/#organization"},"potentialAction":[{"@type":"SearchAction","target":{"@type":"EntryPoint","urlTemplate":"https:\/\/www.algebris.com\/it\/?s={search_term_string}"},"query-input":{"@type":"PropertyValueSpecification","valueRequired":true,"valueName":"search_term_string"}}],"inLanguage":"it-IT"},{"@type":"Organization","@id":"https:\/\/www.algebris.com\/it\/#organization","name":"Algebris Investments","url":"https:\/\/www.algebris.com\/it\/","logo":{"@type":"ImageObject","inLanguage":"it-IT","@id":"https:\/\/www.algebris.com\/it\/#\/schema\/logo\/image\/","url":"https:\/\/media.algebris.com\/content\/cropped-logo1.png","contentUrl":"https:\/\/media.algebris.com\/content\/cropped-logo1.png","width":250,"height":78,"caption":"Algebris Investments"},"image":{"@id":"https:\/\/www.algebris.com\/it\/#\/schema\/logo\/image\/"},"sameAs":["https:\/\/www.linkedin.com\/company\/algebris-investments\/about\/","https:\/\/www.youtube.com\/channel\/UC_MiRdysidJhtSWRVxtH-3g\/featured"]}]}},"_links":{"self":[{"href":"https:\/\/www.algebris.com\/it\/wp-json\/wp\/v2\/pages\/24613","targetHints":{"allow":["GET"]}}],"collection":[{"href":"https:\/\/www.algebris.com\/it\/wp-json\/wp\/v2\/pages"}],"about":[{"href":"https:\/\/www.algebris.com\/it\/wp-json\/wp\/v2\/types\/page"}],"author":[{"embeddable":true,"href":"https:\/\/www.algebris.com\/it\/wp-json\/wp\/v2\/users\/7"}],"replies":[{"embeddable":true,"href":"https:\/\/www.algebris.com\/it\/wp-json\/wp\/v2\/comments?post=24613"}],"version-history":[{"count":3,"href":"https:\/\/www.algebris.com\/it\/wp-json\/wp\/v2\/pages\/24613\/revisions"}],"predecessor-version":[{"id":28769,"href":"https:\/\/www.algebris.com\/it\/wp-json\/wp\/v2\/pages\/24613\/revisions\/28769"}],"wp:attachment":[{"href":"https:\/\/www.algebris.com\/it\/wp-json\/wp\/v2\/media?parent=24613"}],"curies":[{"name":"wp","href":"https:\/\/api.w.org\/{rel}","templated":true}]}}