{"id":3940,"date":"2018-03-14T19:03:43","date_gmt":"2018-03-14T19:03:43","guid":{"rendered":"https:\/\/www.algebris.com\/?page_id=3940"},"modified":"2024-12-02T13:59:03","modified_gmt":"2024-12-02T13:59:03","slug":"il-gruppo","status":"publish","type":"page","link":"https:\/\/www.algebris.com\/it\/il-gruppo\/","title":{"rendered":"Il Gruppo"},"content":{"rendered":"\n<h2 class=\"wp-block-heading\">Algebris Investments<\/h2>\n\n\n\n<p>Siamo una <strong>societ\u00e0 di gestione del risparmio<\/strong> globale che persegue strategie di&nbsp;<strong>investimento long-only e alternative<\/strong>. Ci siamo specializzati nel settore finanziario globale, investendo attraverso la struttura di capitale delle istituzioni finanziarie, sia in azioni sia in obbligazioni. <\/p>\n\n\n\n<h4 class=\"wp-block-heading\">Esperienza, ricerca e diversificazione: i plus della nostra offerta <\/h4>\n\n\n\n<p>Uno dei punti di forza della nostra offerta \u00e8 la diversificazione: abbiamo esteso le nostre aree di competenza al <strong>credito globale<\/strong> e all&#8217;azionario italiano, offrendo una strategia &nbsp;di investimento quanto pi\u00f9 completa e diversificata. In ambito privato, investiamo in&nbsp;<strong>crediti ipotecari&nbsp;<\/strong>di primo grado garantiti da immobili residenziali di lusso in Italia e in aziende coinvolte nella transizione green europea.<\/p>\n\n\n\n<p><strong>Algebris<\/strong> mantiene solide relazioni con investitori istituzionali e privati a livello globale, tra cui assicurazioni, fondi pensionistici, fondi sovrani, societ\u00e0, banche private e family offices.<\/p>\n\n\n\n<h4 class=\"wp-block-heading\">Al fianco degli investitori dal 2006: una rete globale in continua estensione<\/h4>\n\n\n\n<p>Fondata nel 2006 da&nbsp;<strong>Davide Serra<\/strong>, Algebris ha uffici a Londra, Milano, Roma, Zurigo, Dublino, Boston, Singapore, e Tokyo.<\/p>\n\n\n\n<p>Algebris (UK) Limited<strong>&nbsp;<\/strong>\u00e8 autorizzata e regolata dalla Financial Conduct Authority. Algebris Investments (US) Inc \u00e8 registrata come Investment Advisor presso la SEC. Algebris Investments (Ireland) Limited \u00e8 autorizzata e regolata dalla Banca Centrale d\u2019Irlanda e opera in Italia attraverso l&#8217;ufficio di Milano. Algebris Investments (Asia) Pte Ltd \u00e8 registrata come Licensed Fund Management Company presso la Monetary Authority of Singapore. Algebris Investments K.K. \u00e8 autorizzata dalla Financial Services Agency. <\/p>\n\n\n\n<div class=\"wp-block-group history__group\"><div class=\"wp-block-group__inner-container is-layout-flow wp-block-group-is-layout-flow\">\n<h2 class=\"wp-block-heading has-text-align-center\">La nostra storia<\/h2>\n\n\n\n<h4 class=\"wp-block-heading has-text-align-center\">Le tappe che hanno portato Algebris a essere una societ\u00e0 di investimento leader a livello globale<\/h4>\n\n\n\n<div class=\"wp-block-group history__carousel\"><div class=\"wp-block-group__inner-container is-layout-flow wp-block-group-is-layout-flow\">\n<div class=\"wp-block-group\"><div class=\"wp-block-group__inner-container is-layout-flow wp-block-group-is-layout-flow\">\n<h3 class=\"wp-block-heading\">2020<\/h3>\n\n\n\n<p> Apriamo l&#8217;ufficio a Dublino e Algebris Investments (Ireland) Limited riceve l&#8217;autorizzazione dalla Banca Centrale d&#8217;Irlanda ad agire come Societ\u00e0 di Gestione per le gamme UCITS e AIF del gruppo. <\/p>\n<\/div><\/div>\n\n\n\n<div class=\"wp-block-group\"><div class=\"wp-block-group__inner-container is-layout-flow wp-block-group-is-layout-flow\">\n<h3 class=\"wp-block-heading\">2019<\/h3>\n\n\n\n<p> Sviluppiamo uno special servicer proprietario (Algos) a supporto della <strong>strategia NPL<\/strong>. <\/p>\n<\/div><\/div>\n\n\n\n<div class=\"wp-block-group\"><div class=\"wp-block-group__inner-container is-layout-flow wp-block-group-is-layout-flow\">\n<h3 class=\"wp-block-heading\">2018<\/h3>\n\n\n\n<p>Apriamo l&#8217;ufficio a Tokyo, rafforzando ulteriormente la nostra rete distributiva in Asia. <\/p>\n<\/div><\/div>\n\n\n\n<div class=\"wp-block-group\"><div class=\"wp-block-group__inner-container is-layout-flow wp-block-group-is-layout-flow\">\n<h3 class=\"wp-block-heading\">2017<\/h3>\n\n\n\n<p>Investiamo in <strong>titoli di Stato italiani<\/strong>, con il lancio di un fondo dedicato rivolto a PMI quotate.<\/p>\n<\/div><\/div>\n\n\n\n<div class=\"wp-block-group\"><div class=\"wp-block-group__inner-container is-layout-flow wp-block-group-is-layout-flow\">\n<h3 class=\"wp-block-heading\">2016<\/h3>\n\n\n\n<p>Continuiamo ad investire nel talento, allargando il nostro team e il nostro approccio macroeconomico al credito globale, espandendo ulteriormente l&#8217;offerta di fondi, che oggi copre <strong>strategie obbligazionarie<\/strong>, azionarie e di debito privato in finanziari e oltre.<\/p>\n<\/div><\/div>\n\n\n\n<div class=\"wp-block-group\"><div class=\"wp-block-group__inner-container is-layout-flow wp-block-group-is-layout-flow\">\n<h3 class=\"wp-block-heading\">2015<\/h3>\n\n\n\n<p>Apriamo l&#8217;ufficio a Milano, che unisce la disciplina d&#8217;investimento anglosassone con un&#8217;impronta locale.<\/p>\n<\/div><\/div>\n\n\n\n<div class=\"wp-block-group\"><div class=\"wp-block-group__inner-container is-layout-flow wp-block-group-is-layout-flow\">\n<h3 class=\"wp-block-heading\">2014<\/h3>\n\n\n\n<p>Investiamo in <strong>crediti ipotecari italiani<\/strong>, concentrandoci su <strong>prestiti garantiti da immobili residenziali <\/strong>di lusso e adottando un approccio sistematico e selettivo<strong>.<\/strong><\/p>\n<\/div><\/div>\n\n\n\n<div class=\"wp-block-group\"><div class=\"wp-block-group__inner-container is-layout-flow wp-block-group-is-layout-flow\">\n<h3 class=\"wp-block-heading\">2013<\/h3>\n\n\n\n<p>Aumentiamo la nostra diversificazione internazionale aprendo uffici a Boston e Singapore.<\/p>\n<\/div><\/div>\n\n\n\n<div class=\"wp-block-group\"><div class=\"wp-block-group__inner-container is-layout-flow wp-block-group-is-layout-flow\">\n<h3 class=\"wp-block-heading\">2012<\/h3>\n\n\n\n<p>Algebris \u00e8 riconosciuta come importante esponente del settore e un punto di riferimento nel <strong>debito subordinato<\/strong>.<\/p>\n<\/div><\/div>\n\n\n\n<div class=\"wp-block-group\"><div class=\"wp-block-group__inner-container is-layout-flow wp-block-group-is-layout-flow\">\n<h3 class=\"wp-block-heading\">2011<\/h3>\n\n\n\n<p>Decidiamo di restringere il focus della societ\u00e0 alla luce dei cambiamenti di mercato e di lanciare l&#8217;Algebris UCITS Funds Plc, per rispondere al crescente desiderio degli investitori di muoversi verso <strong>fondi regolati e onshore<\/strong>.<\/p>\n<\/div><\/div>\n\n\n\n<div class=\"wp-block-group\"><div class=\"wp-block-group__inner-container is-layout-flow wp-block-group-is-layout-flow\">\n<h3 class=\"wp-block-heading\">2010<\/h3>\n\n\n\n<p>Organizziamo il primo offsite, per permettere agli investitori di avere un contatto diretto con lo spirito aziendale e per favorire un dialogo aperto e diretto con il nostro team.<\/p>\n<\/div><\/div>\n\n\n\n<div class=\"wp-block-group\"><div class=\"wp-block-group__inner-container is-layout-flow wp-block-group-is-layout-flow\">\n<h3 class=\"wp-block-heading\">2009<\/h3>\n\n\n\n<p>Diventiamo <strong>pionieri degli ibridi finanziari<\/strong>, che forniscono alle banche cuscinetti per assorbire perdite future potenzialmente causate dalla crisi finanziaria.<br>Algebris diviene membro del&nbsp; <strong>World Economic Forum e Davide Serra<\/strong> viene nominato Young Global Leader. <\/p>\n<\/div><\/div>\n\n\n\n<div class=\"wp-block-group\"><div class=\"wp-block-group__inner-container is-layout-flow wp-block-group-is-layout-flow\">\n<h3 class=\"wp-block-heading\">2008<\/h3>\n\n\n\n<p>Continuiamo a costruire negli anni un <strong>team d&#8217;investimento<\/strong> d&#8217;eccellenza.<\/p>\n<\/div><\/div>\n\n\n\n<div class=\"wp-block-group\"><div class=\"wp-block-group__inner-container is-layout-flow wp-block-group-is-layout-flow\">\n<h3 class=\"wp-block-heading\">2007<\/h3>\n\n\n\n<p>L&#8217;<strong>Algebris Global Financials Fund<\/strong> \u00e8 candidato come &#8220;Fondo dell&#8217;Anno&#8221; agli EuroHedge Awards.<\/p>\n<\/div><\/div>\n\n\n\n<div class=\"wp-block-group\"><div class=\"wp-block-group__inner-container is-layout-flow wp-block-group-is-layout-flow\">\n<h3 class=\"wp-block-heading\">2006<\/h3>\n\n\n\n<p><strong>Davide Serra<\/strong>, supportato da <strong>Chris Hohn<\/strong>, fonda <strong>Algebris Investments<\/strong>. <br>Da ex-analista azionario in Morgan Stanley, specializzato in banche e in cima ai ranking degli investitori, egli concepisce la societ\u00e0 intorno alla sua pi\u00f9 grande competenza: i finanziari globali <\/p>\n<\/div><\/div>\n<\/div><\/div>\n<\/div><\/div>\n\n\n\n<div class=\"wp-block-group alignfull values___group\"><div class=\"wp-block-group__inner-container is-layout-flow wp-block-group-is-layout-flow\">\n<h2 class=\"wp-block-heading\">Valori<\/h2>\n\n\n\n<h3 class=\"wp-block-heading\">La nostra mission: generare rendimenti sostenibili per i nostri investitori<\/h3>\n\n\n\n<p>In tutto ci\u00f2 che facciamo siamo guidati da un insieme di valori che definiscono la nostra identit\u00e0 e la nostra cultura. Essi hanno costituito le fondamenta di Algebris sin dagli inizi, oltre dieci anni fa. Si tratta di principi intramontabili, convinzioni condivise su cui basiamo sempre il nostro comportamento e che rappresentano una forza chiave per il nostro business.  <\/p>\n\n\n\n<div class=\"wp-block-columns is-layout-flex wp-container-core-columns-is-layout-9d6595d7 wp-block-columns-is-layout-flex\">\n<div class=\"wp-block-column is-layout-flow wp-block-column-is-layout-flow\">\n<figure class=\"wp-block-image size-large is-resized\"><img decoding=\"async\" src=\"https:\/\/media.algebris.com\/content\/ico-commitment.png\" alt=\"\" style=\"width:48px;height:48px\"\/><\/figure>\n\n\n\n<h4 class=\"wp-block-heading\">DEDIZIONE<\/h4>\n\n\n\n<p>Operiamo in modo responsabile e attento, impegnandoci sempre con professionalit\u00e0 e tenacia.<\/p>\n<\/div>\n\n\n\n<div class=\"wp-block-column is-layout-flow wp-block-column-is-layout-flow\">\n<figure class=\"wp-block-image size-large is-resized\"><img decoding=\"async\" src=\"https:\/\/media.algebris.com\/content\/ico-integrity.png\" alt=\"\" style=\"width:44px;height:42px\"\/><\/figure>\n\n\n\n<h4 class=\"wp-block-heading\">INTEGRIT\u00c0 <\/h4>\n\n\n\n<p>Lavoriamo ogni giorno per guadagnarci quanto \u00e8 per noi pi\u00f9 prezioso: la fiducia dei nostri investitori.<\/p>\n<\/div>\n\n\n\n<div class=\"wp-block-column is-layout-flow wp-block-column-is-layout-flow\">\n<figure class=\"wp-block-image size-large is-resized\"><img decoding=\"async\" src=\"https:\/\/media.algebris.com\/content\/ico-account.png\" alt=\"\" style=\"width:39px;height:39px\"\/><\/figure>\n\n\n\n<h4 class=\"wp-block-heading\">RESPONSABILIT\u00c0 <\/h4>\n\n\n\n<p>Investiamo a \u00adfianco dei nostri clienti, mettendo in prima linea il nostro capitale e la nostra reputazione.<\/p>\n<\/div>\n<\/div>\n\n\n\n<div class=\"wp-block-columns is-layout-flex wp-container-core-columns-is-layout-9d6595d7 wp-block-columns-is-layout-flex\">\n<div class=\"wp-block-column is-layout-flow wp-block-column-is-layout-flow\">\n<figure class=\"wp-block-image size-large is-resized\"><img decoding=\"async\" src=\"https:\/\/media.algebris.com\/content\/ico-entrepreneurial.png\" alt=\"\" style=\"width:54px;height:32px\"\/><\/figure>\n\n\n\n<h4 class=\"wp-block-heading\">SPIRITO IMPRENDITORIALE<\/h4>\n\n\n\n<p>Promuoviamo un ambiente lavorativo che incoraggi la creativit\u00e0 e ricompensi lo spirito d\u0092iniziativa.<\/p>\n<\/div>\n\n\n\n<div class=\"wp-block-column is-layout-flow wp-block-column-is-layout-flow\">\n<figure class=\"wp-block-image size-large is-resized\"><img decoding=\"async\" src=\"https:\/\/media.algebris.com\/content\/ico-teamwork.png\" alt=\"\" style=\"width:63px;height:42px\"\/><\/figure>\n\n\n\n<h4 class=\"wp-block-heading\">LAVORO DI SQUADRA<\/h4>\n\n\n\n<p>Ci riteniamo fortunati a lavorare insieme. Crediamo che i risultati migliori siano frutto della condivisione di conoscenze, di esperienze e dello sforzo collettivo.<\/p>\n<\/div>\n\n\n\n<div class=\"wp-block-column is-layout-flow wp-block-column-is-layout-flow\">\n<figure class=\"wp-block-image size-large is-resized\"><img decoding=\"async\" src=\"https:\/\/media.algebris.com\/content\/ico-diversity.png\" alt=\"\" style=\"width:42px;height:48px\"\/><\/figure>\n\n\n\n<h4 class=\"wp-block-heading\">DIVERSIT\u00c0 <\/h4>\n\n\n\n<p>Favoriamo una cultura aziendale aperta e inclusiva. Esperienze differenti, variet\u00e0 di talenti e prospettive originali sono ci\u00f2 che ci ispira e ci rafforza.<\/p>\n<\/div>\n<\/div>\n<\/div><\/div>\n\n\n\n<div class=\"wp-block-columns alignfull responsibility__group is-layout-flex wp-container-core-columns-is-layout-9d6595d7 wp-block-columns-is-layout-flex\">\n<div class=\"wp-block-column is-layout-flow wp-block-column-is-layout-flow\" style=\"flex-basis:33.33%\">\n<h2 class=\"wp-block-heading\">Responsabilit\u00e0<br>Sociale<\/h2>\n\n\n\n<ul class=\"wp-block-list\">\n<li><a href=\"https:\/\/www.algebris.com\/it\/esg\/investimento-responsabile\/\">Investimento Responsabile<\/a><\/li>\n\n\n\n<li><a href=\"https:\/\/www.algebris.com\/it\/esg\/responsabilita-aziendale\/\">Responsabilit\u00e0 Aziendale<\/a><\/li>\n\n\n\n<li><a href=\"https:\/\/www.algebris.com\/it\/esg\/il-nostro-impegno\/\">Il nostro Impegno<\/a><\/li>\n\n\n\n<li><a href=\"https:\/\/www.algebris.com\/it\/esg\/policy-e-disclosure\/\">Policy e Disclosure<\/a><\/li>\n<\/ul>\n<\/div>\n\n\n\n<div class=\"wp-block-column is-layout-flow wp-block-column-is-layout-flow\" style=\"flex-basis:66.66%\">\n<div class=\"wp-block-cover is-light\"><span aria-hidden=\"true\" class=\"wp-block-cover__background has-background-dim-0 has-background-dim\" style=\"background-color:#FFF\"><\/span><img loading=\"lazy\" decoding=\"async\" width=\"1600\" height=\"750\" class=\"wp-block-cover__image-background wp-image-7852\" alt=\"\" src=\"https:\/\/media.algebris.com\/content\/ESG-1.jpg\" data-object-fit=\"cover\" srcset=\"https:\/\/media.algebris.com\/content\/ESG-1.jpg 1600w, https:\/\/media.algebris.com\/content\/ESG-1-500x234.jpg 500w, https:\/\/media.algebris.com\/content\/ESG-1-1024x480.jpg 1024w, https:\/\/media.algebris.com\/content\/ESG-1-768x360.jpg 768w, https:\/\/media.algebris.com\/content\/ESG-1-1536x720.jpg 1536w\" sizes=\"auto, (max-width: 1600px) 100vw, 1600px\" \/><div class=\"wp-block-cover__inner-container is-layout-flow wp-block-cover-is-layout-flow\">\n<p><mark style=\"background-color:rgba(0, 0, 0, 0)\" class=\"has-inline-color has-white-color\">Algebris riconosce il proprio ruolo nel contribuire ad un futuro sostenibile. Non solo ci impegniamo al costante miglioramento dell&#8217;impatto della nostra attivit\u00e0 sia sull&#8217;ambiente sia sulla nostra comunit\u00e0 e societ\u00e0 nel suo complesso, ma promuoviamo anche lo sviluppo di una condotta aziendale sana ed etica, internamente e nei confronti dei nostri stakeholder<\/mark>.<\/p>\n<\/div><\/div>\n<\/div>\n<\/div>\n","protected":false},"excerpt":{"rendered":"<p>Algebris Investments Siamo una societ\u00e0 di gestione del risparmio globale che persegue strategie di&nbsp;investimento long-only e alternative. Ci siamo specializzati nel settore finanziario globale, investendo attraverso la struttura di capitale delle istituzioni finanziarie, sia in azioni sia in obbligazioni. Esperienza, ricerca e diversificazione: i plus della nostra offerta Uno dei punti di forza della nostra [&hellip;]<\/p>\n","protected":false},"author":16,"featured_media":0,"parent":0,"menu_order":85,"comment_status":"closed","ping_status":"closed","template":"templates\/boxed-template.php","meta":{"_acf_changed":false,"footnotes":""},"class_list":["post-3940","page","type-page","status-publish","hentry"],"acf":[],"yoast_head":"<!-- This site is optimized with the Yoast SEO plugin v27.1.1 - https:\/\/yoast.com\/product\/yoast-seo-wordpress\/ -->\n<title>Societ\u00e0 di gestione del risparmio: Algebris Investments<\/title>\n<meta name=\"description\" content=\"Algebris Investments, societ\u00e0 di risparmio di punta a livello globale, \u00e8 specializzata in investimenti a lungo termine e fondi di investimento alternativi.\" \/>\n<meta name=\"robots\" content=\"index, follow, max-snippet:-1, max-image-preview:large, max-video-preview:-1\" \/>\n<link rel=\"canonical\" href=\"https:\/\/www.algebris.com\/it\/il-gruppo\/\" \/>\n<meta property=\"og:locale\" content=\"it_IT\" \/>\n<meta property=\"og:type\" content=\"article\" \/>\n<meta property=\"og:title\" content=\"Societ\u00e0 di gestione del risparmio: Algebris Investments\" \/>\n<meta property=\"og:description\" content=\"Algebris Investments, societ\u00e0 di risparmio di punta a livello globale, \u00e8 specializzata in investimenti a lungo termine e fondi di investimento alternativi.\" \/>\n<meta property=\"og:url\" content=\"https:\/\/www.algebris.com\/it\/il-gruppo\/\" \/>\n<meta property=\"og:site_name\" content=\"Algebris Investments\" \/>\n<meta property=\"article:modified_time\" content=\"2024-12-02T13:59:03+00:00\" \/>\n<meta property=\"og:image\" content=\"https:\/\/media.algebris.com\/content\/ico-commitment.png\" \/>\n<meta name=\"twitter:card\" content=\"summary_large_image\" \/>\n<meta name=\"twitter:label1\" content=\"Est. reading time\" \/>\n\t<meta name=\"twitter:data1\" content=\"6 minutes\" \/>\n<script type=\"application\/ld+json\" class=\"yoast-schema-graph\">{\"@context\":\"https:\/\/schema.org\",\"@graph\":[{\"@type\":\"WebPage\",\"@id\":\"https:\/\/www.algebris.com\/it\/il-gruppo\/\",\"url\":\"https:\/\/www.algebris.com\/it\/il-gruppo\/\",\"name\":\"Societ\u00e0 di gestione del risparmio: Algebris Investments\",\"isPartOf\":{\"@id\":\"https:\/\/www.algebris.com\/it\/#website\"},\"primaryImageOfPage\":{\"@id\":\"https:\/\/www.algebris.com\/it\/il-gruppo\/#primaryimage\"},\"image\":{\"@id\":\"https:\/\/www.algebris.com\/it\/il-gruppo\/#primaryimage\"},\"thumbnailUrl\":\"https:\/\/media.algebris.com\/content\/ico-commitment.png\",\"datePublished\":\"2018-03-14T19:03:43+00:00\",\"dateModified\":\"2024-12-02T13:59:03+00:00\",\"description\":\"Algebris Investments, societ\u00e0 di risparmio di punta a livello globale, \u00e8 specializzata in investimenti a lungo termine e fondi di investimento alternativi.\",\"breadcrumb\":{\"@id\":\"https:\/\/www.algebris.com\/it\/il-gruppo\/#breadcrumb\"},\"inLanguage\":\"it-IT\",\"potentialAction\":[{\"@type\":\"ReadAction\",\"target\":[\"https:\/\/www.algebris.com\/it\/il-gruppo\/\"]}]},{\"@type\":\"ImageObject\",\"inLanguage\":\"it-IT\",\"@id\":\"https:\/\/www.algebris.com\/it\/il-gruppo\/#primaryimage\",\"url\":\"https:\/\/media.algebris.com\/content\/ico-commitment.png\",\"contentUrl\":\"https:\/\/media.algebris.com\/content\/ico-commitment.png\"},{\"@type\":\"BreadcrumbList\",\"@id\":\"https:\/\/www.algebris.com\/it\/il-gruppo\/#breadcrumb\",\"itemListElement\":[{\"@type\":\"ListItem\",\"position\":1,\"name\":\"Home\",\"item\":\"https:\/\/www.algebris.com\/it\/\"},{\"@type\":\"ListItem\",\"position\":2,\"name\":\"Il Gruppo\"}]},{\"@type\":\"WebSite\",\"@id\":\"https:\/\/www.algebris.com\/it\/#website\",\"url\":\"https:\/\/www.algebris.com\/it\/\",\"name\":\"Algebris Investments\",\"description\":\"\",\"publisher\":{\"@id\":\"https:\/\/www.algebris.com\/it\/#organization\"},\"potentialAction\":[{\"@type\":\"SearchAction\",\"target\":{\"@type\":\"EntryPoint\",\"urlTemplate\":\"https:\/\/www.algebris.com\/it\/?s={search_term_string}\"},\"query-input\":{\"@type\":\"PropertyValueSpecification\",\"valueRequired\":true,\"valueName\":\"search_term_string\"}}],\"inLanguage\":\"it-IT\"},{\"@type\":\"Organization\",\"@id\":\"https:\/\/www.algebris.com\/it\/#organization\",\"name\":\"Algebris Investments\",\"url\":\"https:\/\/www.algebris.com\/it\/\",\"logo\":{\"@type\":\"ImageObject\",\"inLanguage\":\"it-IT\",\"@id\":\"https:\/\/www.algebris.com\/it\/#\/schema\/logo\/image\/\",\"url\":\"https:\/\/media.algebris.com\/content\/cropped-logo1.png\",\"contentUrl\":\"https:\/\/media.algebris.com\/content\/cropped-logo1.png\",\"width\":250,\"height\":78,\"caption\":\"Algebris Investments\"},\"image\":{\"@id\":\"https:\/\/www.algebris.com\/it\/#\/schema\/logo\/image\/\"},\"sameAs\":[\"https:\/\/www.linkedin.com\/company\/algebris-investments\/about\/\",\"https:\/\/www.youtube.com\/channel\/UC_MiRdysidJhtSWRVxtH-3g\/featured\"]}]}<\/script>\n<!-- \/ Yoast SEO plugin. -->","yoast_head_json":{"title":"Societ\u00e0 di gestione del risparmio: Algebris Investments","description":"Algebris Investments, societ\u00e0 di risparmio di punta a livello globale, \u00e8 specializzata in investimenti a lungo termine e fondi di investimento alternativi.","robots":{"index":"index","follow":"follow","max-snippet":"max-snippet:-1","max-image-preview":"max-image-preview:large","max-video-preview":"max-video-preview:-1"},"canonical":"https:\/\/www.algebris.com\/it\/il-gruppo\/","og_locale":"it_IT","og_type":"article","og_title":"Societ\u00e0 di gestione del risparmio: Algebris Investments","og_description":"Algebris Investments, societ\u00e0 di risparmio di punta a livello globale, \u00e8 specializzata in investimenti a lungo termine e fondi di investimento alternativi.","og_url":"https:\/\/www.algebris.com\/it\/il-gruppo\/","og_site_name":"Algebris Investments","article_modified_time":"2024-12-02T13:59:03+00:00","og_image":[{"url":"https:\/\/media.algebris.com\/content\/ico-commitment.png","type":"","width":"","height":""}],"twitter_card":"summary_large_image","twitter_misc":{"Est. reading time":"6 minutes"},"schema":{"@context":"https:\/\/schema.org","@graph":[{"@type":"WebPage","@id":"https:\/\/www.algebris.com\/it\/il-gruppo\/","url":"https:\/\/www.algebris.com\/it\/il-gruppo\/","name":"Societ\u00e0 di gestione del risparmio: Algebris Investments","isPartOf":{"@id":"https:\/\/www.algebris.com\/it\/#website"},"primaryImageOfPage":{"@id":"https:\/\/www.algebris.com\/it\/il-gruppo\/#primaryimage"},"image":{"@id":"https:\/\/www.algebris.com\/it\/il-gruppo\/#primaryimage"},"thumbnailUrl":"https:\/\/media.algebris.com\/content\/ico-commitment.png","datePublished":"2018-03-14T19:03:43+00:00","dateModified":"2024-12-02T13:59:03+00:00","description":"Algebris Investments, societ\u00e0 di risparmio di punta a livello globale, \u00e8 specializzata in investimenti a lungo termine e fondi di investimento alternativi.","breadcrumb":{"@id":"https:\/\/www.algebris.com\/it\/il-gruppo\/#breadcrumb"},"inLanguage":"it-IT","potentialAction":[{"@type":"ReadAction","target":["https:\/\/www.algebris.com\/it\/il-gruppo\/"]}]},{"@type":"ImageObject","inLanguage":"it-IT","@id":"https:\/\/www.algebris.com\/it\/il-gruppo\/#primaryimage","url":"https:\/\/media.algebris.com\/content\/ico-commitment.png","contentUrl":"https:\/\/media.algebris.com\/content\/ico-commitment.png"},{"@type":"BreadcrumbList","@id":"https:\/\/www.algebris.com\/it\/il-gruppo\/#breadcrumb","itemListElement":[{"@type":"ListItem","position":1,"name":"Home","item":"https:\/\/www.algebris.com\/it\/"},{"@type":"ListItem","position":2,"name":"Il Gruppo"}]},{"@type":"WebSite","@id":"https:\/\/www.algebris.com\/it\/#website","url":"https:\/\/www.algebris.com\/it\/","name":"Algebris Investments","description":"","publisher":{"@id":"https:\/\/www.algebris.com\/it\/#organization"},"potentialAction":[{"@type":"SearchAction","target":{"@type":"EntryPoint","urlTemplate":"https:\/\/www.algebris.com\/it\/?s={search_term_string}"},"query-input":{"@type":"PropertyValueSpecification","valueRequired":true,"valueName":"search_term_string"}}],"inLanguage":"it-IT"},{"@type":"Organization","@id":"https:\/\/www.algebris.com\/it\/#organization","name":"Algebris Investments","url":"https:\/\/www.algebris.com\/it\/","logo":{"@type":"ImageObject","inLanguage":"it-IT","@id":"https:\/\/www.algebris.com\/it\/#\/schema\/logo\/image\/","url":"https:\/\/media.algebris.com\/content\/cropped-logo1.png","contentUrl":"https:\/\/media.algebris.com\/content\/cropped-logo1.png","width":250,"height":78,"caption":"Algebris Investments"},"image":{"@id":"https:\/\/www.algebris.com\/it\/#\/schema\/logo\/image\/"},"sameAs":["https:\/\/www.linkedin.com\/company\/algebris-investments\/about\/","https:\/\/www.youtube.com\/channel\/UC_MiRdysidJhtSWRVxtH-3g\/featured"]}]}},"_links":{"self":[{"href":"https:\/\/www.algebris.com\/it\/wp-json\/wp\/v2\/pages\/3940","targetHints":{"allow":["GET"]}}],"collection":[{"href":"https:\/\/www.algebris.com\/it\/wp-json\/wp\/v2\/pages"}],"about":[{"href":"https:\/\/www.algebris.com\/it\/wp-json\/wp\/v2\/types\/page"}],"author":[{"embeddable":true,"href":"https:\/\/www.algebris.com\/it\/wp-json\/wp\/v2\/users\/16"}],"replies":[{"embeddable":true,"href":"https:\/\/www.algebris.com\/it\/wp-json\/wp\/v2\/comments?post=3940"}],"version-history":[{"count":4,"href":"https:\/\/www.algebris.com\/it\/wp-json\/wp\/v2\/pages\/3940\/revisions"}],"predecessor-version":[{"id":22948,"href":"https:\/\/www.algebris.com\/it\/wp-json\/wp\/v2\/pages\/3940\/revisions\/22948"}],"wp:attachment":[{"href":"https:\/\/www.algebris.com\/it\/wp-json\/wp\/v2\/media?parent=3940"}],"curies":[{"name":"wp","href":"https:\/\/api.w.org\/{rel}","templated":true}]}}