{"id":4364,"date":"2018-04-10T20:51:59","date_gmt":"2018-04-10T20:51:59","guid":{"rendered":"https:\/\/www.algebris.com\/?page_id=4364"},"modified":"2025-06-23T10:49:59","modified_gmt":"2025-06-23T10:49:59","slug":"disclaimer","status":"publish","type":"page","link":"https:\/\/www.algebris.com\/it\/disclaimer\/","title":{"rendered":"Disclaimer"},"content":{"rendered":"\n<h2 class=\"wp-block-heading\"><strong>Informazioni importanti<\/strong><\/h2>\n\n\n\n<p>Si prega di leggere con attenzione le seguenti informazioni importanti. Sono difatti presenti informazioni rilevanti, di natura legale e regolamentare, relative a quanto disponibile in questo sito web ed ai contenuti prodotti da Algebris Investments (i \u201cContenuti\u201d).<\/p>\n\n\n\n<p>La distribuzione del presente Contenuto potrebbe essere vietata in determinate giurisdizioni. Tutte le informazioni hanno una funzione meramente indicativa ed \u00e8 pertanto responsabilit\u00e0 di ciascuna persona (o delle persone) in possesso del presente Contenuto di informarsi in maniera adeguata e di rispettare tutte le leggi ed i regolamenti vigenti in cascuna giurisdizione in questione. Il presente Contenuto \u00e8 adatto esclusivamente ad investitori professionali. Non bisogna fare affidamento n\u00e8 sulle opinioni n\u00e8 sulle informazioni disponibili nel presente Contenuto quando si prende una decisione d\u2019investimento. Questa \u00e8 una comunicazione di marketing.<\/p>\n\n\n\n<p>Il presente Contenuto \u00e8 stato predisposto da Algebris sulla base di fonti di informazione e analisi ritenute affidabili al momento della pubblicazione sul sito web o, diversamente, alla data di divulgazione. I pareri e le opinioni sono esclusivamente di Algebris e possono variare. Algebris non \u00e8 soggeta ad alcun obbligo di aggiornare tali informazioni e i pareri e le opinioni della stessa possono mutare. Sebbene Algebris impieghi ogni ragionevole accortezza e attenzione per garantire l\u2019accuratezza delle informazioni, potrebbero verificarsi errori od omissioni che esulano dalla sua sfera di controllo, come nel caso di accesso non autorizzato al presente servizio internet, o di errori o malfunzionamenti di sistemi automatizzati, software od operatori in relazione alla trasmissione dei dati.<\/p>\n\n\n\n<p>Nessuna parte del presente Contenuto deve essere, in alcun caso, interpretata quale offerta o sollecitazione di offerta. Eventuali riferimenti a singoli investimenti non devono intendersi come raccomandazione di acquisto o di vendita. Nella misura massima consentita dalla legge, Algebris non si assume alcuna responsabilit\u00e0 per perdite o danni eventualmente cagionati dall\u2019accesso, dall\u2019uso o dall\u2019affidamento fatto sui contenuti o sulle informazioni disponibili nel presente Contenuto.<\/p>\n\n\n\n<p>Salvo quanto espressamente indicato, le informazioni di cui al presente Contenuto non possono, neanche parzialmente, in alcun caso essere copiate, riprodotte o ridistribuite. \u00c8 possibile effettuare il download o stampare copie di parte della documentazione disponibile nel presente Contenuto per usi esclusivamente privati, a condizione che non vengano modificati gli avvisi relativi ai diritti d\u2019autore, ai marchi commerciali o altri diritti proprietari. Tutte le informazioni sulla propriet\u00e0 intellettuale e di altro tipo disponibili nel presente Contenuto continueranno ad essere di propriet\u00e0 di Algebris e all\u2019utente non saranno trasmessi diritti di sorta con riguardo alla stessa.<\/p>\n\n\n\n<p>Nulla di cui al presente Contenuto deve essere inteso quale consulenza finanziaria prestata a titolo personale. Algebris non offre consulenza in materia di investimenti. Le informazioni qui contenute non sono finalizzate a fornire, e non vi si deve fare affidamento per, consulenza contabile, legale o fiscale o raccomandazioni in materia di investimenti. In relazione ai temi trattati, \u00e8 necessario rivolgersi al proprio consulente fiscale, legale, contabile o altres\u00ec specializzato.<\/p>\n\n\n\n<h5 class=\"wp-block-heading\"><strong>Informazioni sulle performance<\/strong><\/h5>\n\n\n\n<p>I rendimenti passati non sono indicativi dei quelli futuri e potrebbero non ripetersi. Il valore delle azioni pu\u00f2 variare sia al rialzo che al ribasso e non \u00e8 garantito. Poich\u00e9 le oscillazioni dei tassi di cambio possono anche determinare fluttuazioni di valore delle azioni, un investitore non pu\u00f2 avere certezza di profitto in relazione a un investimento e potrebbe subire delle perdite finanziarie. I risultati passati sono esposti al lordo degli oneri fiscali.<\/p>\n\n\n\n<h5 class=\"wp-block-heading\"><strong>Link ad altri siti web<\/strong><\/h5>\n\n\n\n<p>Nel presente Contenuto potrebbero essere inseriti collegamenti automatici ad altri siti web non appartenenti ad Algebris. Tali link sono forniti per mera comodit\u00e0. Algebris non si assume alcuna responsabilit\u00e0 per il contenuto di tali siti web o per il suo uso o, ancora, per l\u2019impossibilit\u00e0 di utilizzarli, e i proprietari degli stessi non hanno necessariamente un collegamento, sia esso commerciale o di altro tipo, con Algebris. L\u2019inserimento di qualsiasi link non implica l\u2019affiliazione, la sponsorizzazione, l\u2019appoggio, la verifica, il monitoraggio o l\u2019approvazione da parte di Algebris di qualsiasi informazione contenuta in siti web di propriet\u00e0 di terzi. L\u2019utente deve inoltre essere consapevole del fatto che i termini e le condizioni di tali siti web e l\u2019informativa di cui agli stessi sulla raccolta e l\u2019utilizzo dei dati personali degli utenti possono discostarsi da quelli applicabili all\u2019utilizzo del presente sito web.<\/p>\n\n\n\n<h5 class=\"wp-block-heading\"><strong>Uso dei cookie<\/strong><\/h5>\n\n\n\n<p>A fini di amministrazione del sistema e di analisi statistica, Algebris pu\u00f2 raccogliere informazioni sull\u2019uso generale fatto di internet dall\u2019utente, ricorrendo a un file cookie che viene memorizzato sul disco rigido del computer di quest\u2019ultimo. I cookie, che contengono informazioni che sono trasferite sul disco rigido dell\u2019utente, aiutano Algebris a perfezionare il presente sito web e a fornire un servizio migliore e maggiormente personalizzato, anche memorizzando dati relativi alle preferenze individuali e riconoscendo l\u2019utente quando fa ritorno al sito. \u00c8 possibile rifiutare i cookie attivando l\u2019impostazione del proprio browser che consente di non accettarli. Tuttavia, selezionando tale impostazione, l\u2019accesso ad alcune parti del presente sito web potrebbe risultare interdetto. Salvo che si sia impostato il proprio browser in modo da rifiutare i cookie, il sistema di Algebris produrr\u00e0 dei cookie quando si effettua l\u2019accesso al sito web. Per maggiori informazioni, si prega di prendere visione della nostra <a href=\"https:\/\/www.algebris.com\/it\/cookie-policy\/\">Cookie Policy<\/a>.<\/p>\n\n\n\n<h5 class=\"wp-block-heading\"><strong>Protezione dei dati<\/strong><\/h5>\n\n\n\n<p>Si rimanda all\u2019<a href=\"https:\/\/www.algebris.com\/it\/privacy-policy\/\">Informativa sulla Privacy di Algebris <\/a>per quanto concerne la raccolta e l\u2019utilizzo dei dati personali. I dati personali forniti dall\u2019utente saranno conservati da Algebris nel rispetto della riservatezza e non saranno trasmessi ad altre societ\u00e0 che forniscono prodotti o prestano servizi, fatto salvo per quanto previsto ai sensi delle Informazioni Importanti o della Informativa sulla Privacy di Algebris.<\/p>\n\n\n\n<h5 class=\"wp-block-heading\"><strong>Dati della Societ\u00e0<\/strong><\/h5>\n\n\n\n<p>Algebris (UK) Limited, 11 Waterloo Place, Londra SW1Y 4AU, Regno Unito \u00e8 autorizzata e regolamentata dalla Financial Conduct Authority con FRN 755971 | Algebris Investments (Ireland) Limited, 76 Sir John Rogerson\u2019s Quay, Dublin 2, Irlanda \u00e8 autorizzata e regolamentata dalla Central Bank of Ireland con numero di registrazione C433985 | Algebris Investments (Ireland) Limited opera in Italia tramite la sua Succursale di Milano (Piazza Duomo, Corso Vittorio Emanuele II, 1, 20122, Milano, Italia) e in Svizzera tramite il proprio Ufficio di Zurigo (Weinplatz, 8001, Zurigo) | Algebris Investments (Asia) Pte Limited, 9 Straits View, #05-08 Marina One West Tower, Singapore 018937 \u00e8 una Licensed Fund Management Company presso la Monetary Authority of Singapore con codice aziendale numero J8785 | Algebris Investments (US) Inc., 699 Boylston Street, Suite 1001, Boston, MA 02116, Stati Uniti d\u2019America \u00e8 una Registered Investment Adviser presso la Securities Exchange Commission degli Stati Uniti con CRD 169236.<\/p>\n\n\n\n<p>Gli enti sopra menzionati possono pubblicare Contenuti su questo sito web e sulle pagine e profili social di Algebris.<\/p>\n\n\n\n<h5 class=\"wp-block-heading\"><strong>Contattaci<\/strong><\/h5>\n\n\n\n<p>Sono <a href=\"https:\/\/www.algebris.com\/it\/contatti\/\">qui<\/a> disponibili maggiori informazioni su come contattarci.<\/p>\n\n\n\n<h5 class=\"wp-block-heading\"><strong>Registrazione delle telefonate<\/strong><\/h5>\n\n\n\n<p>Le telefonate ad Algebris o a qualsiasi ente del gruppo Algebris possono essere registrate o monitorate.<\/p>\n\n\n\n<h5 class=\"wp-block-heading\"><strong>Regno Unito<\/strong><\/h5>\n\n\n\n<p>Algebris Investments non sta organizzando, n\u00e8 accettando di organizzare,&nbsp; alcuna operazione in qualsivoglia investimento n\u00e9 sta prestando alcuna attivit\u00e0 che richieda apposita autorizzazione ai sensi del Financial Services and Markets Act 2000 (l\u2019\u201dAtto\u201d). Il presente Contenuto non costituisce o fa parte di qualsivoglia offerta ad emettere o vendere, o sollecitazione di un\u2019offerta a sottoscrivere o acquistare, alcun investimento e n\u00e9 lo stesso, n\u00e9 il fatto che lo stesso venga distribuito, potr\u00e0 mai costituire la base per, o vi si potr\u00e0 mai fare affidamento al fine di, perfezionare alcun contratto.<\/p>\n\n\n\n<p>Il presente Contenuto pu\u00f2 essere fornito &nbsp;solo a persone nei cui confronti sia lecito trasmetterlo ai sensi del The Financial Services and Markets Act 2000 (Financial Promotion) Order 2005, ivi inclusi i soggetti a ci\u00f2 esplicitamente autorizzati ai sensi del Financial Services and Markets Act, determinate persone con esperienza professionale in ambito di investimenti, societ\u00e0\/associazioni e partnership prive di personalit\u00e0 giuridica, fiduciari di trust e individui qualificati come investitori sofisticati certificati. Il presente documento non \u00e8 soggetto al divieto di cui alla Sezione 21 dell\u2019Atto relativo alle comunicazioni, da parte di soggetti non autorizzati ai sensi dell\u2019Atto, che invitino od incentivino ad effettuare attivit\u00e0 di investimento in quanto emesse solo nei confronti di tali categorie di persone.<\/p>\n\n\n\n<h5 class=\"wp-block-heading\"><strong>Italia<\/strong><\/h5>\n\n\n\n<p>Algebris Investments opera in Italia per il tramite della succursale di Algebris Investments (Ireland) Limited con sede a Milano, iscritta all\u2019albo tenuto da Banca d\u2019Italia ai sensi dell\u2019articolo 35 del D.Lgs n. 58\/98 al n. 156 quale Societ\u00e0 di Gestione UE e al n. 346 quale Gestore di FIA UE (Codice Meccanografico 23107).<\/p>\n\n\n\n<h5 class=\"wp-block-heading\"><strong>Germania<\/strong><\/h5>\n\n\n\n<p>Algebris Investments (Ireland) Limited \u00e8 l&#8217;ente Algebris responsabile dei Contenuti in tedesco e relativi alla Germania.<\/p>\n\n\n\n<p>Il presente Contenuto costituisce una comunicazione di marketing che non \u00e8 stata redatta in conformit\u00e0 con la normativa che promuove l&#8217;indipendenza della ricerca finanziaria. Algebris Investments non \u00e8 soggetta ad alcun divieto di negoziazione successiva alla diffusione di ricerche finanziarie.<\/p>\n\n\n\n<h5 class=\"wp-block-heading\"><strong>Copyright<\/strong><\/h5>\n\n\n\n<p>Il Gruppo Algebris ricomprende Algebris (UK) Limited, Algebris Investments (Ireland) Limited, Algebris Investments (US) Inc., Algebris Investments (Asia) Pte Limited, Algebris Investments K.K. ed altre societ\u00e0 non regolamentate quali societ\u00e0 veicolo specializzate (SPV), enti che agiscono quali general partner e holdings.<\/p>\n\n\n\n<p>\u00a9 2025 Algebris Investments. Algebris Investments \u00e8 il nome commerciale del Gruppo Algebris.<\/p>\n","protected":false},"excerpt":{"rendered":"<p>Informazioni importanti Si prega di leggere con attenzione le seguenti informazioni importanti. Sono difatti presenti informazioni rilevanti, di natura legale e regolamentare, relative a quanto disponibile in questo sito web ed ai contenuti prodotti da Algebris Investments (i \u201cContenuti\u201d). La distribuzione del presente Contenuto potrebbe essere vietata in determinate giurisdizioni. Tutte le informazioni hanno una [&hellip;]<\/p>\n","protected":false},"author":5,"featured_media":0,"parent":0,"menu_order":69,"comment_status":"closed","ping_status":"closed","template":"templates\/boxed-template.php","meta":{"_acf_changed":false,"footnotes":""},"class_list":["post-4364","page","type-page","status-publish","hentry"],"acf":[],"yoast_head":"<!-- This site is optimized with the Yoast SEO plugin v27.1.1 - https:\/\/yoast.com\/product\/yoast-seo-wordpress\/ -->\n<title>Disclaimer - Algebris Investments<\/title>\n<meta name=\"robots\" content=\"index, follow, max-snippet:-1, max-image-preview:large, max-video-preview:-1\" \/>\n<link rel=\"canonical\" href=\"https:\/\/www.algebris.com\/it\/disclaimer\/\" \/>\n<meta property=\"og:locale\" content=\"it_IT\" \/>\n<meta property=\"og:type\" content=\"article\" \/>\n<meta property=\"og:title\" content=\"Disclaimer - Algebris Investments\" \/>\n<meta property=\"og:description\" content=\"Informazioni importanti Si prega di leggere con attenzione le seguenti informazioni importanti. Sono difatti presenti informazioni rilevanti, di natura legale e regolamentare, relative a quanto disponibile in questo sito web ed ai contenuti prodotti da Algebris Investments (i \u201cContenuti\u201d). La distribuzione del presente Contenuto potrebbe essere vietata in determinate giurisdizioni. Tutte le informazioni hanno una [&hellip;]\" \/>\n<meta property=\"og:url\" content=\"https:\/\/www.algebris.com\/it\/disclaimer\/\" \/>\n<meta property=\"og:site_name\" content=\"Algebris Investments\" \/>\n<meta property=\"article:modified_time\" content=\"2025-06-23T10:49:59+00:00\" \/>\n<meta name=\"twitter:card\" content=\"summary_large_image\" \/>\n<meta name=\"twitter:label1\" content=\"Est. reading time\" \/>\n\t<meta name=\"twitter:data1\" content=\"7 minutes\" \/>\n<script type=\"application\/ld+json\" class=\"yoast-schema-graph\">{\"@context\":\"https:\/\/schema.org\",\"@graph\":[{\"@type\":\"WebPage\",\"@id\":\"https:\/\/www.algebris.com\/it\/disclaimer\/\",\"url\":\"https:\/\/www.algebris.com\/it\/disclaimer\/\",\"name\":\"Disclaimer - Algebris Investments\",\"isPartOf\":{\"@id\":\"https:\/\/www.algebris.com\/it\/#website\"},\"datePublished\":\"2018-04-10T20:51:59+00:00\",\"dateModified\":\"2025-06-23T10:49:59+00:00\",\"breadcrumb\":{\"@id\":\"https:\/\/www.algebris.com\/it\/disclaimer\/#breadcrumb\"},\"inLanguage\":\"it-IT\",\"potentialAction\":[{\"@type\":\"ReadAction\",\"target\":[\"https:\/\/www.algebris.com\/it\/disclaimer\/\"]}]},{\"@type\":\"BreadcrumbList\",\"@id\":\"https:\/\/www.algebris.com\/it\/disclaimer\/#breadcrumb\",\"itemListElement\":[{\"@type\":\"ListItem\",\"position\":1,\"name\":\"Home\",\"item\":\"https:\/\/www.algebris.com\/it\/\"},{\"@type\":\"ListItem\",\"position\":2,\"name\":\"Disclaimer\"}]},{\"@type\":\"WebSite\",\"@id\":\"https:\/\/www.algebris.com\/it\/#website\",\"url\":\"https:\/\/www.algebris.com\/it\/\",\"name\":\"Algebris Investments\",\"description\":\"\",\"publisher\":{\"@id\":\"https:\/\/www.algebris.com\/it\/#organization\"},\"potentialAction\":[{\"@type\":\"SearchAction\",\"target\":{\"@type\":\"EntryPoint\",\"urlTemplate\":\"https:\/\/www.algebris.com\/it\/?s={search_term_string}\"},\"query-input\":{\"@type\":\"PropertyValueSpecification\",\"valueRequired\":true,\"valueName\":\"search_term_string\"}}],\"inLanguage\":\"it-IT\"},{\"@type\":\"Organization\",\"@id\":\"https:\/\/www.algebris.com\/it\/#organization\",\"name\":\"Algebris Investments\",\"url\":\"https:\/\/www.algebris.com\/it\/\",\"logo\":{\"@type\":\"ImageObject\",\"inLanguage\":\"it-IT\",\"@id\":\"https:\/\/www.algebris.com\/it\/#\/schema\/logo\/image\/\",\"url\":\"https:\/\/media.algebris.com\/content\/cropped-logo1.png\",\"contentUrl\":\"https:\/\/media.algebris.com\/content\/cropped-logo1.png\",\"width\":250,\"height\":78,\"caption\":\"Algebris Investments\"},\"image\":{\"@id\":\"https:\/\/www.algebris.com\/it\/#\/schema\/logo\/image\/\"},\"sameAs\":[\"https:\/\/www.linkedin.com\/company\/algebris-investments\/about\/\",\"https:\/\/www.youtube.com\/channel\/UC_MiRdysidJhtSWRVxtH-3g\/featured\"]}]}<\/script>\n<!-- \/ Yoast SEO plugin. -->","yoast_head_json":{"title":"Disclaimer - Algebris Investments","robots":{"index":"index","follow":"follow","max-snippet":"max-snippet:-1","max-image-preview":"max-image-preview:large","max-video-preview":"max-video-preview:-1"},"canonical":"https:\/\/www.algebris.com\/it\/disclaimer\/","og_locale":"it_IT","og_type":"article","og_title":"Disclaimer - Algebris Investments","og_description":"Informazioni importanti Si prega di leggere con attenzione le seguenti informazioni importanti. Sono difatti presenti informazioni rilevanti, di natura legale e regolamentare, relative a quanto disponibile in questo sito web ed ai contenuti prodotti da Algebris Investments (i \u201cContenuti\u201d). La distribuzione del presente Contenuto potrebbe essere vietata in determinate giurisdizioni. Tutte le informazioni hanno una [&hellip;]","og_url":"https:\/\/www.algebris.com\/it\/disclaimer\/","og_site_name":"Algebris Investments","article_modified_time":"2025-06-23T10:49:59+00:00","twitter_card":"summary_large_image","twitter_misc":{"Est. reading time":"7 minutes"},"schema":{"@context":"https:\/\/schema.org","@graph":[{"@type":"WebPage","@id":"https:\/\/www.algebris.com\/it\/disclaimer\/","url":"https:\/\/www.algebris.com\/it\/disclaimer\/","name":"Disclaimer - Algebris Investments","isPartOf":{"@id":"https:\/\/www.algebris.com\/it\/#website"},"datePublished":"2018-04-10T20:51:59+00:00","dateModified":"2025-06-23T10:49:59+00:00","breadcrumb":{"@id":"https:\/\/www.algebris.com\/it\/disclaimer\/#breadcrumb"},"inLanguage":"it-IT","potentialAction":[{"@type":"ReadAction","target":["https:\/\/www.algebris.com\/it\/disclaimer\/"]}]},{"@type":"BreadcrumbList","@id":"https:\/\/www.algebris.com\/it\/disclaimer\/#breadcrumb","itemListElement":[{"@type":"ListItem","position":1,"name":"Home","item":"https:\/\/www.algebris.com\/it\/"},{"@type":"ListItem","position":2,"name":"Disclaimer"}]},{"@type":"WebSite","@id":"https:\/\/www.algebris.com\/it\/#website","url":"https:\/\/www.algebris.com\/it\/","name":"Algebris Investments","description":"","publisher":{"@id":"https:\/\/www.algebris.com\/it\/#organization"},"potentialAction":[{"@type":"SearchAction","target":{"@type":"EntryPoint","urlTemplate":"https:\/\/www.algebris.com\/it\/?s={search_term_string}"},"query-input":{"@type":"PropertyValueSpecification","valueRequired":true,"valueName":"search_term_string"}}],"inLanguage":"it-IT"},{"@type":"Organization","@id":"https:\/\/www.algebris.com\/it\/#organization","name":"Algebris Investments","url":"https:\/\/www.algebris.com\/it\/","logo":{"@type":"ImageObject","inLanguage":"it-IT","@id":"https:\/\/www.algebris.com\/it\/#\/schema\/logo\/image\/","url":"https:\/\/media.algebris.com\/content\/cropped-logo1.png","contentUrl":"https:\/\/media.algebris.com\/content\/cropped-logo1.png","width":250,"height":78,"caption":"Algebris Investments"},"image":{"@id":"https:\/\/www.algebris.com\/it\/#\/schema\/logo\/image\/"},"sameAs":["https:\/\/www.linkedin.com\/company\/algebris-investments\/about\/","https:\/\/www.youtube.com\/channel\/UC_MiRdysidJhtSWRVxtH-3g\/featured"]}]}},"_links":{"self":[{"href":"https:\/\/www.algebris.com\/it\/wp-json\/wp\/v2\/pages\/4364","targetHints":{"allow":["GET"]}}],"collection":[{"href":"https:\/\/www.algebris.com\/it\/wp-json\/wp\/v2\/pages"}],"about":[{"href":"https:\/\/www.algebris.com\/it\/wp-json\/wp\/v2\/types\/page"}],"author":[{"embeddable":true,"href":"https:\/\/www.algebris.com\/it\/wp-json\/wp\/v2\/users\/5"}],"replies":[{"embeddable":true,"href":"https:\/\/www.algebris.com\/it\/wp-json\/wp\/v2\/comments?post=4364"}],"version-history":[{"count":4,"href":"https:\/\/www.algebris.com\/it\/wp-json\/wp\/v2\/pages\/4364\/revisions"}],"predecessor-version":[{"id":27193,"href":"https:\/\/www.algebris.com\/it\/wp-json\/wp\/v2\/pages\/4364\/revisions\/27193"}],"wp:attachment":[{"href":"https:\/\/www.algebris.com\/it\/wp-json\/wp\/v2\/media?parent=4364"}],"curies":[{"name":"wp","href":"https:\/\/api.w.org\/{rel}","templated":true}]}}