{"id":4366,"date":"2018-04-11T08:23:01","date_gmt":"2018-04-11T08:23:01","guid":{"rendered":"https:\/\/www.algebris.com\/?page_id=4366"},"modified":"2025-02-05T14:26:14","modified_gmt":"2025-02-05T14:26:14","slug":"termini-e-condizioni","status":"publish","type":"page","link":"https:\/\/www.algebris.com\/it\/termini-e-condizioni\/","title":{"rendered":"Termini e Condizioni"},"content":{"rendered":"\n<h2 class=\"wp-block-heading\">Disposizioni generali<\/h2>\n\n\n\n<p>Il presente sito web (il &#8220;Sito&#8221;) \u00e8 gestito da Algebris (UK) Limited (&#8220;Algebris&#8221;). I termini e le condizioni di utilizzo qui esposti (&#8220;Termini di Utilizzo&#8221;) illustrano i termini in base ai quali \u00e8 possibile utilizzare il Sito, nonch\u00e9 le informazioni e i materiali in esso contenuti (i &#8220;Contenuti&#8221;). Utilizzando il Sito, l&#8217;utente accetta i presenti Termini di Utilizzo. Laddove non si accettassero detti Termini di Utilizzo, qualsiasi utilizzo del Sito o dei Contenuti \u00e8 vietato e deve essere immediatamente interrotto.<\/p>\n\n\n\n<p>Algebris avr\u00e0 il diritto di modificare o interrompere in qualsiasi momento qualsivoglia aspetto del Sito o parte dei Contenuti. Algebris pu\u00f2 anche modificare i presenti Termini di Utilizzo senza preavviso alcuno. L&#8217;utente conviene di consultare regolarmente i presenti Termini di Utilizzo e di cessare ogni accesso o utilizzo del Sito qualora non sia pi\u00f9 disposto a rispettarli. Il proseguimento dell&#8217;utilizzo del Sito da parte dell&#8217;utente costituisce accettazione di tali modifiche.<\/p>\n\n\n\n<p>Algebris conferisce all&#8217;utente una licenza limitata e personale ai fini dell&#8217;accesso al Sito e dell&#8217;accesso e del download dei Contenuti, purch\u00e9 ci\u00f2 sia ad esclusivo uso personale. \u00c8 vietato utilizzare, riprodurre, distribuire o visualizzare qualsiasi parte del Sito per qualsivoglia altro scopo, ivi incluso, a titolo meramente esemplificativo, qualunque scopo commerciale.<\/p>\n\n\n\n<p>Fatto salvo per una singola copia temporanea salvata nella memoria di un unico computer o per altro uso corretto (c.d. <em>fair use<\/em>) ai sensi delle leggi applicabili in materia di copyright, le informazioni qui contenute non possono essere utilizzate in alcun altro modo (ossia non possono essere, anche solo parzialmente, copiate, usate, distribuite, noleggiate, concesse in sublicenza, modificate, conservate per uso futuro, ecc. in alcun modo) senza il preventivo consenso scritto di Algebris. \u00c8 possibile utilizzare il Sito e i Contenuti solo per scopi leciti. Algebris si riserva tutti i diritti, anche non espressamente indicati nel presente documento, ivi incluso il diritto di interrompere senza preavviso l&#8217;utilizzo del Sito da parte dell&#8217;utente.<\/p>\n\n\n\n<p>L&#8217;investimento in titoli comporta determinati rischi e Algebris non \u00e8 responsabile di eventuali perdite subite nell&#8217;ambito di investimenti effettuati facendo affidamento su informazioni fornite nel Sito. Si raccomanda vivamente di rivolgersi al proprio consulente finanziario di fiducia. Le informazioni contenute nel Sito e il design di quest&#8217;ultimo sono di propriet\u00e0 di Algebris e\/o dei suoi fornitori di servizi.<\/p>\n\n\n\n<p>Il Sito contiene materiali protetti da copyright, marchi di commercio e marchi di servizio, come pure altre informazioni proprietarie, ivi inclusi, a titolo meramente esemplificativo, testi, software e grafiche, che sono di propriet\u00e0 di Algebris, la quale si riserva tutti i diritti sui Contenuti, e\/o di terzi. L&#8217;utente si impegna a non riprodurre, distribuire, vendere, diffondere, pubblicare, mostrare pubblicamente, ritrasmettere, divulgare, far circolare o sfruttare commercialmente il Sito o i Contenuti o creare opere derivate dagli stessi, senza l&#8217;espresso consenso scritto di Algebris. Inoltre, \u00e8 vietato alterare, oscurare o rimuovere qualsiasi copyright, marchio di commercio o altri avvisi inseriti in relazione al Sito.<\/p>\n\n\n\n<p>L&#8217;utente acconsente ad accedere ai Contenuti e al Sito manualmente, su richiesta, e non in modo automatico, attraverso l&#8217;uso di un programma o con altri mezzi. L&#8217;utente acconsente altres\u00ec ad astenersi dall&#8217;intraprendere, di per s\u00e9 o insieme ad altri, azioni suscettibili di interferire con il funzionamento o la sicurezza del Sito, dall&#8217;alterarlo in qualsiasi modo o dall&#8217;impedire a terzi l&#8217;accesso e il libero godimento e utilizzo dello stesso cos\u00ec come reso disponibile da Algebris.<\/p>\n\n\n\n<p>Il Sito e i Contenuti sono forniti &#8220;cos\u00ec come sono&#8221;. Algebris e ogni altro fornitore delle informazioni dichiarano espressamente di non fornire garanzie di alcun tipo, espresse o tacite, ivi inclusa, a titolo meramente esemplificativo, qualsivoglia garanzia di esattezza, commerciabilit\u00e0, idoneit\u00e0 ad uno scopo specifico o non violazione. Sebbene le informazioni fornite all&#8217;utente sul Sito siano state ottenute o compilate da fonti ritenute affidabili, Algebris non pu\u00f2 e si astiene dal garantire l&#8217;esattezza, la validit\u00e0, la tempestivit\u00e0 o la completezza di qualsiasi informazione o dato messo a disposizione o altrimenti utilizzato sul Sito per qualunque finalit\u00e0 particolare.<\/p>\n\n\n\n<p>Algebris non \u00e8 responsabile per le informazioni presenti su siti web di terzi cui si fa riferimento nel Sito o che sono accessibili mediante quest&#8217;ultimo o collegate ipertestualmente allo stesso. In caso di accesso a siti web di terzi attraverso il Sito, o con altre modalit\u00e0, l&#8217;utente si assume i rischi connessi a tale operazione. La presenza di collegamenti ipertestuali da o verso il Sito non implica l&#8217;appoggio o la sponsorizzazione di tali terzi da parte di Algebris o una loro affiliazione con quest&#8217;ultima.<\/p>\n\n\n\n<p>N\u00e9 Algebris, n\u00e9 alcuna delle rispettive consociate, dei rispettivi amministratori, funzionari o dipendenti, n\u00e9 alcun fornitore terzo risponderanno o saranno in qualsivoglia modo responsabili per le perdite o i danni eventualmente subiti dall&#8217;utente in caso di guasto, malfunzionamento o interruzione del Sito o di una sua parte, o che siano stati cagionati da atto od omissione ad opera di qualsiasi altra parte coinvolta nel rendere disponibile il Sito o i dati in esso contenuti, o determinati da altre cause afferenti all&#8217;accesso, all&#8217;impossibilit\u00e0 di accesso o all&#8217;utilizzo del Sito o dei suoi Contenuti, indipendentemente dal fatto che le circostanze che hanno dato origine a tali cause rientrassero o meno nella sfera di controllo di Algebris o di qualsivoglia altro fornitore di software o servizi di supporto. N\u00e9 Algebris, n\u00e9 alcuna delle rispettive consociate, dei rispettivi azionisti, funzionari, dipendenti, agenti o rappresentanti risponderanno con riguardo ai danni indiretti, incidentali, esemplari, punitivi, speciali o consequenziali derivanti dal o in relazione al Sito, all&#8217;utilizzo o all&#8217;impossibilit\u00e0 di utilizzo del Sito, o dei Contenuti, anche laddove tale parte sia stata informata della possibilit\u00e0 del verificarsi di tali danni. In particolare, Algebris non sar\u00e0 responsabile di eventuali perdite o danni cagionati dall&#8217;affidamento fatto dall&#8217;utente sulle informazioni ottenute attraverso il Sito.<\/p>\n\n\n\n<p>L&#8217;utilizzo del Sito sar\u00e0 regolato dal diritto di Inghilterra e Galles, in conformit\u00e0 al quale deve essere interpretato.<\/p>\n","protected":false},"excerpt":{"rendered":"<p>Disposizioni generali Il presente sito web (il &#8220;Sito&#8221;) \u00e8 gestito da Algebris (UK) Limited (&#8220;Algebris&#8221;). I termini e le condizioni di utilizzo qui esposti (&#8220;Termini di Utilizzo&#8221;) illustrano i termini in base ai quali \u00e8 possibile utilizzare il Sito, nonch\u00e9 le informazioni e i materiali in esso contenuti (i &#8220;Contenuti&#8221;). Utilizzando il Sito, l&#8217;utente accetta [&hellip;]<\/p>\n","protected":false},"author":5,"featured_media":0,"parent":0,"menu_order":65,"comment_status":"closed","ping_status":"closed","template":"templates\/boxed-template.php","meta":{"_acf_changed":false,"footnotes":""},"class_list":["post-4366","page","type-page","status-publish","hentry"],"acf":[],"yoast_head":"<!-- This site is optimized with the Yoast SEO plugin v27.1.1 - https:\/\/yoast.com\/product\/yoast-seo-wordpress\/ -->\n<title>Termini e Condizioni - Algebris Investments<\/title>\n<meta name=\"robots\" content=\"index, follow, max-snippet:-1, max-image-preview:large, max-video-preview:-1\" \/>\n<link rel=\"canonical\" href=\"https:\/\/www.algebris.com\/it\/termini-e-condizioni\/\" \/>\n<meta property=\"og:locale\" content=\"it_IT\" \/>\n<meta property=\"og:type\" content=\"article\" \/>\n<meta property=\"og:title\" content=\"Termini e Condizioni - Algebris Investments\" \/>\n<meta property=\"og:description\" content=\"Disposizioni generali Il presente sito web (il &#8220;Sito&#8221;) \u00e8 gestito da Algebris (UK) Limited (&#8220;Algebris&#8221;). I termini e le condizioni di utilizzo qui esposti (&#8220;Termini di Utilizzo&#8221;) illustrano i termini in base ai quali \u00e8 possibile utilizzare il Sito, nonch\u00e9 le informazioni e i materiali in esso contenuti (i &#8220;Contenuti&#8221;). Utilizzando il Sito, l&#8217;utente accetta [&hellip;]\" \/>\n<meta property=\"og:url\" content=\"https:\/\/www.algebris.com\/it\/termini-e-condizioni\/\" \/>\n<meta property=\"og:site_name\" content=\"Algebris Investments\" \/>\n<meta property=\"article:modified_time\" content=\"2025-02-05T14:26:14+00:00\" \/>\n<meta name=\"twitter:card\" content=\"summary_large_image\" \/>\n<meta name=\"twitter:label1\" content=\"Est. reading time\" \/>\n\t<meta name=\"twitter:data1\" content=\"5 minutes\" \/>\n<script type=\"application\/ld+json\" class=\"yoast-schema-graph\">{\"@context\":\"https:\/\/schema.org\",\"@graph\":[{\"@type\":\"WebPage\",\"@id\":\"https:\/\/www.algebris.com\/it\/termini-e-condizioni\/\",\"url\":\"https:\/\/www.algebris.com\/it\/termini-e-condizioni\/\",\"name\":\"Termini e Condizioni - Algebris Investments\",\"isPartOf\":{\"@id\":\"https:\/\/www.algebris.com\/it\/#website\"},\"datePublished\":\"2018-04-11T08:23:01+00:00\",\"dateModified\":\"2025-02-05T14:26:14+00:00\",\"breadcrumb\":{\"@id\":\"https:\/\/www.algebris.com\/it\/termini-e-condizioni\/#breadcrumb\"},\"inLanguage\":\"it-IT\",\"potentialAction\":[{\"@type\":\"ReadAction\",\"target\":[\"https:\/\/www.algebris.com\/it\/termini-e-condizioni\/\"]}]},{\"@type\":\"BreadcrumbList\",\"@id\":\"https:\/\/www.algebris.com\/it\/termini-e-condizioni\/#breadcrumb\",\"itemListElement\":[{\"@type\":\"ListItem\",\"position\":1,\"name\":\"Home\",\"item\":\"https:\/\/www.algebris.com\/it\/\"},{\"@type\":\"ListItem\",\"position\":2,\"name\":\"Termini e Condizioni\"}]},{\"@type\":\"WebSite\",\"@id\":\"https:\/\/www.algebris.com\/it\/#website\",\"url\":\"https:\/\/www.algebris.com\/it\/\",\"name\":\"Algebris Investments\",\"description\":\"\",\"publisher\":{\"@id\":\"https:\/\/www.algebris.com\/it\/#organization\"},\"potentialAction\":[{\"@type\":\"SearchAction\",\"target\":{\"@type\":\"EntryPoint\",\"urlTemplate\":\"https:\/\/www.algebris.com\/it\/?s={search_term_string}\"},\"query-input\":{\"@type\":\"PropertyValueSpecification\",\"valueRequired\":true,\"valueName\":\"search_term_string\"}}],\"inLanguage\":\"it-IT\"},{\"@type\":\"Organization\",\"@id\":\"https:\/\/www.algebris.com\/it\/#organization\",\"name\":\"Algebris Investments\",\"url\":\"https:\/\/www.algebris.com\/it\/\",\"logo\":{\"@type\":\"ImageObject\",\"inLanguage\":\"it-IT\",\"@id\":\"https:\/\/www.algebris.com\/it\/#\/schema\/logo\/image\/\",\"url\":\"https:\/\/media.algebris.com\/content\/cropped-logo1.png\",\"contentUrl\":\"https:\/\/media.algebris.com\/content\/cropped-logo1.png\",\"width\":250,\"height\":78,\"caption\":\"Algebris Investments\"},\"image\":{\"@id\":\"https:\/\/www.algebris.com\/it\/#\/schema\/logo\/image\/\"},\"sameAs\":[\"https:\/\/www.linkedin.com\/company\/algebris-investments\/about\/\",\"https:\/\/www.youtube.com\/channel\/UC_MiRdysidJhtSWRVxtH-3g\/featured\"]}]}<\/script>\n<!-- \/ Yoast SEO plugin. -->","yoast_head_json":{"title":"Termini e Condizioni - Algebris Investments","robots":{"index":"index","follow":"follow","max-snippet":"max-snippet:-1","max-image-preview":"max-image-preview:large","max-video-preview":"max-video-preview:-1"},"canonical":"https:\/\/www.algebris.com\/it\/termini-e-condizioni\/","og_locale":"it_IT","og_type":"article","og_title":"Termini e Condizioni - Algebris Investments","og_description":"Disposizioni generali Il presente sito web (il &#8220;Sito&#8221;) \u00e8 gestito da Algebris (UK) Limited (&#8220;Algebris&#8221;). I termini e le condizioni di utilizzo qui esposti (&#8220;Termini di Utilizzo&#8221;) illustrano i termini in base ai quali \u00e8 possibile utilizzare il Sito, nonch\u00e9 le informazioni e i materiali in esso contenuti (i &#8220;Contenuti&#8221;). Utilizzando il Sito, l&#8217;utente accetta [&hellip;]","og_url":"https:\/\/www.algebris.com\/it\/termini-e-condizioni\/","og_site_name":"Algebris Investments","article_modified_time":"2025-02-05T14:26:14+00:00","twitter_card":"summary_large_image","twitter_misc":{"Est. reading time":"5 minutes"},"schema":{"@context":"https:\/\/schema.org","@graph":[{"@type":"WebPage","@id":"https:\/\/www.algebris.com\/it\/termini-e-condizioni\/","url":"https:\/\/www.algebris.com\/it\/termini-e-condizioni\/","name":"Termini e Condizioni - Algebris Investments","isPartOf":{"@id":"https:\/\/www.algebris.com\/it\/#website"},"datePublished":"2018-04-11T08:23:01+00:00","dateModified":"2025-02-05T14:26:14+00:00","breadcrumb":{"@id":"https:\/\/www.algebris.com\/it\/termini-e-condizioni\/#breadcrumb"},"inLanguage":"it-IT","potentialAction":[{"@type":"ReadAction","target":["https:\/\/www.algebris.com\/it\/termini-e-condizioni\/"]}]},{"@type":"BreadcrumbList","@id":"https:\/\/www.algebris.com\/it\/termini-e-condizioni\/#breadcrumb","itemListElement":[{"@type":"ListItem","position":1,"name":"Home","item":"https:\/\/www.algebris.com\/it\/"},{"@type":"ListItem","position":2,"name":"Termini e Condizioni"}]},{"@type":"WebSite","@id":"https:\/\/www.algebris.com\/it\/#website","url":"https:\/\/www.algebris.com\/it\/","name":"Algebris Investments","description":"","publisher":{"@id":"https:\/\/www.algebris.com\/it\/#organization"},"potentialAction":[{"@type":"SearchAction","target":{"@type":"EntryPoint","urlTemplate":"https:\/\/www.algebris.com\/it\/?s={search_term_string}"},"query-input":{"@type":"PropertyValueSpecification","valueRequired":true,"valueName":"search_term_string"}}],"inLanguage":"it-IT"},{"@type":"Organization","@id":"https:\/\/www.algebris.com\/it\/#organization","name":"Algebris Investments","url":"https:\/\/www.algebris.com\/it\/","logo":{"@type":"ImageObject","inLanguage":"it-IT","@id":"https:\/\/www.algebris.com\/it\/#\/schema\/logo\/image\/","url":"https:\/\/media.algebris.com\/content\/cropped-logo1.png","contentUrl":"https:\/\/media.algebris.com\/content\/cropped-logo1.png","width":250,"height":78,"caption":"Algebris Investments"},"image":{"@id":"https:\/\/www.algebris.com\/it\/#\/schema\/logo\/image\/"},"sameAs":["https:\/\/www.linkedin.com\/company\/algebris-investments\/about\/","https:\/\/www.youtube.com\/channel\/UC_MiRdysidJhtSWRVxtH-3g\/featured"]}]}},"_links":{"self":[{"href":"https:\/\/www.algebris.com\/it\/wp-json\/wp\/v2\/pages\/4366","targetHints":{"allow":["GET"]}}],"collection":[{"href":"https:\/\/www.algebris.com\/it\/wp-json\/wp\/v2\/pages"}],"about":[{"href":"https:\/\/www.algebris.com\/it\/wp-json\/wp\/v2\/types\/page"}],"author":[{"embeddable":true,"href":"https:\/\/www.algebris.com\/it\/wp-json\/wp\/v2\/users\/5"}],"replies":[{"embeddable":true,"href":"https:\/\/www.algebris.com\/it\/wp-json\/wp\/v2\/comments?post=4366"}],"version-history":[{"count":4,"href":"https:\/\/www.algebris.com\/it\/wp-json\/wp\/v2\/pages\/4366\/revisions"}],"predecessor-version":[{"id":24836,"href":"https:\/\/www.algebris.com\/it\/wp-json\/wp\/v2\/pages\/4366\/revisions\/24836"}],"wp:attachment":[{"href":"https:\/\/www.algebris.com\/it\/wp-json\/wp\/v2\/media?parent=4366"}],"curies":[{"name":"wp","href":"https:\/\/api.w.org\/{rel}","templated":true}]}}