{"id":4368,"date":"2018-06-18T12:42:38","date_gmt":"2018-06-18T12:42:38","guid":{"rendered":"https:\/\/www.algebris.com\/?page_id=4368"},"modified":"2025-02-05T14:23:12","modified_gmt":"2025-02-05T14:23:12","slug":"privacy-policy","status":"publish","type":"page","link":"https:\/\/www.algebris.com\/it\/privacy-policy\/","title":{"rendered":"Privacy Policy"},"content":{"rendered":"\n<h2 class=\"wp-block-heading\">Disposizioni generali<\/h2>\n\n\n\n<p>Ai sensi del Regolamento generale sulla protezione dei dati (&#8220;GDPR&#8221;), in vigore dal 25 maggio 2018, si riporta qui di seguito una copia dell&#8217;informativa sulla privacy di Algebris (UK) Limited (&#8220;Algebris&#8221; o la &#8220;Societ\u00e0&#8221;) (l'&#8221;Informativa&#8221;) al fine di illustrare le modalit\u00e0 di conservazione e di utilizzo dei dati personali in relazione alla fornitura di servizi di gestione discrezionale degli investimenti.&nbsp;&nbsp;&nbsp;&nbsp;&nbsp;&nbsp;<br>Algebris si impegna a proteggere e rispettare i dati personali.&nbsp;<br>La presente Informativa definisce le basi su cui si fonda il trattamento dei dati personali raccolti da Algebris o a quest&#8217;ultima forniti.&nbsp;&nbsp;&nbsp;&nbsp;&nbsp;&nbsp;&nbsp;&nbsp;&nbsp;&nbsp;&nbsp; &nbsp;<br>Il termine &#8220;Gruppo&#8221; indica le controllate e le collegate della Societ\u00e0, come pure la capogruppo della stessa e le relative controllate.<\/p>\n\n\n\n<h5 class=\"wp-block-heading\">La Societ\u00e0 e le sue attivit\u00e0<\/h5>\n\n\n\n<p>Algebris \u00e8 una societ\u00e0 di gestione degli investimenti autorizzata e regolamentata dalla <em>Financial Conduct Authority<\/em>. Agisce in qualit\u00e0 di gestore discrezionale degli investimenti per diversi organismi di investimento collettivo e vari conti gestiti (cc.dd <em>managed account<\/em>).<\/p>\n\n\n\n<p>Sono raccolti i dati personali delle seguenti tipologie di soggetti al fine di poter intraprendere le relative attivit\u00e0 di gestione discrezionale degli investimenti:<\/p>\n\n\n\n<ul class=\"wp-block-list\">\n<li>investitori, attuali e potenziali, in organismi di investimento collettivo e\/o <em>managed account<\/em> per i quali la Societ\u00e0 opera quale gestore degli investimenti;<\/li>\n\n\n\n<li>distributori di fondi e altri partner (ad esempio, agenti locali per i pagamenti, piattaforme di negoziazione di fondi, consulenti);<\/li>\n\n\n\n<li>fornitori e venditori a supporto dei servizi forniti; e<\/li>\n\n\n\n<li>dipendenti, consulenti e lavoratori temporanei.<\/li>\n<\/ul>\n\n\n\n<p>I dati sono raccolti dalla Societ\u00e0 per svolgere le proprie attivit\u00e0 caratteristiche e quelle accessorie.<\/p>\n\n\n\n<h5 class=\"wp-block-heading\">Dati forniti dall&#8217;utente o raccolti presso di esso<\/h5>\n\n\n\n<p>Si tratta di informazioni fornite dall&#8217;utente con riguardo ai servizi di gestione degli investimenti prestati da Algebris e\/o in occasione delle comunicazioni che hanno luogo via telefono, e-mail, per iscritto o con altre modalit\u00e0.<\/p>\n\n\n\n<p>Appartengono a tale categoria i dati che sono trasmessi dall&#8217;utente quando richiede informazioni su un organismo di investimento collettivo per il quale la Societ\u00e0 opera come gestore degli investimenti, quando investe in tale organismo, si iscrive alle mailing list e\/o partecipa ad eventi o incontri organizzati dalla Societ\u00e0. Rientrano in tale categoria anche i dati che l&#8217;utente fornisce quando nomina Algebris quale gestore degli investimenti in relazione al proprio <em>managed account<\/em>.<\/p>\n\n\n\n<p>Le informazioni fornite dall&#8217;utente, o raccolte presso quest&#8217;ultimo, possono includere il nome, l&#8217;indirizzo, la data di nascita, l&#8217;indirizzo e-mail e il numero di telefono personale e\/o aziendale, informazioni finanziarie specifiche e generali, documentazione sensibile e altri dati relativi al passato, a determinate circostanze o all&#8217;esperienza in materia di investimenti, come pure informazioni relative all&#8217;impiego svolto, ivi compreso l&#8217;ottenimento di dati presso pubblici registri tenuti da enti statali e\/o para-statali (ad esempio, la <em>Financial Conduct Authority<\/em>), copie di documenti di identificazione come passaporto o patente di guida, fotografie, link ai profili professionali di pubblico dominio, quali ad esempio LinkedIn, Twitter e\/o un sito web aziendale.<\/p>\n\n\n\n<h5 class=\"wp-block-heading\">Finalit\u00e0 e base giuridica del trattamento<\/h5>\n\n\n\n<p>Algebris utilizza le informazioni di cui \u00e8 in possesso con riguardo all&#8217;utente nei seguenti modi:<\/p>\n\n\n\n<ul class=\"wp-block-list\">\n<li>per poter svolgere la propria attivit\u00e0 di gestione discrezionale degli investimenti;<\/li>\n\n\n\n<li>per poter rispettare i propri obblighi regolamentari e legislativi in materia di tenuta delle registrazioni;<\/li>\n\n\n\n<li>per fornire aggiornamenti periodici sull&#8217;andamento degli organismi di investimento collettivo o dei conti gestiti per i quali Algebris agisce in qualit\u00e0 di gestore degli investimenti;<\/li>\n\n\n\n<li>per adempiere i propri obblighi nascenti da qualsiasi vincolo contrattuale tra la stessa Societ\u00e0, l&#8217;utente e gli organismi di investimento collettivo o i conti gestiti per i quali Algebris agisce in qualit\u00e0 di gestore degli investimenti;<\/li>\n\n\n\n<li>per fornire all&#8217;utente le informazioni, i prodotti e i servizi richiesti o che la Societ\u00e0 ritiene possano risultare d&#8217;interesse in quanto pertinenti per l&#8217;utente, la sua organizzazione e\/o le azioni\/quote da quest&#8217;ultimo detenute in un organismo di investimento collettivo o conto gestito per il quale Algebris agisce in qualit\u00e0 di gestore degli investimenti;<\/li>\n\n\n\n<li>per fornire all&#8217;utente dettagli su altri prodotti e servizi offerti da Algebris simili a quelli che gli sono gi\u00e0 stati forniti o per i quali abbia richiesto informazioni.<\/li>\n<\/ul>\n\n\n\n<p>La base giuridica del trattamento dei dati personali \u00e8 costituita dal perseguimento degli interessi commerciali legittimi della Societ\u00e0, descritti pi\u00f9 approfonditamente alla sezione 4, sebbene in determinate circostanze Algebris si basi anche sul contratto, sugli obblighi di legge e sul consenso prestato per specifici utilizzi dei dati.<\/p>\n\n\n\n<p>La Societ\u00e0 fa riferimento agli obblighi legali qualora sia tenuta per legge a conservare i dati personali al fine di adempiere i propri obblighi legislativi e\/o regolamentari.<\/p>\n\n\n\n<h5 class=\"wp-block-heading\">Gli interessi legittimi commerciali di Algebris<\/h5>\n\n\n\n<p>La presente sezione 4 descrive l&#8217;interesse legittimo della Societ\u00e0 alla raccolta e conservazione dei dati personali.<\/p>\n\n\n\n<p>In qualit\u00e0 di societ\u00e0 di gestione degli investimenti, Algebris fornisce servizi di gestione discrezionale degli investimenti a una serie di organismi di investimento collettivo e <em>managed account<\/em>. In tale veste, una parte fondamentale ed essenziale dell&#8217;attivit\u00e0 della Societ\u00e0 \u00e8 costituita dallo scambio dei dati personali tra: la Societ\u00e0; l&#8217;utente; gli organismi di investimento collettivo o i <em>managed account<\/em> (per i quali la Societ\u00e0 agisce come gestore degli investimenti); taluni terzi (incaricati di prestare servizi accessori direttamente connessi all&#8217;attivit\u00e0 di gestione discrezionale degli investimenti svolta dalla Societ\u00e0); e organismi statali e para-statali internazionali.<\/p>\n\n\n\n<p>Al fine di dare supporto ai menzionati organismi di investimento collettivo e <em>managed account<\/em> per i quali opera come gestore degli investimenti, la Societ\u00e0 conserva banche dati di informazioni personali relative agli investitori, attuali o potenziali, di tali organismi e conti gestiti, nelle quali sono memorizzati dati sia presenti che passati del tipo descritto nella sezione 2 di cui sopra.<\/p>\n\n\n\n<p>Al fine di mantenere, ampliare e sviluppare la propria attivit\u00e0, Algebris deve registrare i dati personali degli investitori, attuali o potenziali, degli organismi di investimento collettivo gestiti.<\/p>\n\n\n\n<h5 class=\"wp-block-heading\">Comunicazione dei dati personali all&#8217;interno e all&#8217;esterno dello Spazio Economico Europeo (SEE)<\/h5>\n\n\n\n<p>I dati relativi all&#8217;utente potrebbero essere comunicati alle consociate di Algebris o a terzi, compresi l&#8217;amministratore, i <em>prime broker<\/em> e i depositari degli organismi di investimento collettivo e\/o dei conti gestiti da Algebris, ai fini dell&#8217;ordinaria attivit\u00e0 di quest&#8217;ultima, ad esempio per agevolare le operazioni, mantenere il\/i conto\/i dell&#8217;utente o dar seguito ai provvedimenti giudiziali e alle indagini giudiziarie. La legislazione antiriciclaggio o altre disposizioni analoghe potrebbero, inoltre, imporre la divulgazione di informazioni relative agli investitori ai fini dell&#8217;accettazione delle loro sottoscrizioni o per agevolare l&#8217;instaurazione di rapporti d&#8217;affari con gli intermediari esecutori o altre controparti commerciali. Inoltre, i dati relativi all&#8217;utente possono essere divulgati anche qualora egli impartisca disposizioni in tal senso.<\/p>\n\n\n\n<p>La Societ\u00e0 potrebbe altres\u00ec condividere i dati personali con le proprie consociate per finalit\u00e0 di marketing diretto, quali l&#8217;offerta di prodotti e servizi da parte dell&#8217;una o delle altre. \u00c8 possibile impedire tale condivisione di informazioni contattando Algebris come descritto nella presente informativa sulla privacy. Informazioni sulle operazioni ed esperienze dell&#8217;utente potrebbero essere divulgate dalla Societ\u00e0 alle proprie consociate anche per finalit\u00e0 di ordinaria gestione di queste ultime. I dati relativi ai <em>nuovi<\/em> investitori potrebbero essere condivisi da Algebris con le consociate in conformit\u00e0 alla presente informativa sulla privacy. Laddove l&#8217;utente <em>non<\/em> sia <em>pi\u00f9<\/em> investitore della Societ\u00e0, quest&#8217;ultima potrebbe continuare a condividere le informazioni che lo riguardano come descritto nel presente documento.<\/p>\n\n\n\n<p>I dati personali non sono condivisi con entit\u00e0 che non sono consociate di Algebris per consentire loro di effettuare attivit\u00e0 di vendita nei confronti dell&#8217;utente.<\/p>\n\n\n\n<p>In aggiunta a quanto sopra, \u00e8 possibile che i dati personali siano trasmessi a terzi nelle seguenti circostanze:<\/p>\n\n\n\n<ul class=\"wp-block-list\">\n<li>nell&#8217;ipotesi di vendita o acquisto di un ramo d&#8217;azienda e\/o di asset da parte di Algebris, nel qual caso quest&#8217;ultima potrebbe divulgare i dati al potenziale venditore o acquirente;<\/li>\n\n\n\n<li>nell&#8217;ipotesi di acquisizione, da parte di un terzo, di Algebris o sostanzialmente della totalit\u00e0 del suo patrimonio, nel qual caso i dati personali in possesso della stessa relativamente ai clienti e\/o investitori costituiranno uno dei beni oggetto di trasferimento.<\/li>\n<\/ul>\n\n\n\n<p>I dati personali possono essere comunicati o condivisi laddove la Societ\u00e0 sia tenuta ad agire in tal senso al fine di ottemperare a qualsiasi obbligo legislativo e\/o regolamentare, o al fine di far valere o applicare le proprie condizioni d&#8217;uso e altri contratti; o, ancora, al fine di tutelare i diritti, le propriet\u00e0 o la sicurezza di Algebris, dei suoi clienti e\/o investitori o di altri soggetti.<\/p>\n\n\n\n<p>La base giuridica del trattamento dei dati personali da parte di terzi includer\u00e0:<\/p>\n\n\n\n<ul class=\"wp-block-list\">\n<li>il perseguimento dei loro legittimi interessi commerciali al trattamento, nella maggior parte dei casi allo scopo di agevolare la prestazione dei servizi accessori ad Algebris e\/o agli organismi di investimento collettivo e\/o ai conti gestiti per i quali essa opera in qualit\u00e0 di gestore degli investimenti;<\/li>\n\n\n\n<li>l&#8217;adempimento delle proprie obbligazioni contrattuali nei confronti di Algebris in quanto responsabili del trattamento dei dati;<\/li>\n\n\n\n<li>l&#8217;esecuzione di un contratto in essere o di possibile stipulazione;<\/li>\n\n\n\n<li>l&#8217;adempimento degli obblighi di legge e\/o regolamentari a carico degli stessi.<\/li>\n<\/ul>\n\n\n\n<h5 class=\"wp-block-heading\">Luogo di conservazione e trattamento dei dati personali<\/h5>\n\n\n\n<p>I dati raccolti possono essere\/saranno trasferiti e conservati in una localit\u00e0 al di fuori dello Spazio Economico Europeo (&#8220;SEE&#8221;). Il trasferimento pu\u00f2 avere luogo verso terzi ubicati al di fuori dello SEE in modo da consentire ad Algebris di fornire i servizi di gestione discrezionale degli investimenti. Il trattamento potr\u00e0 essere\/sar\u00e0 effettuato anche da personale operante al di fuori dello SEE al quale si appoggia la Societ\u00e0 o uno dei fornitori della stessa. Tale circostanza riguarda anche il personale impegnato nella fornitura dei servizi di gestione discrezionale degli investimenti. Inviando i propri dati personali, l&#8217;utente acconsente a tale trasferimento, conservazione e\/o trattamento. Algebris adotter\u00e0 tutte le misure ragionevolmente necessarie per garantire che i dati personali siano trattati in modo sicuro e nel rispetto della presente informativa sulla privacy.<\/p>\n\n\n\n<h5 class=\"wp-block-heading\">Periodo di conservazione dei dati personali<\/h5>\n\n\n\n<p>Algebris, consapevole dell&#8217;obbligo legale di conservare dati personali esatti, li conserva solamente per il tempo necessario al perseguimento dei propri interessi commerciali legittimi, confidando di trovare in ci\u00f2 l&#8217;accordo dell&#8217;utente. La Societ\u00e0 ha pertanto posto in atto una politica di conservazione dei dati ed esegue procedure di routine volte a eliminare i dati per i quali non sussiste pi\u00f9 alcun interesse commerciale legittimo alla conservazione.<\/p>\n\n\n\n<h5 class=\"wp-block-heading\">I diritti dell&#8217;utente<\/h5>\n\n\n\n<p>Il GDPR riconosce all&#8217;utente il diritto:<\/p>\n\n\n\n<ul class=\"wp-block-list\">\n<li>di richiedere la correzione dei dati personali in possesso della Societ\u00e0: in tal modo \u00e8 possibile correggere qualsiasi informazione incompleta o inesatta;<\/li>\n\n\n\n<li>di richiedere la cancellazione dei dati personali: in tal modo l&#8217;utente pu\u00f2 richiedere la cancellazione o l&#8217;eliminazione dei dati personali laddove non sussistano validi motivi per proseguire il trattamento da parte della Societ\u00e0. L&#8217;utente \u00e8 altres\u00ec legittimato a chiedere la cancellazione o l&#8217;eliminazione dei propri dati qualora abbia esercitato il diritto di opposizione al trattamento (cfr. sotto);<\/li>\n\n\n\n<li>di opporsi al trattamento dei dati personali nel caso in cui esso si basi su un interesse legittimo della Societ\u00e0 (o di un terzo) e la specifica situazione dell&#8217;utente lo induca ad opporsi al trattamento effettuato su tale base. L&#8217;utente ha, inoltre, il diritto di opporsi al trattamento dei dati personali effettuato per scopi di marketing diretto;<\/li>\n\n\n\n<li>di richiedere la limitazione del trattamento dei propri dati personali, potendo in tal modo chiederne la sospensione, ad esempio quando desidera che siano verificate l&#8217;esattezza dei dati e le ragioni del trattamento;<\/li>\n\n\n\n<li>di richiedere il trasferimento dei dati personali a terzi in determinati formati, ove possibile;<\/li>\n\n\n\n<li>di avanzare un reclamo a un&#8217;autorit\u00e0 di controllo, che nel Regno Unito \u00e8 costituita dall&#8217;<em>Information Commissioner&#8217;s Office<\/em>. \u00c8 possibile contattare l&#8217;ICO tramite il link <a href=\"https:\/\/ico.org.uk\/concerns\/\">https:\/\/ico.org.uk\/concerns\/<\/a>.<\/li>\n<\/ul>\n\n\n\n<h5 class=\"wp-block-heading\">Accesso alle informazioni<\/h5>\n\n\n\n<p>Il <em>Data Protection Act<\/em> del 1998 e il GDPR riconoscono all&#8217;utente il diritto di accedere alle informazioni che lo riguardano. La Societ\u00e0 invita, inoltre, gli interessati a mettersi in contatto al fine di assicurarsi circa l&#8217;esattezza e la completezza dei propri dati. Il diritto di accesso pu\u00f2 essere esercitato in conformit\u00e0 al <em>Data Protection Act<\/em> e al GDPR.<\/p>\n\n\n\n<p>Un&#8217;eventuale richiesta di accesso da parte dell&#8217;utente deve essere presentata scrivendo a <a rel=\"noreferrer noopener\" href=\"mailto:dataprotection@algebris.com\" target=\"_blank\">dataprotection@algebris.com<\/a>.<\/p>\n\n\n\n<h5 class=\"wp-block-heading\">Modifiche all&#8217;informativa sulla privacy<\/h5>\n\n\n\n<p>Eventuali future modifiche all&#8217;informativa sulla privacy di Algebris saranno pubblicate sul sito web della Societ\u00e0 e, ove del caso, comunicate agli interessati via e-mail. Si invita a consultare periodicamente l&#8217;informativa sulla privacy per assicurarsi di essere sempre al corrente dei propri diritti.<\/p>\n\n\n\n<h5 class=\"wp-block-heading\">Contatto<\/h5>\n\n\n\n<p>La Societ\u00e0 \u00e8 lieta di ricevere eventuali domande, commenti e richieste riguardanti la presente informativa sulla privacy, da indirizzare a <a href=\"mailto:dataprotection@algebris.com\">dataprotection@algebris.com<\/a>.<\/p>\n\n\n\n<p>Ai fini della legislazione in materia di protezione dei dati di volta in volta in vigore, il titolare del trattamento \u00e8 Algebris (UK) Limited, First Floor, 11 Waterloo Place, Londra, SW1Y 4AU.<\/p>\n","protected":false},"excerpt":{"rendered":"<p>Disposizioni generali Ai sensi del Regolamento generale sulla protezione dei dati (&#8220;GDPR&#8221;), in vigore dal 25 maggio 2018, si riporta qui di seguito una copia dell&#8217;informativa sulla privacy di Algebris (UK) Limited (&#8220;Algebris&#8221; o la &#8220;Societ\u00e0&#8221;) (l&#8217;&#8221;Informativa&#8221;) al fine di illustrare le modalit\u00e0 di conservazione e di utilizzo dei dati personali in relazione alla fornitura [&hellip;]<\/p>\n","protected":false},"author":5,"featured_media":0,"parent":0,"menu_order":49,"comment_status":"closed","ping_status":"closed","template":"templates\/boxed-template.php","meta":{"_acf_changed":false,"footnotes":""},"class_list":["post-4368","page","type-page","status-publish","hentry"],"acf":[],"yoast_head":"<!-- This site is optimized with the Yoast SEO plugin v27.1.1 - https:\/\/yoast.com\/product\/yoast-seo-wordpress\/ -->\n<title>Privacy Policy - Algebris Investments<\/title>\n<meta name=\"robots\" content=\"index, follow, max-snippet:-1, max-image-preview:large, max-video-preview:-1\" \/>\n<link rel=\"canonical\" href=\"https:\/\/www.algebris.com\/it\/privacy-policy\/\" \/>\n<meta property=\"og:locale\" content=\"it_IT\" \/>\n<meta property=\"og:type\" content=\"article\" \/>\n<meta property=\"og:title\" content=\"Privacy Policy - Algebris Investments\" \/>\n<meta property=\"og:description\" content=\"Disposizioni generali Ai sensi del Regolamento generale sulla protezione dei dati (&#8220;GDPR&#8221;), in vigore dal 25 maggio 2018, si riporta qui di seguito una copia dell&#8217;informativa sulla privacy di Algebris (UK) Limited (&#8220;Algebris&#8221; o la &#8220;Societ\u00e0&#8221;) (l&#039;&#8221;Informativa&#8221;) al fine di illustrare le modalit\u00e0 di conservazione e di utilizzo dei dati personali in relazione alla fornitura [&hellip;]\" \/>\n<meta property=\"og:url\" content=\"https:\/\/www.algebris.com\/it\/privacy-policy\/\" \/>\n<meta property=\"og:site_name\" content=\"Algebris Investments\" \/>\n<meta property=\"article:modified_time\" content=\"2025-02-05T14:23:12+00:00\" \/>\n<meta name=\"twitter:card\" content=\"summary_large_image\" \/>\n<meta name=\"twitter:label1\" content=\"Est. reading time\" \/>\n\t<meta name=\"twitter:data1\" content=\"9 minutes\" \/>\n<script type=\"application\/ld+json\" class=\"yoast-schema-graph\">{\"@context\":\"https:\/\/schema.org\",\"@graph\":[{\"@type\":\"WebPage\",\"@id\":\"https:\/\/www.algebris.com\/it\/privacy-policy\/\",\"url\":\"https:\/\/www.algebris.com\/it\/privacy-policy\/\",\"name\":\"Privacy Policy - Algebris Investments\",\"isPartOf\":{\"@id\":\"https:\/\/www.algebris.com\/it\/#website\"},\"datePublished\":\"2018-06-18T12:42:38+00:00\",\"dateModified\":\"2025-02-05T14:23:12+00:00\",\"breadcrumb\":{\"@id\":\"https:\/\/www.algebris.com\/it\/privacy-policy\/#breadcrumb\"},\"inLanguage\":\"it-IT\",\"potentialAction\":[{\"@type\":\"ReadAction\",\"target\":[\"https:\/\/www.algebris.com\/it\/privacy-policy\/\"]}]},{\"@type\":\"BreadcrumbList\",\"@id\":\"https:\/\/www.algebris.com\/it\/privacy-policy\/#breadcrumb\",\"itemListElement\":[{\"@type\":\"ListItem\",\"position\":1,\"name\":\"Home\",\"item\":\"https:\/\/www.algebris.com\/it\/\"},{\"@type\":\"ListItem\",\"position\":2,\"name\":\"Privacy Policy\"}]},{\"@type\":\"WebSite\",\"@id\":\"https:\/\/www.algebris.com\/it\/#website\",\"url\":\"https:\/\/www.algebris.com\/it\/\",\"name\":\"Algebris Investments\",\"description\":\"\",\"publisher\":{\"@id\":\"https:\/\/www.algebris.com\/it\/#organization\"},\"potentialAction\":[{\"@type\":\"SearchAction\",\"target\":{\"@type\":\"EntryPoint\",\"urlTemplate\":\"https:\/\/www.algebris.com\/it\/?s={search_term_string}\"},\"query-input\":{\"@type\":\"PropertyValueSpecification\",\"valueRequired\":true,\"valueName\":\"search_term_string\"}}],\"inLanguage\":\"it-IT\"},{\"@type\":\"Organization\",\"@id\":\"https:\/\/www.algebris.com\/it\/#organization\",\"name\":\"Algebris Investments\",\"url\":\"https:\/\/www.algebris.com\/it\/\",\"logo\":{\"@type\":\"ImageObject\",\"inLanguage\":\"it-IT\",\"@id\":\"https:\/\/www.algebris.com\/it\/#\/schema\/logo\/image\/\",\"url\":\"https:\/\/media.algebris.com\/content\/cropped-logo1.png\",\"contentUrl\":\"https:\/\/media.algebris.com\/content\/cropped-logo1.png\",\"width\":250,\"height\":78,\"caption\":\"Algebris Investments\"},\"image\":{\"@id\":\"https:\/\/www.algebris.com\/it\/#\/schema\/logo\/image\/\"},\"sameAs\":[\"https:\/\/www.linkedin.com\/company\/algebris-investments\/about\/\",\"https:\/\/www.youtube.com\/channel\/UC_MiRdysidJhtSWRVxtH-3g\/featured\"]}]}<\/script>\n<!-- \/ Yoast SEO plugin. -->","yoast_head_json":{"title":"Privacy Policy - Algebris Investments","robots":{"index":"index","follow":"follow","max-snippet":"max-snippet:-1","max-image-preview":"max-image-preview:large","max-video-preview":"max-video-preview:-1"},"canonical":"https:\/\/www.algebris.com\/it\/privacy-policy\/","og_locale":"it_IT","og_type":"article","og_title":"Privacy Policy - Algebris Investments","og_description":"Disposizioni generali Ai sensi del Regolamento generale sulla protezione dei dati (&#8220;GDPR&#8221;), in vigore dal 25 maggio 2018, si riporta qui di seguito una copia dell&#8217;informativa sulla privacy di Algebris (UK) Limited (&#8220;Algebris&#8221; o la &#8220;Societ\u00e0&#8221;) (l'&#8221;Informativa&#8221;) al fine di illustrare le modalit\u00e0 di conservazione e di utilizzo dei dati personali in relazione alla fornitura [&hellip;]","og_url":"https:\/\/www.algebris.com\/it\/privacy-policy\/","og_site_name":"Algebris Investments","article_modified_time":"2025-02-05T14:23:12+00:00","twitter_card":"summary_large_image","twitter_misc":{"Est. reading time":"9 minutes"},"schema":{"@context":"https:\/\/schema.org","@graph":[{"@type":"WebPage","@id":"https:\/\/www.algebris.com\/it\/privacy-policy\/","url":"https:\/\/www.algebris.com\/it\/privacy-policy\/","name":"Privacy Policy - Algebris Investments","isPartOf":{"@id":"https:\/\/www.algebris.com\/it\/#website"},"datePublished":"2018-06-18T12:42:38+00:00","dateModified":"2025-02-05T14:23:12+00:00","breadcrumb":{"@id":"https:\/\/www.algebris.com\/it\/privacy-policy\/#breadcrumb"},"inLanguage":"it-IT","potentialAction":[{"@type":"ReadAction","target":["https:\/\/www.algebris.com\/it\/privacy-policy\/"]}]},{"@type":"BreadcrumbList","@id":"https:\/\/www.algebris.com\/it\/privacy-policy\/#breadcrumb","itemListElement":[{"@type":"ListItem","position":1,"name":"Home","item":"https:\/\/www.algebris.com\/it\/"},{"@type":"ListItem","position":2,"name":"Privacy Policy"}]},{"@type":"WebSite","@id":"https:\/\/www.algebris.com\/it\/#website","url":"https:\/\/www.algebris.com\/it\/","name":"Algebris Investments","description":"","publisher":{"@id":"https:\/\/www.algebris.com\/it\/#organization"},"potentialAction":[{"@type":"SearchAction","target":{"@type":"EntryPoint","urlTemplate":"https:\/\/www.algebris.com\/it\/?s={search_term_string}"},"query-input":{"@type":"PropertyValueSpecification","valueRequired":true,"valueName":"search_term_string"}}],"inLanguage":"it-IT"},{"@type":"Organization","@id":"https:\/\/www.algebris.com\/it\/#organization","name":"Algebris Investments","url":"https:\/\/www.algebris.com\/it\/","logo":{"@type":"ImageObject","inLanguage":"it-IT","@id":"https:\/\/www.algebris.com\/it\/#\/schema\/logo\/image\/","url":"https:\/\/media.algebris.com\/content\/cropped-logo1.png","contentUrl":"https:\/\/media.algebris.com\/content\/cropped-logo1.png","width":250,"height":78,"caption":"Algebris Investments"},"image":{"@id":"https:\/\/www.algebris.com\/it\/#\/schema\/logo\/image\/"},"sameAs":["https:\/\/www.linkedin.com\/company\/algebris-investments\/about\/","https:\/\/www.youtube.com\/channel\/UC_MiRdysidJhtSWRVxtH-3g\/featured"]}]}},"_links":{"self":[{"href":"https:\/\/www.algebris.com\/it\/wp-json\/wp\/v2\/pages\/4368","targetHints":{"allow":["GET"]}}],"collection":[{"href":"https:\/\/www.algebris.com\/it\/wp-json\/wp\/v2\/pages"}],"about":[{"href":"https:\/\/www.algebris.com\/it\/wp-json\/wp\/v2\/types\/page"}],"author":[{"embeddable":true,"href":"https:\/\/www.algebris.com\/it\/wp-json\/wp\/v2\/users\/5"}],"replies":[{"embeddable":true,"href":"https:\/\/www.algebris.com\/it\/wp-json\/wp\/v2\/comments?post=4368"}],"version-history":[{"count":4,"href":"https:\/\/www.algebris.com\/it\/wp-json\/wp\/v2\/pages\/4368\/revisions"}],"predecessor-version":[{"id":24833,"href":"https:\/\/www.algebris.com\/it\/wp-json\/wp\/v2\/pages\/4368\/revisions\/24833"}],"wp:attachment":[{"href":"https:\/\/www.algebris.com\/it\/wp-json\/wp\/v2\/media?parent=4368"}],"curies":[{"name":"wp","href":"https:\/\/api.w.org\/{rel}","templated":true}]}}